{"id":35,"date":"2012-01-06T19:00:56","date_gmt":"2012-01-06T19:00:56","guid":{"rendered":"https:\/\/blogs.ua.es\/ladefensadelindio\/?page_id=35"},"modified":"2012-01-26T20:02:12","modified_gmt":"2012-01-26T20:02:12","slug":"introduccion-general","status":"publish","type":"page","link":"https:\/\/blogs.ua.es\/ladefensadelindio\/introduccion-general\/","title":{"rendered":"Introducci\u00f3n general"},"content":{"rendered":"<p style=\"text-align: justify\">Estudiaremos a lo largo de este blog el tema de la defensa del indio. Para eso, es necesario recordar qui\u00e9nes eran estos indios y porqu\u00e9 hubo una defensa a favor de ellos. El 12 de octubre de 1492, <strong>Cristobal Col\u00f3n<\/strong> dio a conocer a la poblaci\u00f3n que descubri\u00f3 con el nombre de \u00abindios\u00bb pensando haber llegado a las Indias. En cuanto al origen de los <strong>indios<\/strong>, surgieron las m\u00e1s dispares y curiosas teor\u00edas, recogidas por el dominico, Gregorio Garc\u00eda en un libro publicado en 1607. Las primeras como la de <strong>Bartolom\u00e9 de Las Casas<\/strong>, se inclinaron por un origen b\u00edblico, o mediterr\u00e1neo. Los indios vendr\u00edan de la dispersi\u00f3n de Babel. Otros defend\u00edan el origen europeo del indio,sobretodo espa\u00f1ol, denunciando las similitudes lingu\u00edsticas entre el vasco y algunas lenguas americanas, como la del inca. Hab\u00eda tambi\u00e9n la teor\u00eda del origen oce\u00e1nico del indio. Las \u00faltimas conclusiones, indicando la diversidad \u00e9tnica del hombre americano, promueve un origen m\u00faltiple a trav\u00e9s del estrecho de Bering, y por v\u00eda mar\u00edtima del Pac\u00edfico.<\/p>\n<p style=\"text-align: justify\">Entonces, estos indios ya estaban instalados cuando los europeos llegaron a sus tierras. La llegada de Critobal Col\u00f3n y de sus compatriotas en Am\u00e9rica, gener\u00f3 la desaparici\u00f3n de un pueblo y de una entidad. El origen de la defensa de los indios remonta a los contactos iniciales que los europeos establecieron con los habitantes del Nuevo Mundo. Si existi\u00f3 y sigue existiendo hoy en d\u00eda el concepto de la defensa del indio, fue porque despu\u00e9s del decubrimiento de una nueva tierra, los europeos cometieron muchas atrocidades hac\u00eda las poblaciones de estas tierras.<\/p>\n<p style=\"text-align: justify\">Para llevar a cabo el estudio sobre la defensa del indio, trataremos primero de la conquista de Am\u00e9rica. Veremos <strong>cuales fueron sus principales caracter\u00edsticas y consecuencias<\/strong>.Analisaremos tambi\u00e9n <strong>c\u00f3mo fue la relaci\u00f3n entre europeos y nativos a principios del siglo XV<\/strong>, y <strong>c\u00f3mo fueron los primeros encuentros<\/strong>.Para terminar, el punto m\u00e1s esencial de nuestro trabajo consistir\u00e1 en desarrollar la acci\u00f3n de los defensores de los indios, y nos centraremos sobretodo en la acci\u00f3n de Bartolom\u00e9 de Las Casas, el defensor por exelencia de los indios.<\/p>\n<p style=\"text-align: justify\">\n","protected":false},"excerpt":{"rendered":"<p>Estudiaremos a lo largo de este blog el tema de la defensa del indio. Para eso, es necesario recordar qui\u00e9nes eran estos indios y porqu\u00e9 hubo una defensa a favor de ellos. El 12 de octubre de 1492, Cristobal Col\u00f3n &hellip; <a href=\"https:\/\/blogs.ua.es\/ladefensadelindio\/introduccion-general\/\">Continue reading <span class=\"meta-nav\">&rarr;<\/span><\/a><\/p>\n","protected":false},"author":2245,"featured_media":0,"parent":0,"menu_order":1,"comment_status":"open","ping_status":"open","template":"","meta":{"footnotes":""},"class_list":["post-35","page","type-page","status-publish","hentry"],"_links":{"self":[{"href":"https:\/\/blogs.ua.es\/ladefensadelindio\/wp-json\/wp\/v2\/pages\/35","targetHints":{"allow":["GET"]}}],"collection":[{"href":"https:\/\/blogs.ua.es\/ladefensadelindio\/wp-json\/wp\/v2\/pages"}],"about":[{"href":"https:\/\/blogs.ua.es\/ladefensadelindio\/wp-json\/wp\/v2\/types\/page"}],"author":[{"embeddable":true,"href":"https:\/\/blogs.ua.es\/ladefensadelindio\/wp-json\/wp\/v2\/users\/2245"}],"replies":[{"embeddable":true,"href":"https:\/\/blogs.ua.es\/ladefensadelindio\/wp-json\/wp\/v2\/comments?post=35"}],"version-history":[{"count":17,"href":"https:\/\/blogs.ua.es\/ladefensadelindio\/wp-json\/wp\/v2\/pages\/35\/revisions"}],"predecessor-version":[{"id":79,"href":"https:\/\/blogs.ua.es\/ladefensadelindio\/wp-json\/wp\/v2\/pages\/35\/revisions\/79"}],"wp:attachment":[{"href":"https:\/\/blogs.ua.es\/ladefensadelindio\/wp-json\/wp\/v2\/media?parent=35"}],"curies":[{"name":"wp","href":"https:\/\/api.w.org\/{rel}","templated":true}]}}