{"id":13,"date":"2011-09-20T14:37:42","date_gmt":"2011-09-20T14:37:42","guid":{"rendered":"https:\/\/blogs.ua.es\/lamonarquiahispanicayportugal\/?page_id=13"},"modified":"2011-11-22T15:33:43","modified_gmt":"2011-11-22T15:33:43","slug":"una-introduccion-breve-sobre-la-monarquia","status":"publish","type":"page","link":"https:\/\/blogs.ua.es\/lamonarquiahispanicayportugal\/una-introduccion-breve-sobre-la-monarquia\/","title":{"rendered":"La Monarqu\u00eda Hisp\u00e0nica"},"content":{"rendered":"<p><span style=\"color: #800080\"><strong><a title=\"LMH\" href=\"http:\/\/es.wikipedia.org\/wiki\/Monarqu%C3%ADa_Hisp%C3%A1nica\" target=\"_blank\">Wikipedia<\/a><\/strong><\/span><\/p>\n<p><img loading=\"lazy\" decoding=\"async\" class=\"size-full wp-image-67 alignright\" src=\"https:\/\/blogs.ua.es\/lamonarquiahispanicayportugal\/files\/2011\/09\/220px-Europe_about_1560.jpg\" alt=\"\" width=\"220\" height=\"177\" \/><\/p>\n<p><strong>La Monarqu\u00eda inclu\u00eda las coronas de Castilla (con Navarra y los territorios de Ultramar) y Arag\u00f3n (con Sicilia, N\u00e1poles,Cerde\u00f1a y el Estado de los Presidios), Portugal entre 1580 y 1640, los territoriosdel C\u00edrculo de Borgo\u00f1a excepto 1598-1621 (Franco Condado, Pa\u00edses Bajos, m\u00e1saparte Charol\u00e1is), el ducado de Mil\u00e1n y el marquesado de Finale.<\/strong><\/p>\n<p><strong>Monarqu\u00eda Hisp\u00e1nica<\/strong>, hist\u00f3ricamente denominada <strong>Monarqu\u00eda Cat\u00f3lica<\/strong> o <strong>Monarqu\u00eda de Espa\u00f1a<\/strong>,se refiere al conjunto de territorios con sus propias estructuras\u00a0institucionales y <span style=\"color: #000000\">ordenamientos jur\u00eddicos<\/span>, diferentes y particulares, unidos seg\u00fan el principio <em>aeque princi<\/em><em>paliter<\/em> y que se hallaban gobernados por igual por el mismo soberano,el monarca espa\u00f1ol, a trav\u00e9s de un sistema polisinodial de Consejos.El soberano espa\u00f1ol actuaba como rey (y en su caso con el correspondiente t\u00edtulo nobiliario), seg\u00fan la constituci\u00f3n pol\u00edtica de cada \u00ab<em>Reyno, Estado y Se\u00f1orio<\/em>\u00bb,y por tanto, su poder variaba de un territorio a otro, pero actuaba como monarca de forma unitaria sobre todos sus territorios.El respeto de las jurisdicciones territoriales no impidi\u00f3 un refuerzo\u00a0de la autoridad y poder regio del monarca en cada reino en particular.<\/p>\n<p>A pesar del respeto y autonom\u00eda jurisdiccional, exist\u00eda una pol\u00edtica odirectriz com\u00fan que hab\u00eda que obedecerse encarnada por la diplomacia y la\u00a0defensa,y en la que la Corona de Castilla ocupaba la posici\u00f3n central y preeminente sobre los dem\u00e1s.<\/p>\n<p>Su extensi\u00f3n temporal es utilizada de forma diversa seg\u00fan la voluntaddel autor que use la expresi\u00f3n: usualmente entre<span style=\"color: #800080\"> <span style=\"text-decoration: underline\">el comienzo del reinado de los <\/span><span style=\"text-decoration: underline\">Reyes Cat\u00f3licosen 1476 <\/span><\/span>(tambi\u00e9npuede retrasarse su comienzo al inicio del reinado de Felipe II ) y<span style=\"color: #800080\"> <span style=\"text-decoration: underline\">el final con los tratados de Utrecht y <\/span><span style=\"text-decoration: underline\">Bad\u00e9n (1713-1714) y los Decretos de Nueva Planta(1707-1716),<\/span><\/span>que produjeron una ruptura en el sistema implantando una mayor homogeneidad y centralizaci\u00f3n pol\u00edtica, relegando el sistema polisinodial.Desde entonces, las denominaciones de monarqu\u00eda hisp\u00e1nica o cat\u00f3lica han permanecido para designar a la monarqu\u00eda espa\u00f1ola durante el Antiguo R\u00e9gimen a lo largo del siglo XVIII.<\/p>\n<p>&nbsp;<\/p>\n<p><code>[kml_flashembed movie=\"http:\/\/www.youtube.com\/v\/lOidDDP1uzE\" width=\"425\" height=\"350\" wmode=\"transparent\" \/]<\/code><\/p>\n","protected":false},"excerpt":{"rendered":"<p>Wikipedia La Monarqu\u00eda inclu\u00eda las coronas de Castilla (con Navarra y los territorios de Ultramar) y Arag\u00f3n (con Sicilia, N\u00e1poles,Cerde\u00f1a y el Estado de los Presidios), Portugal entre 1580 y 1640, los territoriosdel C\u00edrculo de Borgo\u00f1a excepto 1598-1621 (Franco Condado, Pa\u00edses Bajos, m\u00e1saparte Charol\u00e1is), el ducado de Mil\u00e1n y el marquesado de Finale. Monarqu\u00eda Hisp\u00e1nica, [&hellip;]<\/p>\n","protected":false},"author":2170,"featured_media":0,"parent":0,"menu_order":5,"comment_status":"open","ping_status":"open","template":"","meta":{"footnotes":""},"class_list":["post-13","page","type-page","status-publish","hentry"],"_links":{"self":[{"href":"https:\/\/blogs.ua.es\/lamonarquiahispanicayportugal\/wp-json\/wp\/v2\/pages\/13","targetHints":{"allow":["GET"]}}],"collection":[{"href":"https:\/\/blogs.ua.es\/lamonarquiahispanicayportugal\/wp-json\/wp\/v2\/pages"}],"about":[{"href":"https:\/\/blogs.ua.es\/lamonarquiahispanicayportugal\/wp-json\/wp\/v2\/types\/page"}],"author":[{"embeddable":true,"href":"https:\/\/blogs.ua.es\/lamonarquiahispanicayportugal\/wp-json\/wp\/v2\/users\/2170"}],"replies":[{"embeddable":true,"href":"https:\/\/blogs.ua.es\/lamonarquiahispanicayportugal\/wp-json\/wp\/v2\/comments?post=13"}],"version-history":[{"count":21,"href":"https:\/\/blogs.ua.es\/lamonarquiahispanicayportugal\/wp-json\/wp\/v2\/pages\/13\/revisions"}],"predecessor-version":[{"id":36,"href":"https:\/\/blogs.ua.es\/lamonarquiahispanicayportugal\/wp-json\/wp\/v2\/pages\/13\/revisions\/36"}],"wp:attachment":[{"href":"https:\/\/blogs.ua.es\/lamonarquiahispanicayportugal\/wp-json\/wp\/v2\/media?parent=13"}],"curies":[{"name":"wp","href":"https:\/\/api.w.org\/{rel}","templated":true}]}}