{"id":165,"date":"2011-10-21T13:36:57","date_gmt":"2011-10-21T13:36:57","guid":{"rendered":"https:\/\/blogs.ua.es\/lamonarquiahispanicayportugal\/?page_id=165"},"modified":"2011-11-22T15:35:16","modified_gmt":"2011-11-22T15:35:16","slug":"portugal-2","status":"publish","type":"page","link":"https:\/\/blogs.ua.es\/lamonarquiahispanicayportugal\/portugal-2\/","title":{"rendered":"Portugal"},"content":{"rendered":"<p><strong><a title=\"portugal\" href=\"http:\/\/es.wikipedia.org\/wiki\/Portugal#Historia\">Wikipedia<\/a><\/strong><\/p>\n<p><img loading=\"lazy\" decoding=\"async\" class=\"size-medium wp-image-170 alignleft\" src=\"https:\/\/blogs.ua.es\/lamonarquiahispanicayportugal\/files\/2011\/10\/800px-Castelo_de_Guimaraes-300x150.jpg\" alt=\"\" width=\"300\" height=\"150\" srcset=\"https:\/\/blogs.ua.es\/lamonarquiahispanicayportugal\/files\/2011\/10\/800px-Castelo_de_Guimaraes-300x150.jpg 300w, https:\/\/blogs.ua.es\/lamonarquiahispanicayportugal\/files\/2011\/10\/800px-Castelo_de_Guimaraes.jpg 800w\" sizes=\"auto, (max-width: 300px) 100vw, 300px\" \/><\/p>\n<p><span style=\"color: #000000\"><strong>Portugal<\/strong>, oficialmente <strong>la\u00a0Rep\u00fablica Portuguesa <\/strong>es un\u00a0pa\u00eds soberano miembro de la\u00a0Uni\u00f3n Europea, constituido como un\u00a0<\/span>estado\u00a0democr\u00e1tico de\u00a0derecho. Su territorio,\u00a0con capital en\u00a0Lisboa, est\u00e1 situado en el sudoeste de\u00a0Europa, en la\u00a0Pen\u00ednsula Ib\u00e9rica. Limita al este y al norte con\u00a0Espa\u00f1a, y al sur y oeste con el\u00a0oc\u00e9ano Atl\u00e1ntico. Comprende tambi\u00e9n los archipi\u00e9lagos aut\u00f3nomos de las\u00a0Azores y de\u00a0Madeira, situados en el hemisferio norte del oc\u00e9ano Atl\u00e1ntico. El nombre de Portugal puede provenir del antiguo nombre de\u00a0Oporto a trav\u00e9s del lat\u00edn \u00abPortus-Galliae\u00bb (puerto de Galia debido a que las naves francesas frecuentaban este puerto) o de \u00abPortus-Cale\u00bb (top\u00f3nimo atestiguado en la\u00a0<em>Chronica<\/em> del historiador del\u00a0siglo V Hidacio), por un amarradero existente en un lugar fortificado llamado \u00abCale\u00bb.<\/p>\n<p><span style=\"color: #000000\">Portugal ha sido testigo de un flujo constante de diferentes civilizaciones durante los \u00faltimos 3.100 a\u00f1os.\u00a0<span style=\"text-decoration: underline\">Tartesos,celtas,\u00a0fenicios y\u00a0cartagineses,\u00a0griegos,\u00a0romanos,\u00a0germanos (suevos y\u00a0visigodos),\u00a0musulmanes,\u00a0jud\u00edos<\/span> y otras culturas han dejado huella en la cultura, historia, lenguaje y etnia. <span style=\"color: #800080\">Durante los\u00a0siglos XV y\u00a0XVI, Portugal fue una potencia econ\u00f3mica, social y cultural mundial, as\u00ed como su imperio, que se extend\u00eda desde\u00a0Brasil hasta las\u00a0Indias Orientales.<\/span> Es un\u00a0pa\u00eds desarrollado miembro de la\u00a0Organizaci\u00f3n de las Naciones Unidas (ONU) y miembro fundador de la\u00a0Eurozona, la\u00a0OCDE, la\u00a0OTAN y la\u00a0CPLP.<\/span><\/p>\n<p><strong>La Historia de Portugal <\/strong>es la propia de una naci\u00f3n\u00a0europea cuyos or\u00edgenes se remontan a la Baja Edad<\/p>\n<p>Media, ampliando sus\u00a0territorios durante <span style=\"text-decoration: underline\">la\u00a0Era de los Descubrimientos<\/span> hasta crear un vasto\u00a0imperio y convirti\u00e9ndose en una potencia mundial entre los siglos\u00a0XV y\u00a0XVI. Portugal entr\u00f3 en decadencia perdiendo gran parte de su riqueza y estatus, lo que comenz\u00f3 por la p\u00e9rdida de su fuerza militar y naval en el desastre de\u00a0Alcazarquivir. Volvi\u00f3 a ser arruinado en\u00a01755 con\u00a0la destrucci\u00f3n casi total de su capital por<\/p>\n<p>un\u00a0terremoto, a comienzos del siglo XIX con las\u00a0Guerras Napole\u00f3nicas y en\u00a01822 con la independencia de su\u00a0mayor colonia,\u00a0Brasil. Una revoluci\u00f3n en\u00a01910 depuso la monarqu\u00eda, pero la Rep\u00fablica fue incapaz de solventar los problemas de un pa\u00eds inmerso en la conflictividad social, la corrupci\u00f3n y los enfrentamientos con la Iglesia. En\u00a01926 un golpe de Estado dio paso a unadictadura que se mantuvo en el poder hasta\u00a01974, cuando una\u00a0revoluci\u00f3n de militares de izquierda impuso la\u00a0democracia. Al a\u00f1o siguiente, Portugal declar\u00f3 la independencia de todas sus posesiones en\u00a0\u00c1frica. Es socio fundador de la\u00a0OTAN,\u00a0OECD y la\u00a0EFTA. En\u00a01986 ingres\u00f3 en la\u00a0CEE (actualUni\u00f3n Europea).<\/p>\n<p><span style=\"color: #ff0000\"><strong><br \/>\n<\/strong><\/span><\/p>\n<p><code>[kml_flashembed movie=\"http:\/\/www.youtube.com\/v\/HJb-wJAYctw\" width=\"425\" height=\"350\" wmode=\"transparent\" \/]<\/code><\/p>\n<p>&nbsp;<\/p>\n","protected":false},"excerpt":{"rendered":"<p>Wikipedia Portugal, oficialmente la\u00a0Rep\u00fablica Portuguesa es un\u00a0pa\u00eds soberano miembro de la\u00a0Uni\u00f3n Europea, constituido como un\u00a0estado\u00a0democr\u00e1tico de\u00a0derecho. Su territorio,\u00a0con capital en\u00a0Lisboa, est\u00e1 situado en el sudoeste de\u00a0Europa, en la\u00a0Pen\u00ednsula Ib\u00e9rica. Limita al este y al norte con\u00a0Espa\u00f1a, y al sur y oeste con el\u00a0oc\u00e9ano Atl\u00e1ntico. Comprende tambi\u00e9n los archipi\u00e9lagos aut\u00f3nomos de las\u00a0Azores y de\u00a0Madeira, situados en [&hellip;]<\/p>\n","protected":false},"author":2170,"featured_media":0,"parent":0,"menu_order":4,"comment_status":"open","ping_status":"open","template":"","meta":{"footnotes":""},"class_list":["post-165","page","type-page","status-publish","hentry"],"_links":{"self":[{"href":"https:\/\/blogs.ua.es\/lamonarquiahispanicayportugal\/wp-json\/wp\/v2\/pages\/165","targetHints":{"allow":["GET"]}}],"collection":[{"href":"https:\/\/blogs.ua.es\/lamonarquiahispanicayportugal\/wp-json\/wp\/v2\/pages"}],"about":[{"href":"https:\/\/blogs.ua.es\/lamonarquiahispanicayportugal\/wp-json\/wp\/v2\/types\/page"}],"author":[{"embeddable":true,"href":"https:\/\/blogs.ua.es\/lamonarquiahispanicayportugal\/wp-json\/wp\/v2\/users\/2170"}],"replies":[{"embeddable":true,"href":"https:\/\/blogs.ua.es\/lamonarquiahispanicayportugal\/wp-json\/wp\/v2\/comments?post=165"}],"version-history":[{"count":10,"href":"https:\/\/blogs.ua.es\/lamonarquiahispanicayportugal\/wp-json\/wp\/v2\/pages\/165\/revisions"}],"predecessor-version":[{"id":169,"href":"https:\/\/blogs.ua.es\/lamonarquiahispanicayportugal\/wp-json\/wp\/v2\/pages\/165\/revisions\/169"}],"wp:attachment":[{"href":"https:\/\/blogs.ua.es\/lamonarquiahispanicayportugal\/wp-json\/wp\/v2\/media?parent=165"}],"curies":[{"name":"wp","href":"https:\/\/api.w.org\/{rel}","templated":true}]}}