{"id":342,"date":"2011-11-20T17:57:05","date_gmt":"2011-11-20T17:57:05","guid":{"rendered":"https:\/\/blogs.ua.es\/lamonarquiahispanicayportugal\/?page_id=342"},"modified":"2011-11-20T18:12:02","modified_gmt":"2011-11-20T18:12:02","slug":"342-2","status":"publish","type":"page","link":"https:\/\/blogs.ua.es\/lamonarquiahispanicayportugal\/342-2\/","title":{"rendered":"Cronolog\u00eda"},"content":{"rendered":"<h1 id=\"firstHeading\">Crisis sucesoria portuguesa de 1580<\/h1>\n<p>fuente:http:\/\/es.wikipedia.org\/wiki\/Crisis_sucesoria_portuguesa_de_1580<\/p>\n<p>La\u00a0<strong>crisis de sucesi\u00f3n de Portugal de 1580<\/strong>\u00a0sobrevino como consecuencia de la muerte sin herederos del rey Sebasti\u00e1n I de Portugal en 1578 y de su sucesor Enrique I a comienzos de 1580. Las Cortes portuguesas deb\u00edan decidir qui\u00e9n de entre varios reclamantes deber\u00eda ocupar el trono portugu\u00e9s, pero antes de que la elecci\u00f3n fuera hecha Felipe II se anticip\u00f3 a la decisi\u00f3n, y ampar\u00e1ndose en sus derechos a la sucesi\u00f3n a la corona portuguesa, orden\u00f3 la invasi\u00f3n militar del pa\u00eds. El infante don Antonio se autoproclam\u00f3 rey, pero sus escasas tropas fueron superadas por el ej\u00e9rcito espa\u00f1ol en <strong>la\u00a0Batalla de Alc\u00e1ntara (1580)<\/strong>, y al a\u00f1o siguiente <span style=\"color: #0000ff\">Felipe II fue reconocido como rey de Portugal.<\/span><\/p>\n<div>\n<div lang=\"es\" dir=\"ltr\">\n<p>&nbsp;<\/p>\n<h1 id=\"firstHeading\">Batalla de Alc\u00e1ntara (1580)<\/h1>\n<p>fuente: http:\/\/es.wikipedia.org\/wiki\/Batalla_de_Alc%C3%A1ntara_(1580)<\/p>\n<p>La\u00a0<strong>batalla de Alc\u00e1ntara<\/strong>\u00a0(25 de agosto\u00a0de\u00a01580) fue una victoria del ej\u00e9rcito espa\u00f1ol bajo al mando del\u00a0III Duque de Alba\u00a0sobre las tropas portuguesas del pretendiente\u00a0Antonio I de Portugal, en la\u00a0fregues\u00eda\u00a0de\u00a0Alc\u00e2ntara, cerca de\u00a0Lisboa(Portugal).<span style=\"color: #0000ff\">La victoria espa\u00f1ola le supuso al rey\u00a0Felipe II de Espa\u00f1a, poder ser reconocido rey de Portugal<\/span>, en una\u00a0uni\u00f3n din\u00e1sticacon los dem\u00e1s reinos hisp\u00e1nicos, que se prolongar\u00eda hasta 1640.<\/p>\n<div>\n<div lang=\"es\" dir=\"ltr\">\n<p>&nbsp;<\/p>\n<h1 id=\"firstHeading\">Portugal bajo la Casa de Austria<\/h1>\n<div>\n<div><span style=\"color: #000000\">\u00a0fuente: <\/span><span style=\"color: #000000\"><a href=\"http:\/\/es.wikipedia.org\/wiki\/Portugal_bajo_la_Casa_de_Austria#Portugal_en_la_Monarqu.C3.ADa_hisp.C3.A1nica\">http:\/\/es.wikipedia.org\/wiki\/Portugal_bajo_la_Casa_de_Austria#Portugal_en_la_Monarqu.C3.ADa_hisp.C3.A1nica<\/a><\/span><\/div>\n<div lang=\"es\" dir=\"ltr\">\n<div>\n<div>\u00a0<\/div>\n<div><span style=\"color: #000000\">Escudo\u00a0de los reyes de <strong>la\u00a0Casa de Austria<\/strong>, tambi\u00e9n como soberanos de Portugal. Es de destacar las armas del Reino de\u00a0Portugal, en el llamado her\u00e1ldicamente punto de honor, entre las de\u00a0Castilla-Le\u00f3n\u00a0yArag\u00f3n-Sicilia.<\/span><span style=\"color: #000000\">El periodo hist\u00f3rico en el que Portugal estuvo gobernado por el mismo soberano de la\u00a0Casa de Austria, se refiere a la\u00a0uni\u00f3n din\u00e1stica\u00a0y territorial de los distintos reinos que compon\u00edan la\u00a0Pen\u00ednsula Ib\u00e9rica:\u00a0Corona de Castilla,\u00a0Corona de Arag\u00f3n\u00a0y\u00a0Portugal<span style=\"color: #0000ff\">.<\/span><\/span><span style=\"color: #000000\"><span style=\"color: #0000ff\">Los tres monarcas espa\u00f1oles de la\u00a0Casa de Austria\u00a0que reinaron sobre Portugal durante el periodo comprendido entre\u00a01580\u00a0y\u00a01640\u00a0fueron<\/span>:<\/span><\/div>\n<\/div>\n<\/div>\n<div lang=\"es\" dir=\"ltr\">\n<ul>\n<li><span style=\"color: #000000\">Felipe II de Espa\u00f1a\u00a0(como Felipe I en Portugal) (r.\u00a01580\u00a0\u2013\u00a01598)<\/span><\/li>\n<li><span style=\"color: #000000\">Felipe III de Espa\u00f1a\u00a0(como Felipe II en Portugal) (r.\u00a01598\u00a0\u2013\u00a01621)<\/span><\/li>\n<li><span style=\"color: #000000\">Felipe IV de Espa\u00f1a\u00a0(como Felipe III en Portugal) (r.\u00a01621\u00a0\u2013\u00a01640)<\/span><\/li>\n<\/ul>\n<\/div>\n<p>&nbsp;<\/p>\n<p>&nbsp;<\/p>\n<h1 id=\"firstHeading\">Guerra de Restauraci\u00f3n portuguesa<\/h1>\n<p>fuente\uff1a<a href=\"http:\/\/es.wikipedia.org\/wiki\/Guerra_de_Restauraci%C3%B3n_portuguesa\">http:\/\/es.wikipedia.org\/wiki\/Guerra_de_Restauraci%C3%B3n_portuguesa<\/a><\/p>\n<ul>\n<li><span style=\"color: #0000ff\">1640<\/span>,\u00a01 de diciembre\u00a0\u2014 un peque\u00f1o grupo de conspiradores asalta el Palacio de Lisboa y depone a la gobernadora espa\u00f1ola, la\u00a0Duquesa de Mantua. El\u00a0Duque de Braganza, cabeza de una antigua familia noble portuguesa, y descendiente de un hijo bastardo de\u00a0Juan I de Portugal, acepta el trono como\u00a0Juan IV de Portugal. Su reinado entero estar\u00e1 dominado por la lucha para establecer y mantener la independencia respecto a Espa\u00f1a. Una primera contrarrevoluci\u00f3n, organizada por laInquisici\u00f3n, fracasa, sofocada por\u00a0Francisco de Lucena, que ejecuta a los cabecillas, pero que inicia una guerra de independencia de 28 a\u00f1os contra Espa\u00f1a interrumpida por frecuentes amenazas internas para establecer un nuevo r\u00e9gimen.<\/li>\n<li>1644\u00a0\u2014\u00a0Elvas\u00a0resiste a nueve d\u00edas de asedio espa\u00f1ol.<\/li>\n<li>1654\u00a0\u2014 Tratado anglo-portugu\u00e9s entre Juan IV y\u00a0Oliver Cromwell\u00a0firmado en\u00a0Westminster. Juan acuerda evitar perturbar a los comerciantes del Protector ingl\u00e9s; se les permite usar su propia Biblia y ser enterrados de acuerdo a los ritos protestantes en suelo cat\u00f3lico.<\/li>\n<li>1656\u00a0\u2014 Muerte de Juan IV tras un reinado de 15 a\u00f1os. La Reina, la sevillana\u00a0Luisa de Guzm\u00e1n, hija del\u00a0Duque de Medina-Sidonia\u00a0reina ahora como regente de su hijo,\u00a0Alfonso VI de Portugal. Busca el acuerdo con Espa\u00f1a.<\/li>\n<li>1659\u00a0\u2014 El\u00a0Tratado de los Pirineos\u00a0finaliza la guerra entre los Reinos de los Habsburgos espa\u00f1oles y Francia, y las tropas de la corona una vez m\u00e1s est\u00e1n disponibles para luchar contra Portugal. Los Habsburgos asedian\u00a0Elvas\u00a0y son repelidos por\u00a0Ant\u00f3nio Lu\u00eds de Meneses\u00a0en la\u00a0batalla de las L\u00edneas de Elvas.<\/li>\n<li>1660\u00a0\u2014 En la restauraci\u00f3n de\u00a0Carlos II\u00a0en\u00a0Gran Breta\u00f1a, la reina regente renegocia el tratado de 1654. A Portugal se le permite reclutar soldados y caballos en Inglaterra para luchar contra Espa\u00f1a; y busca 4000 soldados en\u00a0Escocia\u00a0e\u00a0Irlanda\u00a0y fleta 24 barcos ingleses para llevarlos. A la fuerza expedicionaria se le distribuyen armas inglesas a su llegada a Portugal y se le garantiza la libertad de culto religioso.<\/li>\n<li>1661\u00a0\u2014 El\u00a0Conde de Castelo Melhor\u00a0inicia la fase final y exitosa de la guerra con la ayuda del franco-alem\u00e1n\u00a0Mariscal Schomberg, que brillantemente dirige un ej\u00e9rcito con m\u00e1s de 20% de mercenarios internacionales contra las fuerzas espa\u00f1olas, constituidas principalmente por castellanos, italianos y alemanes, y tropas de casi todos los pa\u00edses de la corona concentradas para luchar contra Portugal.<\/li>\n<li>1665\u00a0\u2014\u00a017 de junio, finalmente Portugal vence en la\u00a0batalla de Montes Claros, en la que Schomberg derrota al ej\u00e9rcito espa\u00f1ol del\u00a0Marqu\u00e9s de Caracena; Espa\u00f1a abandona la lucha, pero la paz no ser\u00e1 firmada hasta tres a\u00f1os despu\u00e9s.<\/li>\n<li><span style=\"color: #0000ff\">1668<\/span>\u00a0\u2014 El\u00a0Tratado de Lisboa\u00a0con Espa\u00f1a finaliza tras casi 30 a\u00f1os de guerra. Espa\u00f1a devuelve a Portugal todas sus antiguas posesiones y territorios con la excepci\u00f3n de\u00a0Ceuta<\/li>\n<\/ul>\n<p>&nbsp;<\/p>\n<p>&nbsp;<\/p>\n<p>&nbsp;<\/p>\n<\/div>\n<\/div>\n<\/div>\n<\/div>\n<\/div>\n","protected":false},"excerpt":{"rendered":"<p>Crisis sucesoria portuguesa de 1580 fuente:http:\/\/es.wikipedia.org\/wiki\/Crisis_sucesoria_portuguesa_de_1580 La\u00a0crisis de sucesi\u00f3n de Portugal de 1580\u00a0sobrevino como consecuencia de la muerte sin herederos del rey Sebasti\u00e1n I de Portugal en 1578 y de su sucesor Enrique I a comienzos de 1580. Las Cortes portuguesas deb\u00edan decidir qui\u00e9n de entre varios reclamantes deber\u00eda ocupar el trono portugu\u00e9s, pero antes [&hellip;]<\/p>\n","protected":false},"author":2170,"featured_media":0,"parent":0,"menu_order":3,"comment_status":"open","ping_status":"open","template":"","meta":{"footnotes":""},"class_list":["post-342","page","type-page","status-publish","hentry"],"_links":{"self":[{"href":"https:\/\/blogs.ua.es\/lamonarquiahispanicayportugal\/wp-json\/wp\/v2\/pages\/342","targetHints":{"allow":["GET"]}}],"collection":[{"href":"https:\/\/blogs.ua.es\/lamonarquiahispanicayportugal\/wp-json\/wp\/v2\/pages"}],"about":[{"href":"https:\/\/blogs.ua.es\/lamonarquiahispanicayportugal\/wp-json\/wp\/v2\/types\/page"}],"author":[{"embeddable":true,"href":"https:\/\/blogs.ua.es\/lamonarquiahispanicayportugal\/wp-json\/wp\/v2\/users\/2170"}],"replies":[{"embeddable":true,"href":"https:\/\/blogs.ua.es\/lamonarquiahispanicayportugal\/wp-json\/wp\/v2\/comments?post=342"}],"version-history":[{"count":7,"href":"https:\/\/blogs.ua.es\/lamonarquiahispanicayportugal\/wp-json\/wp\/v2\/pages\/342\/revisions"}],"predecessor-version":[{"id":349,"href":"https:\/\/blogs.ua.es\/lamonarquiahispanicayportugal\/wp-json\/wp\/v2\/pages\/342\/revisions\/349"}],"wp:attachment":[{"href":"https:\/\/blogs.ua.es\/lamonarquiahispanicayportugal\/wp-json\/wp\/v2\/media?parent=342"}],"curies":[{"name":"wp","href":"https:\/\/api.w.org\/{rel}","templated":true}]}}