{"id":8,"date":"2011-09-20T14:24:44","date_gmt":"2011-09-20T14:24:44","guid":{"rendered":"https:\/\/blogs.ua.es\/lamonarquiahispanicayportugal\/?page_id=8"},"modified":"2011-11-23T06:46:24","modified_gmt":"2011-11-23T06:46:24","slug":"bienvenida-a-la-casa-de-cai","status":"publish","type":"page","link":"https:\/\/blogs.ua.es\/lamonarquiahispanicayportugal\/bienvenida-a-la-casa-de-cai\/","title":{"rendered":"\u00a1Bienvenida!"},"content":{"rendered":"<h2>o(\u2229_\u2229)o \u00a0 \u00a0\u00a0o(\u2229_\u2229)o \u00a0 \u00a0 \u00a0 o(\u2229_\u2229)o<\/h2>\n<p><span style=\"font-size: 13px;font-weight: normal;color: #ff00ff\">Este \u00a0blog est\u00e1 evitado por<strong><a title=\"FB\" href=\"http:\/\/www.facebook.com\/fanny.cai2\" target=\"_blank\"><span style=\"color: #ff00ff\"> Fanny Cai <\/span><\/a><\/strong>de UA.<\/span><\/p>\n<p><span style=\"color: #ff00ff\">Se presenta pincipalmente la historia de<strong> la Monarqu\u00eda Hisp\u00e1nica y Portugal<\/strong> \u00a0durante 1580-1668.<\/span><\/p>\n<p><span style=\"color: #ff00ff\">Se trata de \u00a0una pr\u00e1ctica asignanda por pro.Antonio de la asignatura HISTORIA MODERNA DE ESPA\u00d1A.<\/span><\/p>\n<p><span style=\"color: #ff00ff\">Soy<em> ShufanCai<\/em>, una intercambio estudiante de<strong> China<\/strong>.<\/span><\/p>\n<p><span style=\"color: #ff00ff\">Estudio Filolog\u00eda Hisp\u00e1nica en \u00a0la Universidad de Estudios Extranjeros de Cant\u00f3n.<\/span><\/p>\n<p><span style=\"color: #ff00ff\">Me encanta el aprendizaje de la \u00a0historia y la cultura de Espa\u00f1a.<\/span><\/p>\n<p><span style=\"color: #ff00ff\">\u00a1Aprender del pasado aguje tu ingenio! pues, estudiamos juntos y disfrutaoms&#8230;<\/span><\/p>\n<p><a href=\"https:\/\/blogs.ua.es\/lamonarquiahispanicayportugal\/files\/2011\/09\/DSC06041_\u526f\u672c.jpg\"><img loading=\"lazy\" decoding=\"async\" class=\"alignnone size-medium wp-image-331\" src=\"https:\/\/blogs.ua.es\/lamonarquiahispanicayportugal\/files\/2011\/09\/DSC06041_\u526f\u672c-300x224.jpg\" alt=\"\" width=\"300\" height=\"224\" srcset=\"https:\/\/blogs.ua.es\/lamonarquiahispanicayportugal\/files\/2011\/09\/DSC06041_\u526f\u672c-300x224.jpg 300w, https:\/\/blogs.ua.es\/lamonarquiahispanicayportugal\/files\/2011\/09\/DSC06041_\u526f\u672c.jpg 800w\" sizes=\"auto, (max-width: 300px) 100vw, 300px\" \/><\/a>\u00a0\u00a0 \u00a0 \u00a0 \u00a0\u00a0<img loading=\"lazy\" decoding=\"async\" class=\"alignnone size-medium wp-image-333\" src=\"https:\/\/blogs.ua.es\/lamonarquiahispanicayportugal\/files\/2011\/09\/DSC05905_\u526f\u672c-300x224.jpg\" alt=\"\" width=\"300\" height=\"224\" srcset=\"https:\/\/blogs.ua.es\/lamonarquiahispanicayportugal\/files\/2011\/09\/DSC05905_\u526f\u672c-300x224.jpg 300w, https:\/\/blogs.ua.es\/lamonarquiahispanicayportugal\/files\/2011\/09\/DSC05905_\u526f\u672c.jpg 800w\" sizes=\"auto, (max-width: 300px) 100vw, 300px\" \/><\/p>\n<p><span style=\"color: #800080\"><br \/>\n<\/span><\/p>\n<h2><span style=\"color: #800080\"><br \/>\n<\/span><\/h2>\n<p><!--more--><\/p>\n<p>&nbsp;<\/p>\n","protected":false},"excerpt":{"rendered":"<p>o(\u2229_\u2229)o \u00a0 \u00a0\u00a0o(\u2229_\u2229)o \u00a0 \u00a0 \u00a0 o(\u2229_\u2229)o Este \u00a0blog est\u00e1 evitado por Fanny Cai de UA. Se presenta pincipalmente la historia de la Monarqu\u00eda Hisp\u00e1nica y Portugal \u00a0durante 1580-1668. Se trata de \u00a0una pr\u00e1ctica asignanda por pro.Antonio de la asignatura HISTORIA MODERNA DE ESPA\u00d1A. Soy ShufanCai, una intercambio estudiante de China. Estudio Filolog\u00eda Hisp\u00e1nica en [&hellip;]<\/p>\n","protected":false},"author":2170,"featured_media":0,"parent":0,"menu_order":1,"comment_status":"open","ping_status":"open","template":"","meta":{"footnotes":""},"class_list":["post-8","page","type-page","status-publish","hentry"],"_links":{"self":[{"href":"https:\/\/blogs.ua.es\/lamonarquiahispanicayportugal\/wp-json\/wp\/v2\/pages\/8","targetHints":{"allow":["GET"]}}],"collection":[{"href":"https:\/\/blogs.ua.es\/lamonarquiahispanicayportugal\/wp-json\/wp\/v2\/pages"}],"about":[{"href":"https:\/\/blogs.ua.es\/lamonarquiahispanicayportugal\/wp-json\/wp\/v2\/types\/page"}],"author":[{"embeddable":true,"href":"https:\/\/blogs.ua.es\/lamonarquiahispanicayportugal\/wp-json\/wp\/v2\/users\/2170"}],"replies":[{"embeddable":true,"href":"https:\/\/blogs.ua.es\/lamonarquiahispanicayportugal\/wp-json\/wp\/v2\/comments?post=8"}],"version-history":[{"count":15,"href":"https:\/\/blogs.ua.es\/lamonarquiahispanicayportugal\/wp-json\/wp\/v2\/pages\/8\/revisions"}],"predecessor-version":[{"id":34,"href":"https:\/\/blogs.ua.es\/lamonarquiahispanicayportugal\/wp-json\/wp\/v2\/pages\/8\/revisions\/34"}],"wp:attachment":[{"href":"https:\/\/blogs.ua.es\/lamonarquiahispanicayportugal\/wp-json\/wp\/v2\/media?parent=8"}],"curies":[{"name":"wp","href":"https:\/\/api.w.org\/{rel}","templated":true}]}}