{"id":65,"date":"2011-12-20T15:34:09","date_gmt":"2011-12-20T15:34:09","guid":{"rendered":"https:\/\/blogs.ua.es\/lanavegaciontransatlantica\/?page_id=65"},"modified":"2012-01-20T11:56:16","modified_gmt":"2012-01-20T11:56:16","slug":"presentacion","status":"publish","type":"page","link":"https:\/\/blogs.ua.es\/lanavegaciontransatlantica\/presentacion\/","title":{"rendered":"Presentaci\u00f3n"},"content":{"rendered":"<p>Hola,todos!!<\/p>\n<p>Me llamo Lu Suwen o Carolina Lou (m\u00e1s f\u00e1cil\u00a0para recordar para los espa\u00f1oles).\u00a0Soy una alumna de la asignatura &#8220;Historia Moderna de Espa\u00f1a&#8221; aunque no me gusta mucho la historia:siempre me parece la historia es un rollo.Pues Antonio(mi profesor de esta asignatura)\u00a0es muy simp\u00e1tico y me da mucha ayuda,adem\u00e1s,nos ense\u00f1a las cosas interesantes como los cursillos de Internet.Por eso ,tengo que animarme para trabajar m\u00e1s y terminar todos los deberes!!!A decir verdad me arrepento de elegir muchas asignaturas de este semestre.Pues nada,ya est\u00e1\u00a0mi presentaci\u00f3n personal\u00a0.<\/p>\n<p>Mi blog trata de la navegaci\u00f3n transatl\u00e1ntica.Todos nosotros\u00a0sabemos que en la\u00a0edad moderna Espa\u00f1a es uno de\u00a0los pa\u00edses m\u00e1s poderosos del mundo por la exploraci\u00f3n a los lugares desconocidos.Por eso,la navegaci\u00f3n transatl\u00e1ntica desempe\u00f1a un papel muy importante para Espa\u00f1a.En mi blog,vamos a conocer m\u00e1s cosas relacionadas con la navegaci\u00f3n,por ejemplo,\u00a0las expediciones por Am\u00e9rica,Africa y Asia,grandes navegantes,los avances cient\u00edficos,armada de los barcos,tipos de barcos y ect..<\/p>\n<p>Espero que todos se diviertan un poquito leyendo mi blog.<\/p>\n","protected":false},"excerpt":{"rendered":"<p>Hola,todos!! Me llamo Lu Suwen o Carolina Lou (m\u00e1s f\u00e1cil\u00a0para recordar para los espa\u00f1oles).\u00a0Soy una alumna de la asignatura &#8220;Historia Moderna de Espa\u00f1a&#8221; aunque no me gusta mucho la historia:siempre me parece la historia es un rollo.Pues Antonio(mi profesor de esta asignatura)\u00a0es muy simp\u00e1tico y me da mucha ayuda,adem\u00e1s,nos ense\u00f1a las cosas interesantes como los [&hellip;]<\/p>\n","protected":false},"author":2178,"featured_media":0,"parent":0,"menu_order":0,"comment_status":"open","ping_status":"open","template":"","meta":{"footnotes":""},"class_list":["post-65","page","type-page","status-publish","hentry"],"_links":{"self":[{"href":"https:\/\/blogs.ua.es\/lanavegaciontransatlantica\/wp-json\/wp\/v2\/pages\/65","targetHints":{"allow":["GET"]}}],"collection":[{"href":"https:\/\/blogs.ua.es\/lanavegaciontransatlantica\/wp-json\/wp\/v2\/pages"}],"about":[{"href":"https:\/\/blogs.ua.es\/lanavegaciontransatlantica\/wp-json\/wp\/v2\/types\/page"}],"author":[{"embeddable":true,"href":"https:\/\/blogs.ua.es\/lanavegaciontransatlantica\/wp-json\/wp\/v2\/users\/2178"}],"replies":[{"embeddable":true,"href":"https:\/\/blogs.ua.es\/lanavegaciontransatlantica\/wp-json\/wp\/v2\/comments?post=65"}],"version-history":[{"count":5,"href":"https:\/\/blogs.ua.es\/lanavegaciontransatlantica\/wp-json\/wp\/v2\/pages\/65\/revisions"}],"predecessor-version":[{"id":197,"href":"https:\/\/blogs.ua.es\/lanavegaciontransatlantica\/wp-json\/wp\/v2\/pages\/65\/revisions\/197"}],"wp:attachment":[{"href":"https:\/\/blogs.ua.es\/lanavegaciontransatlantica\/wp-json\/wp\/v2\/media?parent=65"}],"curies":[{"name":"wp","href":"https:\/\/api.w.org\/{rel}","templated":true}]}}