{"id":77,"date":"2011-12-20T15:39:44","date_gmt":"2011-12-20T15:39:44","guid":{"rendered":"https:\/\/blogs.ua.es\/lanavegaciontransatlantica\/?page_id=77"},"modified":"2012-01-20T11:41:11","modified_gmt":"2012-01-20T11:41:11","slug":"enlaces","status":"publish","type":"page","link":"https:\/\/blogs.ua.es\/lanavegaciontransatlantica\/enlaces\/","title":{"rendered":"Enlaces"},"content":{"rendered":"<p>En esta p\u00e1gina se puede encontrar muchos datos sobre la conquista espa\u00f1ola de Am\u00e9rica y el Pac\u00edfico y esto ayuda mucho si quieres conocer m\u00e1s del significado o la consecuencia\u00a0de navegaci\u00f3n transatl\u00e1ntica.<\/p>\n<address><a href=\"http:\/\/cronologiahistorica.com\/index.php\/la-conquista-espanola-de-america-y-el-pacifico\">http:\/\/cronologiahistorica.com\/index.php\/la-conquista-espanola-de-america-y-el-pacifico<\/a><\/address>\n<address>\u00a0<\/address>\n<p>En esta p\u00e1gina se puede encontrar casi todas las cosas\u00a0sobre la historia de Espa\u00f1a y tambi\u00e9n los datos espec\u00edficos de la navegaci\u00f3n en la \u00e9poca moderna,por ejemplo,tipo de barcos,armada de la flota,t\u00e9cnicas que se utilizan en la navegaci\u00f3n y etc..<\/p>\n<address><a href=\"http:\/\/herenciaespanola.blogspot.com\/2008\/10\/el-mar-y-la-armada-men.html\">http:\/\/herenciaespanola.blogspot.com\/2008\/10\/el-mar-y-la-armada-men.html<\/a><\/address>\n<address>\u00a0<\/address>\n<p>En esta p\u00e1gina se puede encontrar los datos sobre la armada n\u00e1utica de Espa\u00f1a de 1500 a 1900.<\/p>\n<address><a href=\"http:\/\/www.armada15001900.net\/\">http:\/\/www.armada15001900.net\/<\/a><\/address>\n<address>\u00a0<\/address>\n<p>En esta p\u00e1gina se puede encontrar las cosas sobre la expansi\u00f3n europea en el siglo XIV y XV,por ejemplo los viajes de grandes navegantes,los adelantos t\u00e9cnico en esta \u00e9poca y etc..<\/p>\n<address><a href=\"http:\/\/www.uc.cl\/sw_educ\/historia\/expansion\/index.html\">http:\/\/www.uc.cl\/sw_educ\/historia\/expansion\/index.html<\/a><\/address>\n","protected":false},"excerpt":{"rendered":"<p>En esta p\u00e1gina se puede encontrar muchos datos sobre la conquista espa\u00f1ola de Am\u00e9rica y el Pac\u00edfico y esto ayuda mucho si quieres conocer m\u00e1s del significado o la consecuencia\u00a0de navegaci\u00f3n transatl\u00e1ntica. http:\/\/cronologiahistorica.com\/index.php\/la-conquista-espanola-de-america-y-el-pacifico \u00a0 En esta p\u00e1gina se puede encontrar casi todas las cosas\u00a0sobre la historia de Espa\u00f1a y tambi\u00e9n los datos espec\u00edficos de la [&hellip;]<\/p>\n","protected":false},"author":2178,"featured_media":0,"parent":0,"menu_order":0,"comment_status":"open","ping_status":"open","template":"","meta":{"footnotes":""},"class_list":["post-77","page","type-page","status-publish","hentry"],"_links":{"self":[{"href":"https:\/\/blogs.ua.es\/lanavegaciontransatlantica\/wp-json\/wp\/v2\/pages\/77","targetHints":{"allow":["GET"]}}],"collection":[{"href":"https:\/\/blogs.ua.es\/lanavegaciontransatlantica\/wp-json\/wp\/v2\/pages"}],"about":[{"href":"https:\/\/blogs.ua.es\/lanavegaciontransatlantica\/wp-json\/wp\/v2\/types\/page"}],"author":[{"embeddable":true,"href":"https:\/\/blogs.ua.es\/lanavegaciontransatlantica\/wp-json\/wp\/v2\/users\/2178"}],"replies":[{"embeddable":true,"href":"https:\/\/blogs.ua.es\/lanavegaciontransatlantica\/wp-json\/wp\/v2\/comments?post=77"}],"version-history":[{"count":3,"href":"https:\/\/blogs.ua.es\/lanavegaciontransatlantica\/wp-json\/wp\/v2\/pages\/77\/revisions"}],"predecessor-version":[{"id":193,"href":"https:\/\/blogs.ua.es\/lanavegaciontransatlantica\/wp-json\/wp\/v2\/pages\/77\/revisions\/193"}],"wp:attachment":[{"href":"https:\/\/blogs.ua.es\/lanavegaciontransatlantica\/wp-json\/wp\/v2\/media?parent=77"}],"curies":[{"name":"wp","href":"https:\/\/api.w.org\/{rel}","templated":true}]}}