{"id":24,"date":"2009-10-27T16:55:17","date_gmt":"2009-10-27T14:55:17","guid":{"rendered":"https:\/\/blogs.ua.es\/laprincesadeeboli\/?page_id=24"},"modified":"2009-11-17T16:47:02","modified_gmt":"2009-11-17T14:47:02","slug":"contexto-historico","status":"publish","type":"page","link":"https:\/\/blogs.ua.es\/laprincesadeeboli\/contexto-historico\/","title":{"rendered":"Contexto Hist\u00f3rico"},"content":{"rendered":"<p>En esta p\u00e1gina vais a poder encontrar toda una serie de acontecimientos que rodearon el entorno de la princesa a lo largo de su vida. As\u00ed podremos hacernos una idea de los ideales y caracter\u00edsticas m\u00e1s importantes de su \u00e9poca y as\u00ed poder conocer a este personaje bastante mejor.<\/p>\n<p>\u00a0La Pol\u00edtica de la \u00c9poca era muy importante y estaba regida por el monarca; en ese momento por Felipe II, muy cercano a la Princesa.<\/p>\n<p>POL\u00cdTICA INTERIOR\u00a0<\/p>\n<p>\u00a0La pol\u00edtica interior gir\u00f3 entorno a tres asuntos;<\/p>\n<p>1) La rebeli\u00f3n de los moriscos: debido a los temores de Felipe II de que los moriscos pudieran aliarse con los berberiscos y provocar una invasi\u00f3n, les prohibi\u00f3 sus libertades ling\u00fc\u00edsticas, religiosas y culturales. El Edicto provoc\u00f3 la rebeli\u00f3n de las Alpujarras por parte de los moriscos en 1568 y que fue duramente reprimida, los rebeldes fueron reducidos militarmente por Juan de Austria.<\/p>\n<p>2) Problemas de descendencia. Su hijo con su primera esposa Maria de Portugal; Carlos, el primog\u00e9nito, trajo graves problemas al rey pues sufr\u00eda desequilibrios mentales y tras una serie de incidentes como el unirse a los rebeldes flamencos o intento de asesinato del Duque de Alba (Intent\u00f3 acuchillarlo en p\u00fablico); fue encerrado por su padre En el Castillo de Ar\u00e9valo, donde no volvi\u00f3 a participar en la vida p\u00fablica. Del segundo matrimonio del monarca con Maria Tudor no hubieron hijos y con Isabel de Valois tuvo dos hijas, pero al morir Isabel no pudo conseguir el heredero a la corona. No obstante en su tercer matrimonio con Isabel de Valois tuvo dos hijas pero al morir \u00e9sta, el rey qued\u00f3 sin descendencia. Fue una mala \u00e9poca para el rey. Ya en 1570, al contraer matrimonio con Ana de Austria consigui\u00f3 por fin su heredero al trono, el futuro rey Felipe III. As\u00ed quedo por finalizado el problema de sucesi\u00f3n.<\/p>\n<p>3) Por \u00faltimo es muy importante mencionar el conflicto que tuvo con su secretario personal Antonio L\u00f3pez; asunto en el que estaba envuelta la Princesa de \u00c9boli, pues ambos fueron acusados de matar a Juan de Escobedo y de aprovechar su influencia con el rey para tensar las relaciones con Juan de Austria, hermanastro de rey y gobernador de los Pa\u00edses Bajos,desde distintos \u00e1mbitos.<\/p>\n<p>\u00a0<\/p>\n<p><a href=\"http:\/\/upload.wikimedia.org\/wikipedia\/commons\/b\/bb\/Rebeli%C3%B3n_de_Las_Alpujarras.png\"><img loading=\"lazy\" decoding=\"async\" src=\"http:\/\/upload.wikimedia.org\/wikipedia\/commons\/thumb\/b\/bb\/Rebeli%C3%B3n_de_Las_Alpujarras.png\/800px-Rebeli%C3%B3n_de_Las_Alpujarras.png\" alt=\"Archivo:Rebeli\u00f3n de Las Alpujarras.png\" width=\"200\" height=\"138\" \/><\/a><\/p>\n<p>Principales focos de la rebeli\u00f3n de Alpujarras<\/p>\n","protected":false},"excerpt":{"rendered":"<p>En esta p\u00e1gina vais a poder encontrar toda una serie de acontecimientos que rodearon el entorno de la princesa a lo largo de su vida. As\u00ed podremos hacernos una idea de los ideales y caracter\u00edsticas m\u00e1s importantes de su \u00e9poca y as\u00ed poder conocer a este personaje bastante mejor. \u00a0La Pol\u00edtica de la \u00c9poca era [&hellip;]<\/p>\n","protected":false},"author":1349,"featured_media":0,"parent":0,"menu_order":0,"comment_status":"open","ping_status":"open","template":"","meta":{"footnotes":""},"class_list":["post-24","page","type-page","status-publish","hentry"],"_links":{"self":[{"href":"https:\/\/blogs.ua.es\/laprincesadeeboli\/wp-json\/wp\/v2\/pages\/24","targetHints":{"allow":["GET"]}}],"collection":[{"href":"https:\/\/blogs.ua.es\/laprincesadeeboli\/wp-json\/wp\/v2\/pages"}],"about":[{"href":"https:\/\/blogs.ua.es\/laprincesadeeboli\/wp-json\/wp\/v2\/types\/page"}],"author":[{"embeddable":true,"href":"https:\/\/blogs.ua.es\/laprincesadeeboli\/wp-json\/wp\/v2\/users\/1349"}],"replies":[{"embeddable":true,"href":"https:\/\/blogs.ua.es\/laprincesadeeboli\/wp-json\/wp\/v2\/comments?post=24"}],"version-history":[{"count":4,"href":"https:\/\/blogs.ua.es\/laprincesadeeboli\/wp-json\/wp\/v2\/pages\/24\/revisions"}],"predecessor-version":[{"id":30,"href":"https:\/\/blogs.ua.es\/laprincesadeeboli\/wp-json\/wp\/v2\/pages\/24\/revisions\/30"}],"wp:attachment":[{"href":"https:\/\/blogs.ua.es\/laprincesadeeboli\/wp-json\/wp\/v2\/media?parent=24"}],"curies":[{"name":"wp","href":"https:\/\/api.w.org\/{rel}","templated":true}]}}