{"id":33,"date":"2009-11-19T02:10:44","date_gmt":"2009-11-19T00:10:44","guid":{"rendered":"https:\/\/blogs.ua.es\/laprincesadeeboli\/?page_id=33"},"modified":"2009-11-19T02:40:07","modified_gmt":"2009-11-19T00:40:07","slug":"infancia-y-juventud","status":"publish","type":"page","link":"https:\/\/blogs.ua.es\/laprincesadeeboli\/infancia-y-juventud\/","title":{"rendered":"Infancia y Juventud"},"content":{"rendered":"<p>INFANCIA Y JUVENTUD<\/p>\n<p>\u00a0<\/p>\n<p>Poco se puede decir acerca de la infancia de la Princesa. Naci\u00f3 en Cifuentes, en casa de sus abuelos, siendo bautizada el d\u00eda 29 de junio de 1540 por el can\u00f3nigo de la Iglesia de Toledo. Su partida de Bautismo aparece inscrita, en el libro primero de los registros parroquiales de la iglesia del Salvador de aquella villa. En dicha partida de bautismo figura bajo el nombre de \u201cJuana\u201d, aunque en el resto de documentos hist\u00f3ricos se le llama Do\u00f1a Ana:<\/p>\n<p>\u00a0&#8220;Hoy d\u00eda del Se\u00f1or San Pedro de Junio fue bautizada la hija del conde de M\u00e9lito, llam\u00f3se Juana de Silva, fueron los padres condes de Alyano de Almenara y bautiz\u00f3la el can\u00f3nigo Cerda&#8221;. \u00a0<\/p>\n<p style=\"text-align: center\">\u00a0<img loading=\"lazy\" decoding=\"async\" class=\"size-full wp-image-36  aligncenter\" src=\"https:\/\/blogs.ua.es\/laprincesadeeboli\/files\/2009\/11\/partida.jpg\" alt=\"Partida de nacimiento de la Princesa de \u00c9boli conservada en la Iglesia del Salvador de Cifuentes (Guadalajara).\" width=\"485\" height=\"150\" \/><\/p>\n<p>\u00a0\u00a0\u00a0\u00a0\u00a0\u00a0\u00a0\u00a0\u00a0\u00a0Partida de nacimiento de la Princesa de \u00c9boli conservada en la Iglesia del Salvador de Cifuentes (Guadalajara).<\/p>\n<p>\u00a0Se sigui\u00f3 la costumbre general y se le impuso diferentes nombres de pila, y principalmente el de sus parientes m\u00e1s cercanos, y por tanto, adem\u00e1s del de Juana, tomado de su t\u00edo el Conde de Cifuentes, se le dio tambi\u00e9n el de su abuela paterna do\u00f1a Ana de la Cerda, que fue el que us\u00f3 durante su vida.<\/p>\n<p style=\"text-align: justify\">En cuanto al apellido, Silva fue elegido de acuerdo con las costumbres de la \u00e9poca, en que todav\u00eda se aplicaba indistintamente a los hijos el de cualquiera de sus ascendientes, sin atenerse \u00fanicamente al apellido por parte paterna como sucede ahora.<\/p>\n<p style=\"text-align: justify\">Se supone que se educo como las dem\u00e1s doncellas nobles de su \u00e9poca. No obstante al ser hija \u00fanica debi\u00f3 de influir bastante, cri\u00e1ndose m\u00e1s mimada y consiguiendo todo lo que se propon\u00eda. Form\u00e1ndose as\u00ed su car\u00e1cter fuerte y altanero.<\/p>\n<p style=\"text-align: justify\">La vida familiar debi\u00f3 de resultar dif\u00edcil, pues sus padres no se llevaban demasiado bien y produci\u00e9ndose en m\u00faltiples ocasiones graves disputas entre ambos que debieron afectar a su hija. No obstante el comportamiento de Ana fue muy adecuado.<\/p>\n<p style=\"text-align: justify\">Debido a esa falta de desentendimiento por ambas partes, se llev\u00f3 a cabo la separaci\u00f3n, gracias a la mediaci\u00f3n de Juana de Austria hermana del rey Felipe II. Ana y su madre fueron a vivir al castillo de Simancas (Valladolid) en Enero de 1558.<\/p>\n<p style=\"text-align: justify\">Fue entonces cuando se cree que sufri\u00f3 el accidente que le hizo perder el ojo derecho.<\/p>\n","protected":false},"excerpt":{"rendered":"<p>INFANCIA Y JUVENTUD \u00a0 Poco se puede decir acerca de la infancia de la Princesa. Naci\u00f3 en Cifuentes, en casa de sus abuelos, siendo bautizada el d\u00eda 29 de junio de 1540 por el can\u00f3nigo de la Iglesia de Toledo. Su partida de Bautismo aparece inscrita, en el libro primero de los registros parroquiales de [&hellip;]<\/p>\n","protected":false},"author":1349,"featured_media":0,"parent":0,"menu_order":0,"comment_status":"open","ping_status":"open","template":"","meta":{"footnotes":""},"class_list":["post-33","page","type-page","status-publish","hentry"],"_links":{"self":[{"href":"https:\/\/blogs.ua.es\/laprincesadeeboli\/wp-json\/wp\/v2\/pages\/33","targetHints":{"allow":["GET"]}}],"collection":[{"href":"https:\/\/blogs.ua.es\/laprincesadeeboli\/wp-json\/wp\/v2\/pages"}],"about":[{"href":"https:\/\/blogs.ua.es\/laprincesadeeboli\/wp-json\/wp\/v2\/types\/page"}],"author":[{"embeddable":true,"href":"https:\/\/blogs.ua.es\/laprincesadeeboli\/wp-json\/wp\/v2\/users\/1349"}],"replies":[{"embeddable":true,"href":"https:\/\/blogs.ua.es\/laprincesadeeboli\/wp-json\/wp\/v2\/comments?post=33"}],"version-history":[{"count":7,"href":"https:\/\/blogs.ua.es\/laprincesadeeboli\/wp-json\/wp\/v2\/pages\/33\/revisions"}],"predecessor-version":[{"id":35,"href":"https:\/\/blogs.ua.es\/laprincesadeeboli\/wp-json\/wp\/v2\/pages\/33\/revisions\/35"}],"wp:attachment":[{"href":"https:\/\/blogs.ua.es\/laprincesadeeboli\/wp-json\/wp\/v2\/media?parent=33"}],"curies":[{"name":"wp","href":"https:\/\/api.w.org\/{rel}","templated":true}]}}