{"id":42,"date":"2009-11-24T16:25:03","date_gmt":"2009-11-24T14:25:03","guid":{"rendered":"https:\/\/blogs.ua.es\/laprincesadeeboli\/?page_id=42"},"modified":"2009-11-24T16:41:37","modified_gmt":"2009-11-24T14:41:37","slug":"matrimonio-con-ruy-gomez-de-silva","status":"publish","type":"page","link":"https:\/\/blogs.ua.es\/laprincesadeeboli\/matrimonio-con-ruy-gomez-de-silva\/","title":{"rendered":"Matrimonio con Ruy G\u00f3mez de Silva"},"content":{"rendered":"<p>En la \u00e9poca se tenia la fatal costumbre de casar a las j\u00f3venes demasiado pronto, importando m\u00e1s que cualquier otra cosa, aumentar la posici\u00f3n de sus casas, sin tener en cuenta ni siquiera la edad de sus hijos.<\/p>\n<p>Como rica heredera que era, Do\u00f1a Ana estaba destinada a un enlace de conveniencia.<\/p>\n<p>Es por eso importante, que mencionemos a un personaje que se introdujo en la corte y que fue, durante toda su vida, un gran servidor del rey. Estamos hablando de Ruy G\u00f3mez de Silva.<\/p>\n<p>Este hombre pertenec\u00eda a una noble familia portuguesa. No obstante a los once a\u00f1os fue designado a servir al Pr\u00edncipe Felipe. M\u00e1s tarde fue nombrado por el Pr\u00edncipe, uno de sus gentiles hombres. Y al subir al trono Felipe II le eligi\u00f3 su consejero de Estado y contador mayor de Castilla. A lo largo de su reinado tambi\u00e9n le concedi\u00f3 toda una serie de distinciones entre las que destacan el t\u00edtulo de Pr\u00edncipe de \u00c9boli y Duque de Estremera y de Pastrana.<\/p>\n<p>L\u00f3gicamente Felipe II\u00a0pronto sinti\u00f3 los deseos de proporcionarle a su favorito, un casamiento pare enlazarle con las casas m\u00e1s ilustres de Castilla.<\/p>\n<p>En un principio se concert\u00f3 su matrimonio con Teresa de Toledo, no obstante sin haber llegado a ning\u00fan acuerdo, tuvo que cancelarse el prop\u00f3sito pues Teresa prefiri\u00f3 convertirse en monja.<\/p>\n<p>Es entonces cuando entra en la escena Do\u00f1a Ana. No obstante la muchacha no estaba aun en edad de casarse, sin embargo, al ser uno de los mejores partidos, Felipe II consider\u00f3 oportuno pedir su mano anticipadamente antes de que fuese comprometida.<\/p>\n<p>Los Condes de M\u00e9lito y padres de Ana aceptaron sin inconvenientes el enlace, el cual qued\u00f3 concertado a finales del a\u00f1o 1552, y el 18 de Abril del siguiente se firmaron en Madrid las capitulaciones matrimoniales.<\/p>\n<p>Debido a la corta edad de do\u00f1a Ana en aquel momento, se estipul\u00f3 en las capitulaciones que el casamiento no se llevar\u00eda a cabo hasta pasados dos A\u00f1os. No obstante, por aquel entonces se hab\u00edan concertado las bodas de Felipe II con Mar\u00eda Tudor y Ruy, como gran servidor del rey tuvo que partir con \u00e9ste a Inglaterra donde permaneci\u00f3 cinco a\u00f1os manteni\u00e9ndose separado de do\u00f1a Ana.<\/p>\n<p>Regres\u00f3 a Espa\u00f1a en 1559, logrando reunirse por fin el matrimonio. Todo indica que en los trece a\u00f1os de matrimonio hasta la muerte del Pr\u00edncipe Ruy G\u00f3mez, disfrutaron de completa felicidad dom\u00e9stica ya que por una parte se puede comprobar debido a su numerosa descendencia, puesto que de aquella uni\u00f3n nacieron diez hijos, y tambi\u00e9n se puede decir que muerto Ruy G\u00f3mez, la viuda se dej\u00f3 llevar pos sus pasiones, pero mientras estuvo casada no se demostr\u00f3 que tuviera relaciones extramatrimoniales<\/p>\n<p style=\"text-align: center\">Ruy y Ana<img loading=\"lazy\" decoding=\"async\" class=\"size-full wp-image-45  aligncenter\" src=\"https:\/\/blogs.ua.es\/laprincesadeeboli\/files\/2009\/11\/ruiyana.jpg\" alt=\"Ruy y Ana\" width=\"170\" height=\"146\" \/><\/p>\n","protected":false},"excerpt":{"rendered":"<p>En la \u00e9poca se tenia la fatal costumbre de casar a las j\u00f3venes demasiado pronto, importando m\u00e1s que cualquier otra cosa, aumentar la posici\u00f3n de sus casas, sin tener en cuenta ni siquiera la edad de sus hijos. Como rica heredera que era, Do\u00f1a Ana estaba destinada a un enlace de conveniencia. Es por eso [&hellip;]<\/p>\n","protected":false},"author":1349,"featured_media":0,"parent":0,"menu_order":0,"comment_status":"open","ping_status":"open","template":"","meta":{"footnotes":""},"class_list":["post-42","page","type-page","status-publish","hentry"],"_links":{"self":[{"href":"https:\/\/blogs.ua.es\/laprincesadeeboli\/wp-json\/wp\/v2\/pages\/42","targetHints":{"allow":["GET"]}}],"collection":[{"href":"https:\/\/blogs.ua.es\/laprincesadeeboli\/wp-json\/wp\/v2\/pages"}],"about":[{"href":"https:\/\/blogs.ua.es\/laprincesadeeboli\/wp-json\/wp\/v2\/types\/page"}],"author":[{"embeddable":true,"href":"https:\/\/blogs.ua.es\/laprincesadeeboli\/wp-json\/wp\/v2\/users\/1349"}],"replies":[{"embeddable":true,"href":"https:\/\/blogs.ua.es\/laprincesadeeboli\/wp-json\/wp\/v2\/comments?post=42"}],"version-history":[{"count":4,"href":"https:\/\/blogs.ua.es\/laprincesadeeboli\/wp-json\/wp\/v2\/pages\/42\/revisions"}],"predecessor-version":[{"id":46,"href":"https:\/\/blogs.ua.es\/laprincesadeeboli\/wp-json\/wp\/v2\/pages\/42\/revisions\/46"}],"wp:attachment":[{"href":"https:\/\/blogs.ua.es\/laprincesadeeboli\/wp-json\/wp\/v2\/media?parent=42"}],"curies":[{"name":"wp","href":"https:\/\/api.w.org\/{rel}","templated":true}]}}