{"id":235,"date":"2012-01-20T15:12:36","date_gmt":"2012-01-20T15:12:36","guid":{"rendered":"https:\/\/blogs.ua.es\/lasfilipinas\/?page_id=235"},"modified":"2012-01-20T15:32:27","modified_gmt":"2012-01-20T15:32:27","slug":"p","status":"publish","type":"page","link":"https:\/\/blogs.ua.es\/lasfilipinas\/p\/","title":{"rendered":"Presentaci\u00f3n"},"content":{"rendered":"<p align=\"center\"><strong>\u00a1Hola!<\/strong><\/p>\n<p align=\"center\"><strong>Soy Ana\u00efs Ponsolle, una estudiante erasmus de Francia. Estudio en la Universidad Montpellier III y este a\u00f1o, tuvo la oportunidad de participar al programa de intercambio con la Universidad de Alicante.\u00a0 En mi pa\u00eds, estudio las lenguas extranjeras aplicadas (ingl\u00e9s, espa\u00f1ol, chino), y las civilizaciones extranjeras. Por eso he elegido este curso de Historia moderna de Espa\u00f1a.<\/strong><\/p>\n<p align=\"center\"><strong>El tema\u00a0de mi blog: Las Filipinas, va a tratar de las diferentes fases hist\u00f3ricas de este archipi\u00e9lago, poniendo de relieve el peso de la colonizaci\u00f3n espa\u00f1ola en este territorio tan lejano de la pen\u00ednsula ib\u00e9rica. He elegido hacer un trabajo sobre este tema porque no\u00a0conoc\u00eda\u00a0muchas cosas respecto a estas islas, \u00a0incluso en lo que concierne a la presencia\u00a0espa\u00f1ola.\u00a0<\/strong><\/p>\n<p align=\"center\"><strong>\u00a1Buena lectura !<\/strong><\/p>\n<p align=\"center\"><a href=\"https:\/\/blogs.ua.es\/lasfilipinas\/files\/2012\/01\/montage1-Copie.jpg\"><img loading=\"lazy\" decoding=\"async\" class=\"aligncenter size-medium wp-image-254\" src=\"https:\/\/blogs.ua.es\/lasfilipinas\/files\/2012\/01\/montage1-Copie-300x236.jpg\" alt=\"\" width=\"300\" height=\"236\" srcset=\"https:\/\/blogs.ua.es\/lasfilipinas\/files\/2012\/01\/montage1-Copie-300x236.jpg 300w, https:\/\/blogs.ua.es\/lasfilipinas\/files\/2012\/01\/montage1-Copie-1024x808.jpg 1024w\" sizes=\"auto, (max-width: 300px) 100vw, 300px\" \/><\/a><\/p>\n","protected":false},"excerpt":{"rendered":"<p>\u00a1Hola! Soy Ana\u00efs Ponsolle, una estudiante erasmus de Francia. Estudio en la Universidad Montpellier III y este a\u00f1o, tuvo la oportunidad de participar al programa de intercambio con la Universidad de Alicante.\u00a0 En mi pa\u00eds, estudio las lenguas extranjeras aplicadas (ingl\u00e9s, espa\u00f1ol, chino), y las civilizaciones extranjeras. Por eso he elegido este curso de Historia [&hellip;]<\/p>\n","protected":false},"author":2185,"featured_media":0,"parent":0,"menu_order":1,"comment_status":"open","ping_status":"closed","template":"","meta":{"footnotes":""},"class_list":["post-235","page","type-page","status-publish","hentry"],"_links":{"self":[{"href":"https:\/\/blogs.ua.es\/lasfilipinas\/wp-json\/wp\/v2\/pages\/235","targetHints":{"allow":["GET"]}}],"collection":[{"href":"https:\/\/blogs.ua.es\/lasfilipinas\/wp-json\/wp\/v2\/pages"}],"about":[{"href":"https:\/\/blogs.ua.es\/lasfilipinas\/wp-json\/wp\/v2\/types\/page"}],"author":[{"embeddable":true,"href":"https:\/\/blogs.ua.es\/lasfilipinas\/wp-json\/wp\/v2\/users\/2185"}],"replies":[{"embeddable":true,"href":"https:\/\/blogs.ua.es\/lasfilipinas\/wp-json\/wp\/v2\/comments?post=235"}],"version-history":[{"count":7,"href":"https:\/\/blogs.ua.es\/lasfilipinas\/wp-json\/wp\/v2\/pages\/235\/revisions"}],"predecessor-version":[{"id":258,"href":"https:\/\/blogs.ua.es\/lasfilipinas\/wp-json\/wp\/v2\/pages\/235\/revisions\/258"}],"wp:attachment":[{"href":"https:\/\/blogs.ua.es\/lasfilipinas\/wp-json\/wp\/v2\/media?parent=235"}],"curies":[{"name":"wp","href":"https:\/\/api.w.org\/{rel}","templated":true}]}}