{"id":239,"date":"2012-01-20T15:12:53","date_gmt":"2012-01-20T15:12:53","guid":{"rendered":"https:\/\/blogs.ua.es\/lasfilipinas\/?page_id=239"},"modified":"2012-01-20T18:21:29","modified_gmt":"2012-01-20T18:21:29","slug":"d","status":"publish","type":"page","link":"https:\/\/blogs.ua.es\/lasfilipinas\/d\/","title":{"rendered":"Contexto hist\u00f3rico"},"content":{"rendered":"<h1 style=\"text-align: center\">El siglo de Oro<\/h1>\n<h1 style=\"text-align: center\"><strong>XVI-XVII<\/strong><\/h1>\n<p>&nbsp;<\/p>\n<p><strong>1520: Magallanes pas\u00f3 por el sur del continente americano y dio la primero vuelta al mundo<\/strong><\/p>\n<p><strong>1521: descubrimiento de las islas Filipinas por Magallanes<\/strong><\/p>\n<p><strong>1524-1540: colonizaci\u00f3n de Per\u00fa por Pizarro<\/strong><\/p>\n<p><strong>1556: Felipe II sucedi\u00f3 a Carlos V en Espa\u00f1a<\/strong><\/p>\n<p><strong>1561: Madrid fue designada capital de Espa\u00f1a<\/strong><\/p>\n<p><strong>1635: Guerra Franco-espa\u00f1ola, conocida como guerra de los 30 a\u00f1os<\/strong><\/p>\n<p><strong>1700: Muerte de Carlos II: guerra de sucesi\u00f3n<\/strong><\/p>\n<p><strong>1846: Guerra entre M\u00e9jico y EE.UU<\/strong><\/p>\n<p><strong>1873: I Republica de Espa\u00f1a<\/strong><\/p>\n<p><strong>1874: Restauraci\u00f3n mon\u00e1rquica<\/strong><\/p>\n<p><strong>1879-1884: Guerra del Pacifico<\/strong><strong>\u00a0<\/strong><\/p>\n<p><strong>1898: -Guerra entre Espa\u00f1a y los EE.UU, independencia de Cuba y Puerto Rico. <\/strong><\/p>\n<p><strong>\u00a0 \u00a0 \u00a0 \u00a0 \u00a0 \u00a0 -Tratado de Paris: venta\u00a0 de las Filipinas a los EE.UU por 20 millones de d\u00f3lares.<\/strong><\/p>\n<p>&nbsp;<\/p>\n<p style=\"text-align: center\"><code>\u00a0 \u00a0 \u00a0 \u00a0 \u00a0[kml_flashembed movie=\"http:\/\/www.youtube.com\/v\/gS4dD5EJQ9g\" width=\"425\" height=\"350\" wmode=\"transparent\" \/]<\/code><\/p>\n","protected":false},"excerpt":{"rendered":"<p>El siglo de Oro XVI-XVII &nbsp; 1520: Magallanes pas\u00f3 por el sur del continente americano y dio la primero vuelta al mundo 1521: descubrimiento de las islas Filipinas por Magallanes 1524-1540: colonizaci\u00f3n de Per\u00fa por Pizarro 1556: Felipe II sucedi\u00f3 a Carlos V en Espa\u00f1a 1561: Madrid fue designada capital de Espa\u00f1a 1635: Guerra Franco-espa\u00f1ola, [&hellip;]<\/p>\n","protected":false},"author":2185,"featured_media":0,"parent":0,"menu_order":3,"comment_status":"open","ping_status":"open","template":"","meta":{"footnotes":""},"class_list":["post-239","page","type-page","status-publish","hentry"],"_links":{"self":[{"href":"https:\/\/blogs.ua.es\/lasfilipinas\/wp-json\/wp\/v2\/pages\/239","targetHints":{"allow":["GET"]}}],"collection":[{"href":"https:\/\/blogs.ua.es\/lasfilipinas\/wp-json\/wp\/v2\/pages"}],"about":[{"href":"https:\/\/blogs.ua.es\/lasfilipinas\/wp-json\/wp\/v2\/types\/page"}],"author":[{"embeddable":true,"href":"https:\/\/blogs.ua.es\/lasfilipinas\/wp-json\/wp\/v2\/users\/2185"}],"replies":[{"embeddable":true,"href":"https:\/\/blogs.ua.es\/lasfilipinas\/wp-json\/wp\/v2\/comments?post=239"}],"version-history":[{"count":10,"href":"https:\/\/blogs.ua.es\/lasfilipinas\/wp-json\/wp\/v2\/pages\/239\/revisions"}],"predecessor-version":[{"id":270,"href":"https:\/\/blogs.ua.es\/lasfilipinas\/wp-json\/wp\/v2\/pages\/239\/revisions\/270"}],"wp:attachment":[{"href":"https:\/\/blogs.ua.es\/lasfilipinas\/wp-json\/wp\/v2\/media?parent=239"}],"curies":[{"name":"wp","href":"https:\/\/api.w.org\/{rel}","templated":true}]}}