{"id":248,"date":"2012-01-20T15:23:21","date_gmt":"2012-01-20T15:23:21","guid":{"rendered":"https:\/\/blogs.ua.es\/lasfilipinas\/?page_id=248"},"modified":"2012-01-23T18:21:04","modified_gmt":"2012-01-23T18:21:04","slug":"bibliografia-2","status":"publish","type":"page","link":"https:\/\/blogs.ua.es\/lasfilipinas\/bibliografia-2\/","title":{"rendered":"Bibliograf\u00eda"},"content":{"rendered":"<p><em>OBRAS CL\u00c1SICAS PARA LA HISTORIA DE FILIPINAS<\/em>&#8211;\u00a0Antonio Molina Memije<\/p>\n<p><em>CLARIDAD 3\u00e8me \u00e9dition<\/em>&#8211; Olga CARO ALDA, Anahi HIERRO FLORES, Vincent DEMAZIERES- \u00e9ditions Martorana<\/p>\n<p><em>Introducci\u00f3n a la Historia de Am\u00e9rica: altas culturas y bases de la colonizaci\u00f3n espa\u00f1ola<\/em>, P\u00e9rez Murillo, Mar\u00eda Dolores,Universidad de C\u00e1diz, 2003<\/p>\n<p><em>La guerra del 98. Las campa\u00f1as de Cuba, Puerto Rico y Filipinas<\/em>. Rodr\u00edguez Gonz\u00e1lez, Agust\u00edn,Madrid: Agualarga, [1998].<\/p>\n","protected":false},"excerpt":{"rendered":"<p>OBRAS CL\u00c1SICAS PARA LA HISTORIA DE FILIPINAS&#8211;\u00a0Antonio Molina Memije CLARIDAD 3\u00e8me \u00e9dition&#8211; Olga CARO ALDA, Anahi HIERRO FLORES, Vincent DEMAZIERES- \u00e9ditions Martorana Introducci\u00f3n a la Historia de Am\u00e9rica: altas culturas y bases de la colonizaci\u00f3n espa\u00f1ola, P\u00e9rez Murillo, Mar\u00eda Dolores,Universidad de C\u00e1diz, 2003 La guerra del 98. Las campa\u00f1as de Cuba, Puerto Rico y Filipinas. [&hellip;]<\/p>\n","protected":false},"author":2185,"featured_media":0,"parent":0,"menu_order":4,"comment_status":"open","ping_status":"open","template":"","meta":{"footnotes":""},"class_list":["post-248","page","type-page","status-publish","hentry"],"_links":{"self":[{"href":"https:\/\/blogs.ua.es\/lasfilipinas\/wp-json\/wp\/v2\/pages\/248","targetHints":{"allow":["GET"]}}],"collection":[{"href":"https:\/\/blogs.ua.es\/lasfilipinas\/wp-json\/wp\/v2\/pages"}],"about":[{"href":"https:\/\/blogs.ua.es\/lasfilipinas\/wp-json\/wp\/v2\/types\/page"}],"author":[{"embeddable":true,"href":"https:\/\/blogs.ua.es\/lasfilipinas\/wp-json\/wp\/v2\/users\/2185"}],"replies":[{"embeddable":true,"href":"https:\/\/blogs.ua.es\/lasfilipinas\/wp-json\/wp\/v2\/comments?post=248"}],"version-history":[{"count":5,"href":"https:\/\/blogs.ua.es\/lasfilipinas\/wp-json\/wp\/v2\/pages\/248\/revisions"}],"predecessor-version":[{"id":370,"href":"https:\/\/blogs.ua.es\/lasfilipinas\/wp-json\/wp\/v2\/pages\/248\/revisions\/370"}],"wp:attachment":[{"href":"https:\/\/blogs.ua.es\/lasfilipinas\/wp-json\/wp\/v2\/media?parent=248"}],"curies":[{"name":"wp","href":"https:\/\/api.w.org\/{rel}","templated":true}]}}