{"id":64,"date":"2012-01-20T11:03:15","date_gmt":"2012-01-20T11:03:15","guid":{"rendered":"https:\/\/blogs.ua.es\/lasmujeresdefelipeii\/?page_id=64"},"modified":"2012-01-20T13:24:20","modified_gmt":"2012-01-20T13:24:20","slug":"presentacion","status":"publish","type":"page","link":"https:\/\/blogs.ua.es\/lasmujeresdefelipeii\/presentacion\/","title":{"rendered":"Presentaci\u00f3n"},"content":{"rendered":"<p>\u00a1Hola!<\/p>\n<p>Me llamo Patricia Lussier.\u00a0 Estoy estudiando Lenguas Modernas en la Universidad en Canad\u00e1.\u00a0 Este semestre he decido hacer un intercambio ya que me permite descubrir una nueva cultura, encontrar nuevas personas y acostumbrarme a las conversaciones coloquiales de los hablantes nativos.\u00a0 Creo que es una buena oportunidad para m\u00ed y tambi\u00e9n para mejorar mi espa\u00f1ol.\u00a0<\/p>\n<p>Este semestre estoy estudiando en Espa\u00f1a en la Universidad de Alicante, he elegido hacer un curso de historia para entender mejor la cultura espa\u00f1ola.\u00a0 En mi curso de Historia Moderna, con el profesor Antonio Carrasco Rodr\u00edguez tenemos que hacer un blog, sobre la historia moderna de Espa\u00f1a.\u00a0 El tema de mi blog es Las Mujeres de Felipe II.\u00a0 He elegido este tema no solamente porque me parec\u00eda interesante sino que quer\u00eda saber m\u00e1s sobre sus hermanas, su vida sentimental y sus hijas.\u00a0 Antes de hacer una b\u00fasqueda sobre el tema sab\u00eda que \u00e9l tuvo varias mujeres pero nada m\u00e1s.\u00a0 Cuando he le\u00eddo sobre las mujeres de Felipe II, he aprendido muchas cosas muy interesantes como que \u00e9l ten\u00eda muchos hijos e hijas y tambi\u00e9n que habr\u00eda tenido una amante secreta.<\/p>\n","protected":false},"excerpt":{"rendered":"<p>\u00a1Hola! Me llamo Patricia Lussier.\u00a0 Estoy estudiando Lenguas Modernas en la Universidad en Canad\u00e1.\u00a0 Este semestre he decido hacer un intercambio ya que me permite descubrir una nueva cultura, encontrar nuevas personas y acostumbrarme a las conversaciones coloquiales de los hablantes nativos.\u00a0 Creo que es una buena oportunidad para m\u00ed y tambi\u00e9n para mejorar mi [&hellip;]<\/p>\n","protected":false},"author":2182,"featured_media":0,"parent":0,"menu_order":0,"comment_status":"open","ping_status":"open","template":"","meta":{"footnotes":""},"class_list":["post-64","page","type-page","status-publish","hentry"],"_links":{"self":[{"href":"https:\/\/blogs.ua.es\/lasmujeresdefelipeii\/wp-json\/wp\/v2\/pages\/64","targetHints":{"allow":["GET"]}}],"collection":[{"href":"https:\/\/blogs.ua.es\/lasmujeresdefelipeii\/wp-json\/wp\/v2\/pages"}],"about":[{"href":"https:\/\/blogs.ua.es\/lasmujeresdefelipeii\/wp-json\/wp\/v2\/types\/page"}],"author":[{"embeddable":true,"href":"https:\/\/blogs.ua.es\/lasmujeresdefelipeii\/wp-json\/wp\/v2\/users\/2182"}],"replies":[{"embeddable":true,"href":"https:\/\/blogs.ua.es\/lasmujeresdefelipeii\/wp-json\/wp\/v2\/comments?post=64"}],"version-history":[{"count":3,"href":"https:\/\/blogs.ua.es\/lasmujeresdefelipeii\/wp-json\/wp\/v2\/pages\/64\/revisions"}],"predecessor-version":[{"id":82,"href":"https:\/\/blogs.ua.es\/lasmujeresdefelipeii\/wp-json\/wp\/v2\/pages\/64\/revisions\/82"}],"wp:attachment":[{"href":"https:\/\/blogs.ua.es\/lasmujeresdefelipeii\/wp-json\/wp\/v2\/media?parent=64"}],"curies":[{"name":"wp","href":"https:\/\/api.w.org\/{rel}","templated":true}]}}