{"id":75,"date":"2012-01-20T11:04:53","date_gmt":"2012-01-20T11:04:53","guid":{"rendered":"https:\/\/blogs.ua.es\/lasmujeresdefelipeii\/?page_id=75"},"modified":"2012-01-20T21:37:49","modified_gmt":"2012-01-20T21:37:49","slug":"contexto-historico-3","status":"publish","type":"page","link":"https:\/\/blogs.ua.es\/lasmujeresdefelipeii\/contexto-historico-3\/","title":{"rendered":"Contexto hist\u00f3rico"},"content":{"rendered":"<p><strong>1503:<\/strong> Nacimiento de Isabel de Portugal, madre del pr\u00edncipe Felipe.\u00a0<\/p>\n<p><strong>1527:<\/strong> Nacimiento del pr\u00edncipe Felipe, el 21 de mayo en Valladolid.\u00a0 El Saco de Roma (Las tropas espa\u00f1olas y alemanas de Carlos I \u00a0se\u00f1al\u00f3 una victoria imperial crucial en el conflicto entre el Sacro Imperio Romano Germ\u00e1nico y la Liga de Cognac).<\/p>\n<p><strong>1539:<\/strong> Fallecimiento de Isabel de Portugal, madre del pr\u00edncipe Felipe.<\/p>\n<p><strong>1543:<\/strong> Carlos V, padre del pr\u00edncipe Felipe viaja a Europa.\u00a0 En este ano, el pr\u00edncipe Felipe se casa con Mar\u00eda Manuela de Portugal.<\/p>\n<p><strong>1545:<\/strong> Muerte de Mar\u00eda Manuela de Portugal, despu\u00e9s de haber dado luz a Carlos de Austria.<\/p>\n<p><strong>1546:<\/strong> El pr\u00edncipe Felipe fue investido Duque de forma secreta. \u00a0<\/p>\n<p><strong>1551:<\/strong> Acuerdo familiar de Augsburgo.<\/p>\n<p><strong>1554:<\/strong> Boda del pr\u00edncipe Felipe con Mar\u00eda I de Inglaterra.<\/p>\n<p><strong>1555:<\/strong> Abdicaci\u00f3n de Carlos V (El fue nombrado rey de Arag\u00f3n y de Castilla)<\/p>\n<p><strong>1556-1598:<\/strong> Reino de Felipe II de Espa\u00f1a.<\/p>\n<p><strong>1558:<\/strong> Muerte de Carlos V y de Mar\u00eda I de Inglaterra. \u00a0El reino en Inglaterra del pr\u00edncipe Felipe se acabo.<\/p>\n<p><strong>1559:<\/strong> Se firma la paz de Chateau-Cambresis con los franceses. \u00a0Felipe II se casa con Isabel de Valois.<\/p>\n<p><strong>1561:<\/strong> Traslado definitivo de la Corte a Madrid.<\/p>\n<p><strong>1568:<\/strong> Muerte de Isabel de Valois.<\/p>\n<p><strong>1570:<\/strong> Felipe II, se casa por la cuarta vez con Ana de Austria.<\/p>\n<p><strong>1571:<\/strong> Batalla de Lepanto.<\/p>\n<p><strong>1581: <\/strong>El reconocimiento formal de Felipe II como rey de Portugal se produjo en las Cortes de Tomar.<strong> <\/strong><\/p>\n<p><strong>1588: <\/strong>Desastre de la Armada Invencible<\/p>\n<p><strong>1598:<\/strong> Fallecimiento de Felipe II, el 13 de septiembre en San Lorenzo de El Escorial.<\/p>\n","protected":false},"excerpt":{"rendered":"<p>1503: Nacimiento de Isabel de Portugal, madre del pr\u00edncipe Felipe.\u00a0 1527: Nacimiento del pr\u00edncipe Felipe, el 21 de mayo en Valladolid.\u00a0 El Saco de Roma (Las tropas espa\u00f1olas y alemanas de Carlos I \u00a0se\u00f1al\u00f3 una victoria imperial crucial en el conflicto entre el Sacro Imperio Romano Germ\u00e1nico y la Liga de Cognac). 1539: Fallecimiento de [&hellip;]<\/p>\n","protected":false},"author":2182,"featured_media":0,"parent":0,"menu_order":0,"comment_status":"open","ping_status":"open","template":"","meta":{"footnotes":""},"class_list":["post-75","page","type-page","status-publish","hentry"],"_links":{"self":[{"href":"https:\/\/blogs.ua.es\/lasmujeresdefelipeii\/wp-json\/wp\/v2\/pages\/75","targetHints":{"allow":["GET"]}}],"collection":[{"href":"https:\/\/blogs.ua.es\/lasmujeresdefelipeii\/wp-json\/wp\/v2\/pages"}],"about":[{"href":"https:\/\/blogs.ua.es\/lasmujeresdefelipeii\/wp-json\/wp\/v2\/types\/page"}],"author":[{"embeddable":true,"href":"https:\/\/blogs.ua.es\/lasmujeresdefelipeii\/wp-json\/wp\/v2\/users\/2182"}],"replies":[{"embeddable":true,"href":"https:\/\/blogs.ua.es\/lasmujeresdefelipeii\/wp-json\/wp\/v2\/comments?post=75"}],"version-history":[{"count":4,"href":"https:\/\/blogs.ua.es\/lasmujeresdefelipeii\/wp-json\/wp\/v2\/pages\/75\/revisions"}],"predecessor-version":[{"id":83,"href":"https:\/\/blogs.ua.es\/lasmujeresdefelipeii\/wp-json\/wp\/v2\/pages\/75\/revisions\/83"}],"wp:attachment":[{"href":"https:\/\/blogs.ua.es\/lasmujeresdefelipeii\/wp-json\/wp\/v2\/media?parent=75"}],"curies":[{"name":"wp","href":"https:\/\/api.w.org\/{rel}","templated":true}]}}