{"id":77,"date":"2012-01-20T11:05:09","date_gmt":"2012-01-20T11:05:09","guid":{"rendered":"https:\/\/blogs.ua.es\/lasmujeresdefelipeii\/?page_id=77"},"modified":"2012-01-25T09:19:07","modified_gmt":"2012-01-25T09:19:07","slug":"bibliografia-4","status":"publish","type":"page","link":"https:\/\/blogs.ua.es\/lasmujeresdefelipeii\/bibliografia-4\/","title":{"rendered":"Bibliograf\u00eda"},"content":{"rendered":"<p>BRAUDEL, Fernand. <em>El Mediterr\u00e1neo y el mundo mediterr\u00e1neo en tiempos de Felipe II<\/em>, FCE, M\u00e9xico, 1984.<\/p>\n<p>CAMPOS Y FERN\u00c1NDEZ DE SEVILLA, Francisco Javier. <em>Felipe II y su \u00e9poca<\/em>. RCU Escorial-Mar\u00eda Cristina, San Lorenzo de El Escorial., 1998.<\/p>\n<p>CARNICER GARC\u00cdA, Carlos J. y MARCOS RIVAS, Javier. <em>Esp\u00edas de Felipe II: Los servicios secretos del Imperio espa\u00f1ol<\/em>. Editorial La Esfera de los Libros, 2005.<\/p>\n<p>FERN\u00c1NDEZ \u00c1LVAREZ, Manuel. <em>Felipe II y su tiempo<\/em>, Espasa Calpe, 2006.<\/p>\n<p>FERN\u00c1NDEZ DE RETANA, L. <em>Espa\u00f1a en tiempos de Felipe II<\/em>. H\u00aa de Espa\u00f1a dirigida por Men\u00e9ndez Pidal, tomo XVIII, Madrid, 1958.<\/p>\n<p>KAMEN, Henry. <em>Felipe de Espa\u00f1a<\/em>, Siglo XXI, Madrid, 1997.<\/p>\n<p>O\u2019BRIEN, Kate. <em>That Lady: A Romantic Drama<\/em>. Harper &amp; Brothers, 1949.<\/p>\n<p>P\u00c9REZ, Joseph. <em>La Espa\u00f1a de Felipe II,<\/em> Editorial Cr\u00edtica, 2000.<\/p>\n<p>PARKER, Geoffrey. <em>Felipe II<\/em>, Alianza Editorial, S.A. 1984 (3\u00aa ed. 2003)<\/p>\n<p>PARKER, Geoffrey.\u00a0<em>Felipe II: La biograf\u00eda definitiva<\/em>, Editorial Planeta, S.A, 2010.<\/p>\n<p>UBIETO, REGL\u00c1, JOVER y SECO. <em>Introducci\u00f3n a la Historia de Espa\u00f1a<\/em>, Barcelona, 1961.<\/p>\n<p>VERLINDEN, CH. <em>L\u00b4Empire espagnol<\/em>, Recueil de la societ\u00e9 Jean Beaudoin, Bruselas, 1973.<\/p>\n","protected":false},"excerpt":{"rendered":"<p>BRAUDEL, Fernand. El Mediterr\u00e1neo y el mundo mediterr\u00e1neo en tiempos de Felipe II, FCE, M\u00e9xico, 1984. CAMPOS Y FERN\u00c1NDEZ DE SEVILLA, Francisco Javier. Felipe II y su \u00e9poca. RCU Escorial-Mar\u00eda Cristina, San Lorenzo de El Escorial., 1998. CARNICER GARC\u00cdA, Carlos J. y MARCOS RIVAS, Javier. Esp\u00edas de Felipe II: Los servicios secretos del Imperio espa\u00f1ol. [&hellip;]<\/p>\n","protected":false},"author":2182,"featured_media":0,"parent":0,"menu_order":0,"comment_status":"open","ping_status":"open","template":"","meta":{"footnotes":""},"class_list":["post-77","page","type-page","status-publish","hentry"],"_links":{"self":[{"href":"https:\/\/blogs.ua.es\/lasmujeresdefelipeii\/wp-json\/wp\/v2\/pages\/77","targetHints":{"allow":["GET"]}}],"collection":[{"href":"https:\/\/blogs.ua.es\/lasmujeresdefelipeii\/wp-json\/wp\/v2\/pages"}],"about":[{"href":"https:\/\/blogs.ua.es\/lasmujeresdefelipeii\/wp-json\/wp\/v2\/types\/page"}],"author":[{"embeddable":true,"href":"https:\/\/blogs.ua.es\/lasmujeresdefelipeii\/wp-json\/wp\/v2\/users\/2182"}],"replies":[{"embeddable":true,"href":"https:\/\/blogs.ua.es\/lasmujeresdefelipeii\/wp-json\/wp\/v2\/comments?post=77"}],"version-history":[{"count":3,"href":"https:\/\/blogs.ua.es\/lasmujeresdefelipeii\/wp-json\/wp\/v2\/pages\/77\/revisions"}],"predecessor-version":[{"id":123,"href":"https:\/\/blogs.ua.es\/lasmujeresdefelipeii\/wp-json\/wp\/v2\/pages\/77\/revisions\/123"}],"wp:attachment":[{"href":"https:\/\/blogs.ua.es\/lasmujeresdefelipeii\/wp-json\/wp\/v2\/media?parent=77"}],"curies":[{"name":"wp","href":"https:\/\/api.w.org\/{rel}","templated":true}]}}