{"id":79,"date":"2012-01-20T11:05:24","date_gmt":"2012-01-20T11:05:24","guid":{"rendered":"https:\/\/blogs.ua.es\/lasmujeresdefelipeii\/?page_id=79"},"modified":"2012-01-25T11:04:35","modified_gmt":"2012-01-25T11:04:35","slug":"direcciones-2","status":"publish","type":"page","link":"https:\/\/blogs.ua.es\/lasmujeresdefelipeii\/direcciones-2\/","title":{"rendered":"Direcciones"},"content":{"rendered":"<p><a href=\"http:\/\/www.mundohistoria.org\/resenyas\/las-mujeres-felipe-ii\">http:\/\/www.mundohistoria.org\/resenyas\/las-mujeres-felipe-ii<\/a><\/p>\n<p>Sirve de informaci\u00f3n sobre la vida de Felipe II y sus mujeres y para obtener im\u00e1genes.<\/p>\n<p>&nbsp;<\/p>\n<p><a href=\"http:\/\/es.wikipedia.org\/wiki\/Felipe_II_de_Espa%C3%B1a\">http:\/\/es.wikipedia.org\/wiki\/Felipe_II_de_Espa%C3%B1a<\/a><\/p>\n<p>Sirve de informaci\u00f3n sobre la vida de Felipe II y para obtener im\u00e1genes de Felipe II<\/p>\n<p>&nbsp;<\/p>\n<p><a href=\"http:\/\/images.google.es\/search?q=felipe%20II&amp;oe=utf-8&amp;rls=org.mozilla:es-ES:official&amp;client=firefox-a&amp;um=1&amp;ie=UTF-8&amp;sa=N&amp;hl=es&amp;tab=wi&amp;biw=1366&amp;bih=508&amp;sei=csIfT4CBE86zhAfv55TPDQ&amp;tbm=isch\">http:\/\/images.google.es\/search?q=felipe%20II&amp;oe=utf-8&amp;rls=org.mozilla:es-ES:official&amp;client=firefox-a&amp;um=1&amp;ie=UTF-8&amp;sa=N&amp;hl=es&amp;tab=wi&amp;biw=1366&amp;bih=508&amp;sei=csIfT4CBE86zhAfv55TPDQ&amp;tbm=isch<\/a><\/p>\n<p>Sirve para obtener im\u00e1genes de Felipe II<\/p>\n<p>&nbsp;<\/p>\n<p><a href=\"http:\/\/es.wikipedia.org\/wiki\/Isabel_de_Portugal\">http:\/\/es.wikipedia.org\/wiki\/Isabel_de_Portugal<\/a><\/p>\n<p>Sirve de informaci\u00f3n sobre la vida de Isabel de Portugal y para obtener im\u00e1genes de ella.<\/p>\n<p>&nbsp;<\/p>\n<p><a href=\"http:\/\/es.wikipedia.org\/wiki\/Mar%C3%ADa_de_Austria_y_Portugal\">http:\/\/es.wikipedia.org\/wiki\/Mar%C3%ADa_de_Austria_y_Portugal<\/a><\/p>\n<p>Sirve de informaci\u00f3n sobre la vida de Mar\u00eda de Austria y Portugal y para obtener im\u00e1genes de ella.<\/p>\n<p>&nbsp;<\/p>\n<p><a href=\"http:\/\/es.wikipedia.org\/wiki\/Juana_de_Austria\">http:\/\/es.wikipedia.org\/wiki\/Juana_de_Austria<\/a><\/p>\n<p>Sirve de informaci\u00f3n sobre la vida de Juana de Austria y para obtener im\u00e1genes de ella.<\/p>\n<p>&nbsp;<\/p>\n<p><a href=\"http:\/\/es.wikipedia.org\/wiki\/Maria_Manuela_de_Portugal\">http:\/\/es.wikipedia.org\/wiki\/Maria_Manuela_de_Portugal<\/a><\/p>\n<p>Sirve de informaci\u00f3n sobre la vida de Mar\u00eda Manuela de Portugal y para obtener im\u00e1genes de ella.<\/p>\n<p>&nbsp;<\/p>\n<p><a href=\"http:\/\/es.wikipedia.org\/wiki\/Mar%C3%ADa_I_de_Inglaterra\">http:\/\/es.wikipedia.org\/wiki\/Mar%C3%ADa_I_de_Inglaterra<\/a><\/p>\n<p>Sirve de informaci\u00f3n sobre la vida de Mar\u00eda I de Inglaterra y para obtener im\u00e1genes de ella.<\/p>\n<p>&nbsp;<\/p>\n<p><a href=\"http:\/\/es.wikipedia.org\/wiki\/Isabel_de_Valois,_reina_de_Espa%C3%B1a\">http:\/\/es.wikipedia.org\/wiki\/Isabel_de_Valois,_reina_de_Espa%C3%B1a<\/a><\/p>\n<p>Sirve de informaci\u00f3n sobre la vida de Isabel de Valois y para obtener im\u00e1genes de ella.<\/p>\n<p>&nbsp;<\/p>\n<p><a href=\"http:\/\/es.wikipedia.org\/wiki\/Ana_de_Austria_(1549-1580\">http:\/\/es.wikipedia.org\/wiki\/Ana_de_Austria_(1549-1580<\/a>)<\/p>\n<p>Sirve de informaci\u00f3n sobre la vida de Ana de Austria y para obtener im\u00e1genes de ella.<\/p>\n<p>&nbsp;<\/p>\n<p><a href=\"http:\/\/es.wikipedia.org\/wiki\/Isabel_Clara_Eugenia\">http:\/\/es.wikipedia.org\/wiki\/Isabel_Clara_Eugenia<\/a><\/p>\n<p>Sirve de informaci\u00f3n sobre la vida de Isabel Clara Eugenia y para obtener im\u00e1genes de ella.<\/p>\n<p>&nbsp;<\/p>\n<p><a href=\"http:\/\/es.wikipedia.org\/wiki\/Catalina_Micaela\">http:\/\/es.wikipedia.org\/wiki\/Catalina_Micaela<\/a><\/p>\n<p>Sirve de informaci\u00f3n sobre la vida de Catalina Micaela y para obtener im\u00e1genes de ella.<\/p>\n<p>&nbsp;<\/p>\n<p><a href=\"http:\/\/es.wikipedia.org\/wiki\/Ana_de_Mendoza_de_la_Cerda\">http:\/\/es.wikipedia.org\/wiki\/Ana_de_Mendoza_de_la_Cerda<\/a><\/p>\n<p>Sirve de informaci\u00f3n sobre la vida de Ana de Mendoza y de la Cerda y para obtener im\u00e1genes de ella.<\/p>\n<p>&nbsp;<\/p>\n<p><a href=\"http:\/\/www.oem.com.mx\/oem\/notas\/n1093160.htm\">http:\/\/www.oem.com.mx\/oem\/notas\/n1093160.htm<\/a><\/p>\n<p>Sirve de informaci\u00f3n sobre la vida de Felipe II y sus cuatro esposas.<\/p>\n<p>&nbsp;<\/p>\n<p><a href=\"http:\/\/huidadelmundanalruido.zoomblog.com\/archivo\/2010\/08\/09\/\">http:\/\/huidadelmundanalruido.zoomblog.com\/archivo\/2010\/08\/09\/<\/a><\/p>\n<p>Sirve de informaci\u00f3n sobre vida de Felipe II y sus cuatro esposas y tambi\u00e9n para haber im\u00e1genes de todo ellos.<\/p>\n<p>&nbsp;<\/p>\n<p><a href=\"http:\/\/gw1.geneanet.org\/genroy?lang=fr;p=felipe+ii;n=d+espagne\">http:\/\/gw1.geneanet.org\/genroy?lang=fr;p=felipe+ii;n=d+espagne<\/a><\/p>\n<p>Sirve para ver el \u00e1rbol geneal\u00f3gico de Felipe II<\/p>\n<p>&nbsp;<\/p>\n<p><a href=\"https:\/\/blogs.ua.es\/historiamoderna\/enlaces-felipe-ii\/\">https:\/\/blogs.ua.es\/historiamoderna\/enlaces-felipe-ii\/<\/a><\/p>\n<p>Sirve de informaci\u00f3n sobre vida de Felipe II y sus cuatro esposas.<\/p>\n","protected":false},"excerpt":{"rendered":"<p>http:\/\/www.mundohistoria.org\/resenyas\/las-mujeres-felipe-ii Sirve de informaci\u00f3n sobre la vida de Felipe II y sus mujeres y para obtener im\u00e1genes. &nbsp; http:\/\/es.wikipedia.org\/wiki\/Felipe_II_de_Espa%C3%B1a Sirve de informaci\u00f3n sobre la vida de Felipe II y para obtener im\u00e1genes de Felipe II &nbsp; http:\/\/images.google.es\/search?q=felipe%20II&amp;oe=utf-8&amp;rls=org.mozilla:es-ES:official&amp;client=firefox-a&amp;um=1&amp;ie=UTF-8&amp;sa=N&amp;hl=es&amp;tab=wi&amp;biw=1366&amp;bih=508&amp;sei=csIfT4CBE86zhAfv55TPDQ&amp;tbm=isch Sirve para obtener im\u00e1genes de Felipe II &nbsp; http:\/\/es.wikipedia.org\/wiki\/Isabel_de_Portugal Sirve de informaci\u00f3n sobre la vida de Isabel de [&hellip;]<\/p>\n","protected":false},"author":2182,"featured_media":0,"parent":0,"menu_order":0,"comment_status":"open","ping_status":"open","template":"","meta":{"footnotes":""},"class_list":["post-79","page","type-page","status-publish","hentry"],"_links":{"self":[{"href":"https:\/\/blogs.ua.es\/lasmujeresdefelipeii\/wp-json\/wp\/v2\/pages\/79","targetHints":{"allow":["GET"]}}],"collection":[{"href":"https:\/\/blogs.ua.es\/lasmujeresdefelipeii\/wp-json\/wp\/v2\/pages"}],"about":[{"href":"https:\/\/blogs.ua.es\/lasmujeresdefelipeii\/wp-json\/wp\/v2\/types\/page"}],"author":[{"embeddable":true,"href":"https:\/\/blogs.ua.es\/lasmujeresdefelipeii\/wp-json\/wp\/v2\/users\/2182"}],"replies":[{"embeddable":true,"href":"https:\/\/blogs.ua.es\/lasmujeresdefelipeii\/wp-json\/wp\/v2\/comments?post=79"}],"version-history":[{"count":7,"href":"https:\/\/blogs.ua.es\/lasmujeresdefelipeii\/wp-json\/wp\/v2\/pages\/79\/revisions"}],"predecessor-version":[{"id":185,"href":"https:\/\/blogs.ua.es\/lasmujeresdefelipeii\/wp-json\/wp\/v2\/pages\/79\/revisions\/185"}],"wp:attachment":[{"href":"https:\/\/blogs.ua.es\/lasmujeresdefelipeii\/wp-json\/wp\/v2\/media?parent=79"}],"curies":[{"name":"wp","href":"https:\/\/api.w.org\/{rel}","templated":true}]}}