{"id":38,"date":"2009-11-26T21:17:44","date_gmt":"2009-11-26T19:17:44","guid":{"rendered":"https:\/\/blogs.ua.es\/lasreinashispanicas\/?page_id=38"},"modified":"2009-12-10T15:19:55","modified_gmt":"2009-12-10T13:19:55","slug":"isabel-de-portugal-biografia","status":"publish","type":"page","link":"https:\/\/blogs.ua.es\/lasreinashispanicas\/isabel-de-portugal-biografia\/","title":{"rendered":"Isabel de Portugal"},"content":{"rendered":"<p>Isabel de Portugal (1428 \u2013 1496) fue reina consorte de Castilla y Le\u00f3n. Naci\u00f3 en la dinast\u00eda de Aviz que dominaba Portugal desde 1385. Hija de Juan Infante, el hijo m\u00e1s joven superviviente de Juan I de Portugal y de Isabel de Parcelos, una noble portuguesa. Madre de la famosa Isabel I de Castilla (1451-1504) y del infante Alfonso, Pr\u00edncipe de Asturias (1453-1468) quien muri\u00f3 probablemente por los efectos de la peste.<\/p>\n<p>Se cas\u00f3 con Juan II de Castilla en el 17 de agosto de 1447 como su segundo matrimonio. \u00c9l ten\u00eda cuatro hijos con su primera, Mar\u00eda de Arag\u00f3n pero solo uno sobrevivi\u00f3 qui\u00e9n entonces iba a ser Enrique IV de Castilla. Se llam\u00f3 \u201cEl impotente\u201d por su casamiento de siete a\u00f1os con la infanta Blanca de Navarra \u2013 qui\u00e9n ten\u00eda solo 12 a\u00f1os \u2013 porque no pudieron engendrar un heredero. Por eso y tambi\u00e9n por el muerte de su primera esposa, Mar\u00eda de Arag\u00f3n, Juan II decidi\u00f3 buscar a otra esposa. Como el rey fue d\u00e9bil en gobernaci\u00f3n y estaba m\u00e1s interesado en la literatura, la confi\u00f3 a un amigo suyo, \u00c1lvaro de Luna qui\u00e9n le aconsej\u00f3 la joven Isabel tambi\u00e9n. Su matrimonio fue negocionado por \u00e9l con el prop\u00f3sito de afianzar\u00a0 la alianza castellano-portuguesa frente a la Corona de Arag\u00f3n.<\/p>\n<p>Isabel le disgusta mucho las actividades de \u00c1lvaro De Luna y su personalidad era tambi\u00e9n muy celosa y posesiva. Estaba harta de \u00e9l por estar siempre en torno a su marido y tom\u00f3 mucho partido en contra de \u00e9l y en la sugesti\u00f3n de hacer ejecutarle finalmente.<\/p>\n<p>Isabel y Juan tuvieron dos hijos. La primera, princesa Isabel naci\u00f3 en 1451 y despu\u00e9s de dos a\u00f1os, en 1453 el infante Alfonso naci\u00f3. En el tiempo de su segundo porte, la salud de Juan disminuy\u00f3 r\u00e1pidamente y en el verano de 1454, se muri\u00f3 y por consiguiente, Enrique se hizo cargo del control del reino. Con su advenimiento, \u00e9l envi\u00f3 a su joven madrastra de Isabel y sus dos hijos al castillo de Ar\u00e9valo. Luego, su vida por all\u00e1 no s\u00f3lo era deprimente pero ella tambi\u00e9n empez\u00f3 a mostrar los signos de los trastornos mentales por su melancol\u00eda y depresi\u00f3n. Por \u00faltimo, no pod\u00eda reconocer a nadie y se muri\u00f3 en 1496.<\/p>\n<p>Fuentes:<\/p>\n<p>http:\/\/www.biografiasyvidas.com\/biografia\/i\/isabel_de_portugal_2.htm<\/p>\n<p>http:\/\/www.xs4all.nl\/~monarchs\/madmonarchs\/isabel\/isabel_bio.htm<\/p>\n<p>http:\/\/es.wikipedia.org\/wiki\/Isabel_de_Portugal,_reina_de_Castilla<\/p>\n<p>Gran enciclopedia Larousse. Ed.: Editorial Planeta, Barcelona 1990.<\/p>\n","protected":false},"excerpt":{"rendered":"<p>Isabel de Portugal (1428 \u2013 1496) fue reina consorte de Castilla y Le\u00f3n. Naci\u00f3 en la dinast\u00eda de Aviz que dominaba Portugal desde 1385. Hija de Juan Infante, el hijo m\u00e1s joven superviviente de Juan I de Portugal y de Isabel de Parcelos, una noble portuguesa. Madre de la famosa Isabel I de Castilla (1451-1504) [&hellip;]<\/p>\n","protected":false},"author":1353,"featured_media":0,"parent":0,"menu_order":1,"comment_status":"open","ping_status":"open","template":"","meta":{"footnotes":""},"class_list":["post-38","page","type-page","status-publish","hentry"],"_links":{"self":[{"href":"https:\/\/blogs.ua.es\/lasreinashispanicas\/wp-json\/wp\/v2\/pages\/38","targetHints":{"allow":["GET"]}}],"collection":[{"href":"https:\/\/blogs.ua.es\/lasreinashispanicas\/wp-json\/wp\/v2\/pages"}],"about":[{"href":"https:\/\/blogs.ua.es\/lasreinashispanicas\/wp-json\/wp\/v2\/types\/page"}],"author":[{"embeddable":true,"href":"https:\/\/blogs.ua.es\/lasreinashispanicas\/wp-json\/wp\/v2\/users\/1353"}],"replies":[{"embeddable":true,"href":"https:\/\/blogs.ua.es\/lasreinashispanicas\/wp-json\/wp\/v2\/comments?post=38"}],"version-history":[{"count":3,"href":"https:\/\/blogs.ua.es\/lasreinashispanicas\/wp-json\/wp\/v2\/pages\/38\/revisions"}],"predecessor-version":[{"id":103,"href":"https:\/\/blogs.ua.es\/lasreinashispanicas\/wp-json\/wp\/v2\/pages\/38\/revisions\/103"}],"wp:attachment":[{"href":"https:\/\/blogs.ua.es\/lasreinashispanicas\/wp-json\/wp\/v2\/media?parent=38"}],"curies":[{"name":"wp","href":"https:\/\/api.w.org\/{rel}","templated":true}]}}