{"id":46,"date":"2009-11-26T21:26:24","date_gmt":"2009-11-26T19:26:24","guid":{"rendered":"https:\/\/blogs.ua.es\/lasreinashispanicas\/?page_id=46"},"modified":"2010-01-07T12:06:51","modified_gmt":"2010-01-07T10:06:51","slug":"juana-i","status":"publish","type":"page","link":"https:\/\/blogs.ua.es\/lasreinashispanicas\/juana-i\/","title":{"rendered":"Juana I"},"content":{"rendered":"<p><img loading=\"lazy\" decoding=\"async\" class=\"alignright size-medium wp-image-47\" src=\"https:\/\/blogs.ua.es\/lasreinashispanicas\/files\/2009\/11\/210px-Johanna_die_Wahnsinnige-173x300.jpg\" alt=\"210px-Johanna_die_Wahnsinnige\" width=\"173\" height=\"300\" srcset=\"https:\/\/blogs.ua.es\/lasreinashispanicas\/files\/2009\/11\/210px-Johanna_die_Wahnsinnige-173x300.jpg 173w, https:\/\/blogs.ua.es\/lasreinashispanicas\/files\/2009\/11\/210px-Johanna_die_Wahnsinnige.jpg 210w\" sizes=\"auto, (max-width: 173px) 100vw, 173px\" \/><span lang=\"es\">Juana I<\/span> (6 de noviembre de 1479 \u2013 12 de abril de 1555) llamada Juana la Loca fue una reina de Castilla con Felipe el Hermoso (a la izquierda) y m\u00e1s tarde fue tambi\u00e9n reina de Arag\u00f3n con su hijo, Carlos V. Ella tiene una fama por su amor y celos con Felipe de lo que nunca recuper\u00f3 cuando \u00e9l se muri\u00f3.<\/p>\n<p>Juana naci\u00f3 en Toledo como la hija segunda de Fernando II y Isabel I. La reina, Isabel le ayud\u00f3 mucho y le educaba cuando se pod\u00eda y ten\u00eda tiempo al lado de su actividad pol\u00edtica. Se dice que era una ni\u00f1a muy inteligente en su tiempo y bien educada. Tambi\u00e9n estudiaba y practicaba la religi\u00f3n y los artes como bailas y m\u00fasica. Habl\u00f3 franc\u00e9s y latin con fluidez.<\/p>\n<p>En 1496, Juana se cas\u00f3 en Valladolid con Felipe el hermoso, hijo de Maximiliano, Sacro Emperador Romano y de Mar\u00eda de Borgo\u00f1a. Cuando viaj\u00f3 fuera con su marido. Despu\u00e9s de su matrimonio, pronto se convirti\u00f3 en la reinade los Reinos Espa\u00f1oles cuando sus hermanos y Miguel el infante tambi\u00e9n se murieron. Dentro unos a\u00f1os, en 1502 se convirti\u00f3 en la soberana seg\u00fan los cortes de Castilla y de Arag\u00f3n.<\/p>\n<p>Su amor c<img loading=\"lazy\" decoding=\"async\" class=\"alignleft size-full wp-image-123\" title=\"210px-Philipp_der_Sch\u00f6ne\" src=\"https:\/\/blogs.ua.es\/lasreinashispanicas\/files\/2009\/11\/210px-Philipp_der_Sch\u00f6ne.jpg\" alt=\"210px-Philipp_der_Sch\u00f6ne\" width=\"126\" height=\"158\" \/>on Felipe era un flechazo. Los dos j\u00f3venes r\u00e1pidamente se enamoraron de uno al otro y entre 1498 y 1507 tuvieron dos hijos y cuatro hijas pero el m\u00e1s importante fue Carlos V.<\/p>\n<p>Sin embargo, los dos pronto se dieron cuenta que no fueron tan parecidos que lo antes cre\u00edan y sus problemas empezaron. Felipe no le gust\u00f3 la fidelidad de Juana a todo lo espa\u00f1ol (su vista de la vida, la pol\u00edtica etc) y a Juana le molest\u00f3 el dishonesto de su marido qui\u00e9n se acostaba con mujeres diferentes. Una vez Juana cort\u00f3 el pelo largo de una mujer bella qui\u00e9n antes pasaba la noche con Felipe y luego puso el pelo cortado a la encima de la almohada de Felipe como un aviso. Juana era muy celosa a casi todas las mujeres con quienes Felipe se acost\u00f3 y tal vez era m\u00e1s celosa por su belleza. Este fue el giro cuando su locura comenz\u00f3 &#8211; la misma que su abuela, Isabel tambi\u00e9n ten\u00eda.<\/p>\n<p>Tambi\u00e9n hab\u00edan otros problemas: Juana tampoco pod\u00eda soportar que Felipe tuvo que marcharse unas veces por la pol\u00edtica o alguna cosa. Muchas veces se puso hist\u00e9rica, lloraba y una noche Juana embarazada sali\u00f3 fuera del castillo y se neg\u00f3 a volver incluse a pesar del fr\u00edo. Luego, despu\u00e9s de pasar treinta y seis horas fuera gritando, su pueblo empez\u00f3 a llamarle &#8220;Juana la Loca&#8221;.<\/p>\n<p><span><span style=\"background-color: #ffffff\" title=\"Her father lost his title of King of Castile but according to Isabel's will, he could overtake the ruling instead of Juana for a while and later Fernando also overtake the duties of government.\">En noviembre de 1504, su madre muri\u00f3 y se convirti\u00f3 en la Reina de Castilla pero ya era incapaz de gobernar. Su padre perdi\u00f3 su t\u00edtulo de rey de Castilla, sino seg\u00fan la voluntad de Isabel, que podr\u00eda superar la decisi\u00f3n en lugar de Juana por un tiempo. Pero Felipe no lo acept\u00f3 y decidi\u00f3 casarse con la sobrina de Luis XII de Franc\u00eda con que \u00e9l lleg\u00f3 a su fin y el poder finalmente fue dado a \u00e9l.<br \/>\n<\/span><\/span><\/p>\n<p>En septiembre de 1506, Felipe muri\u00f3 en tabardillo y luego, Juana se convirti\u00f3 totalmente insana y no se puso amoverle al lado del cuerpo de su marido muerto. Sin embargo, ella todav\u00eda luchaba por el poder a pesar de su trastorno mental pero sin \u00e9xito &#8211; por supuesto. En 1509, casi se fug\u00f3 a Tordesillas. No confiaba en nadie y bot\u00f3 todos los sirvientes. <span><span title=\"She had been at various times kept in prison by her husband and by her father for ten years, and for thirty-nine years by her son.Some have questioned weather her insanity was real.\">Hab\u00eda estado varias veces mantenidos en prisi\u00f3n por su marido y por su padre y por su hijo tambi\u00e9n.<\/span><\/span><span><span title=\"She had been at various times kept in prison by her husband and by her father for ten years, and for thirty-nine years by her son.Some have questioned weather her insanity was real.\"><br \/>\n<\/span><\/span><span><span style=\"background-color: #ffffff\" title=\"Joanna died on Good Friday, 12 April 1555 at age 75, after almost fifty years of imprisonment.[4] She is entombed in the Capilla Real of Granada, alongside her parents, her husband, and her nephew Miguel.\"> <\/span><\/span><\/p>\n<p><span><span style=\"background-color: #ffffff\" title=\"Joanna died on Good Friday, 12 April 1555 at age 75, after almost fifty years of imprisonment.[4] She is entombed in the Capilla Real of Granada, alongside her parents, her husband, and her nephew Miguel.\">Juana muri\u00f3 al 12 de abril 1555 despu\u00e9s de casi cincuenta a\u00f1os de prisi\u00f3n. Est\u00e1 enterrado en la Capilla Real de Granada, junto a sus padres, su marido, y su sobrino Miguel.<\/span><\/span><span><span title=\"She had been at various times kept in prison by her husband and by her father for ten years, and for thirty-nine years by her son.Some have questioned weather her insanity was real.\"> Alguien tiene dudas en su locura real y otros<\/span><span title=\"Some claim she was merely imprisoned by the men in her life who wished to wield the power rightfully hers.\"> dicen que era simplemente encarcelados por los hombres en su vida, quienes desearon ejercer el poder propio leg\u00edtimamente.<\/span><\/span><span><span style=\"background-color: #ffffff\" title=\"Her father lost his title of King of Castile but according to Isabel's will, he could overtake the ruling instead of Juana for a while and later Fernando also overtake the duties of government.\"> <\/span><\/span><\/p>\n<p><span><span style=\"background-color: #ffffff\" title=\"Her father lost his title of King of Castile but according to Isabel's will, he could overtake the ruling instead of Juana for a while and later Fernando also overtake the duties of government.\"><br \/>\n<\/span><\/span><\/p>\n<p>Fuentes:<\/p>\n<p>Gran enciclopedia Larousse. Ed.: Editorial Planeta, Barcelona 1990.<\/p>\n<p>http:\/\/www.threehundredwords.com\/2009\/04\/juana-la-loca.html<\/p>\n<p>http:\/\/www.findagrave.com\/cgi-bin\/fg.cgi?page=gr&#038;GRid=11318531<\/p>\n<p>http:\/\/en.wikipedia.org\/wiki\/Joanna_of_Castile<\/p>\n","protected":false},"excerpt":{"rendered":"<p>Juana I (6 de noviembre de 1479 \u2013 12 de abril de 1555) llamada Juana la Loca fue una reina de Castilla con Felipe el Hermoso (a la izquierda) y m\u00e1s tarde fue tambi\u00e9n reina de Arag\u00f3n con su hijo, Carlos V. Ella tiene una fama por su amor y celos con Felipe de lo [&hellip;]<\/p>\n","protected":false},"author":1353,"featured_media":0,"parent":0,"menu_order":3,"comment_status":"open","ping_status":"open","template":"","meta":{"footnotes":""},"class_list":["post-46","page","type-page","status-publish","hentry"],"_links":{"self":[{"href":"https:\/\/blogs.ua.es\/lasreinashispanicas\/wp-json\/wp\/v2\/pages\/46","targetHints":{"allow":["GET"]}}],"collection":[{"href":"https:\/\/blogs.ua.es\/lasreinashispanicas\/wp-json\/wp\/v2\/pages"}],"about":[{"href":"https:\/\/blogs.ua.es\/lasreinashispanicas\/wp-json\/wp\/v2\/types\/page"}],"author":[{"embeddable":true,"href":"https:\/\/blogs.ua.es\/lasreinashispanicas\/wp-json\/wp\/v2\/users\/1353"}],"replies":[{"embeddable":true,"href":"https:\/\/blogs.ua.es\/lasreinashispanicas\/wp-json\/wp\/v2\/comments?post=46"}],"version-history":[{"count":17,"href":"https:\/\/blogs.ua.es\/lasreinashispanicas\/wp-json\/wp\/v2\/pages\/46\/revisions"}],"predecessor-version":[{"id":156,"href":"https:\/\/blogs.ua.es\/lasreinashispanicas\/wp-json\/wp\/v2\/pages\/46\/revisions\/156"}],"wp:attachment":[{"href":"https:\/\/blogs.ua.es\/lasreinashispanicas\/wp-json\/wp\/v2\/media?parent=46"}],"curies":[{"name":"wp","href":"https:\/\/api.w.org\/{rel}","templated":true}]}}