{"id":90,"date":"2009-12-10T15:15:59","date_gmt":"2009-12-10T13:15:59","guid":{"rendered":"https:\/\/blogs.ua.es\/lasreinashispanicas\/?page_id=90"},"modified":"2010-01-06T12:56:53","modified_gmt":"2010-01-06T10:56:53","slug":"maria-manuela-de-portugal","status":"publish","type":"page","link":"https:\/\/blogs.ua.es\/lasreinashispanicas\/maria-manuela-de-portugal\/","title":{"rendered":"Mar\u00eda Manuela de Portugal"},"content":{"rendered":"<p><span><span style=\"background-color: #ffffff\" title=\"Maria was born in Coimbra on 15 October 1527 and was one of the few children of John III to survive childhood.\">Mar\u00eda Manuela de Portugal naci\u00f3 en Coimbra el 15 de octubre 1527, hija del rey Juan III y su esposa Catalina de Habsburgo. <\/span><span style=\"background-color: #ffffff\" title=\"She married her double-cousin Prince Philip of Asturias (future Philip II of Spain and I of Portugal) and was the mother of Prince Carlos, a deformed child who was heir of the Spanish crown.\">Se cas\u00f3 con Felipe II de Asturias y fue la madre de Carlos I, qui\u00e9n luego era el heredero de la corona <\/span><\/span><span><span style=\"background-color: #ffffff\" title=\"She married her double-cousin Prince Philip of Asturias (future Philip II of Spain and I of Portugal) and was the mother of Prince Carlos, a deformed child who was heir of the Spanish crown.\">espa\u00f1ola.<\/span><\/span><\/p>\n<p><img loading=\"lazy\" decoding=\"async\" class=\"alignleft size-full wp-image-92\" title=\"125px-Maria_Manuela_de_Portugal\" src=\"https:\/\/blogs.ua.es\/lasreinashispanicas\/files\/2009\/12\/125px-Maria_Manuela_de_Portugal.jpg\" alt=\"125px-Maria_Manuela_de_Portugal\" width=\"125\" height=\"162\" \/><\/p>\n<p><span><span style=\"background-color: #ffffff\" title=\"The Spanish (Habsburg), and the dynastic interests of the Portuguese royal family, Prince Philip and Maria Manuela got married young.\">Por los espa\u00f1oles (los Habsburgos) y los intereses din\u00e1sticos de la familia real portuguesa, Felipe II y Mar\u00eda Manuela se caseron joven. <\/span><\/span><span><span title=\"The boda was held on 15 of october 1543 en Salamanca with a huge pomp.\">La boda famosa se celebr\u00f3 el 15 de octubre de 1543 en Salamanca con una pompa enorme.<\/span><\/span><\/p>\n<p><span style=\"background-color: #ffffff\" title=\"Contemporary sources say that Maria Manuela was overweight and not a very attractive young woman.\">Las fuentes contempor\u00e1neas dicen que Mar\u00eda Manuela ten\u00eda exceso de peso y tampoco era una mujer muy atractiva.<\/span><span style=\"background-color: #ffffff\" title=\"The marriage soon after the conclusion of pregnant and 1545th July 8 born on the day of Charles (Don Carlos), Infante, a young princess, however, only four days after the birth of his son survived.\"> <\/span><\/p>\n<p><span><span style=\"background-color: #ffffff\" title=\"The marriage soon after the conclusion of pregnant and 1545th July 8 born on the day of Charles (Don Carlos), Infante, a young princess, however, only four days after the birth of his son survived.\"> <\/span><span style=\"background-color: #ffffff\" title=\"Princess Maria Manuela was not crowned as her suegro was the spanish king when she was dying.\"> <\/span><\/span><span><span style=\"background-color: #ffffff\" title=\"Maria died soon after Don Carlos of Spain was born on 12 August 1545 in Valladolid, Spain when she only had 17 years.\">Mar\u00eda muri\u00f3 poco despu\u00e9s del nacimiento de Don Carlos de Espa\u00f1a al 12 de agosto 1545 en Valladolid, Espa\u00f1a, cuando s\u00f3lo ten\u00eda 17 a\u00f1os.<\/span><\/span><span><span style=\"background-color: #ffffff\" title=\"Princess Maria Manuela was not crowned as her suegro was the spanish king when she was dying.\"> <\/span><\/span>Est\u00e1 enterrada en el Pante\u00f3n de los Infantes de la Cripta Real del Monasterio de El Escorial.<\/p>\n<p><span><span style=\"background-color: #ffffff\" title=\"Princess Maria Manuela was not crowned as her suegro was the spanish king when she was dying.\">La princesa Mar\u00eda Manuela nunca fue coronado como su suegro era el rey espa\u00f1ol cuando se estaba muriendo.<\/span><\/span><\/p>\n<p><span> <\/span><\/p>\n<p>Fuentes:<\/p>\n<p>Gran enciclopedia Larousse. Ed.: Editorial Planeta, Barcelona 1990.<\/p>\n<p>http:\/\/hu.wikipedia.org\/wiki\/M%C3%A1ria_Manu%C3%A9la<\/p>\n<p>http:\/\/www.cervantesvirtual.com\/historia\/CarlosV\/8_5_comentario.shtml<\/p>\n<p><span><span style=\"background-color: #ffffff\" title=\"She married her double-cousin Prince Philip of Asturias (future Philip II of Spain and I of Portugal) and was the mother of Prince Carlos, a deformed child who was heir of the Spanish crown.\"> <\/span><\/span><\/p>\n","protected":false},"excerpt":{"rendered":"<p>Mar\u00eda Manuela de Portugal naci\u00f3 en Coimbra el 15 de octubre 1527, hija del rey Juan III y su esposa Catalina de Habsburgo. Se cas\u00f3 con Felipe II de Asturias y fue la madre de Carlos I, qui\u00e9n luego era el heredero de la corona espa\u00f1ola. Por los espa\u00f1oles (los Habsburgos) y los intereses din\u00e1sticos [&hellip;]<\/p>\n","protected":false},"author":1353,"featured_media":0,"parent":0,"menu_order":4,"comment_status":"open","ping_status":"open","template":"","meta":{"footnotes":""},"class_list":["post-90","page","type-page","status-publish","hentry"],"_links":{"self":[{"href":"https:\/\/blogs.ua.es\/lasreinashispanicas\/wp-json\/wp\/v2\/pages\/90","targetHints":{"allow":["GET"]}}],"collection":[{"href":"https:\/\/blogs.ua.es\/lasreinashispanicas\/wp-json\/wp\/v2\/pages"}],"about":[{"href":"https:\/\/blogs.ua.es\/lasreinashispanicas\/wp-json\/wp\/v2\/types\/page"}],"author":[{"embeddable":true,"href":"https:\/\/blogs.ua.es\/lasreinashispanicas\/wp-json\/wp\/v2\/users\/1353"}],"replies":[{"embeddable":true,"href":"https:\/\/blogs.ua.es\/lasreinashispanicas\/wp-json\/wp\/v2\/comments?post=90"}],"version-history":[{"count":10,"href":"https:\/\/blogs.ua.es\/lasreinashispanicas\/wp-json\/wp\/v2\/pages\/90\/revisions"}],"predecessor-version":[{"id":131,"href":"https:\/\/blogs.ua.es\/lasreinashispanicas\/wp-json\/wp\/v2\/pages\/90\/revisions\/131"}],"wp:attachment":[{"href":"https:\/\/blogs.ua.es\/lasreinashispanicas\/wp-json\/wp\/v2\/media?parent=90"}],"curies":[{"name":"wp","href":"https:\/\/api.w.org\/{rel}","templated":true}]}}