{"id":91,"date":"2009-12-10T15:17:38","date_gmt":"2009-12-10T13:17:38","guid":{"rendered":"https:\/\/blogs.ua.es\/lasreinashispanicas\/?page_id=91"},"modified":"2010-01-07T13:52:07","modified_gmt":"2010-01-07T11:52:07","slug":"maria-tudor","status":"publish","type":"page","link":"https:\/\/blogs.ua.es\/lasreinashispanicas\/maria-tudor\/","title":{"rendered":"Mar\u00eda I de Inglaterra"},"content":{"rendered":"<p>Mar\u00eda I (18 de febrero de 1516 &#8211; 17 de noviembre de 1588) fue Reina de Inglaterra y Reina de Irlanda desde el 19 de julio de 1553 hasta su muerto. Hija mayor de Enrique VIII y Catalina de Arag\u00f3n.<img loading=\"lazy\" decoding=\"async\" class=\"alignright size-full wp-image-94\" title=\"0149-0101_marie_tudor_engl_koenigin\" src=\"https:\/\/blogs.ua.es\/lasreinashispanicas\/files\/2009\/12\/0149-0101_marie_tudor_engl_koenigin.jpg\" alt=\"0149-0101_marie_tudor_engl_koenigin\" width=\"253\" height=\"350\" srcset=\"https:\/\/blogs.ua.es\/lasreinashispanicas\/files\/2009\/12\/0149-0101_marie_tudor_engl_koenigin.jpg 361w, https:\/\/blogs.ua.es\/lasreinashispanicas\/files\/2009\/12\/0149-0101_marie_tudor_engl_koenigin-216x300.jpg 216w\" sizes=\"auto, (max-width: 253px) 100vw, 253px\" \/><\/p>\n<p>A pesar de la decepci\u00f3n de Enrique VIII que nunca ten\u00eda hijo, Mar\u00eda era muy inteligente y bien educada. Aprendi\u00f3 mucho de su madre, Isabel y tambi\u00e9n del humanista espa\u00f1ola Juan Luis Vives qui\u00e9n ense\u00f1\u00f3 Latin a ella. Al lado de estos, Mar\u00eda tambi\u00e9n estudi\u00f3 griego, sciencia y m\u00fasica.<\/p>\n<p>Como Enrique no tuvo hijos para la successi\u00f3n, se cas\u00f3 de nuevo. Ten\u00eda seis esposas y de la tercera, Jane Seymour naci\u00f3 Eduardo VI, el heredero futuro cuando Enrique muri\u00f3 en 1547 hasta \u00e9l tambi\u00e9n muri\u00f3 de tubercolosis en 1553. Pero cuid\u00f3 de Mar\u00eda que no ser\u00eda la sucesora del trono porque ten\u00eda miedo que ella iba a restaurar el catolicizmo y que iba a borrar todas las reformas que \u00e9l hab\u00eda realizado. As\u00ed Eduardo elegi\u00f3 Mar\u00eda la reina francesa, hermana de Enrique lo que fue contrario con la Ley de Succesi\u00f3n de 1544 y luego todav\u00eda Mar\u00eda se convirti\u00f3 en la reina.<\/p>\n<p>Cuando ten\u00eda 37 a\u00f1os, decidi\u00f3 casarse por el trono y la succesi\u00f3n. Carlos V le ofreci\u00f3 su hijo Felipe y los dos se casaron al 25 de julio de 1544 en la Catedral de Winchester. Dos veces Mar\u00eda cre\u00eda que estaba embarazada pero sus sentimientos no fueron reales y al final nunca ten\u00eda hijos. Por el embarazo falso, Felipe se sent\u00eda decepcionado y iba a Flandes para dirigir su ej\u00e9rcito en contra de Franc\u00eda. Por este, Mar\u00eda se bajone\u00f3.<br \/>\nPor otra parte, Felipe y mayormente su padre ten\u00eda s\u00f3lo inter\u00e9s polit\u00edtico del matrimonio para obtener un heredero en Flandes e Inglaterra.<\/p>\n<p>Por su mala ventura de dar a luz a un heredero, Mar\u00eda ten\u00eda muchos problemas psicol\u00f3gicos y por sorprese se muri\u00f3 muy temprano; s\u00f3lo ten\u00eda 42 a\u00f1os cuando se extingui\u00f3 el 17 de noviembre de 1558.<\/p>\n<p>Fuentes:<\/p>\n<p>Gran enciclopedia Larousse. Ed.: Editorial Planeta, Barcelona 1990.<\/p>\n<p>http:\/\/hu.wikipedia.org\/wiki\/I._M%C3%A1ria_angol_kir%C3%A1lyn%C5%91<\/p>\n<p>http:\/\/www.elpais.com\/articulo\/portada\/reina\/sanguinaria\/elpeputec\/20051016elpepspor_9\/Tes<\/p>\n","protected":false},"excerpt":{"rendered":"<p>Mar\u00eda I (18 de febrero de 1516 &#8211; 17 de noviembre de 1588) fue Reina de Inglaterra y Reina de Irlanda desde el 19 de julio de 1553 hasta su muerto. Hija mayor de Enrique VIII y Catalina de Arag\u00f3n. A pesar de la decepci\u00f3n de Enrique VIII que nunca ten\u00eda hijo, Mar\u00eda era muy [&hellip;]<\/p>\n","protected":false},"author":1353,"featured_media":0,"parent":0,"menu_order":5,"comment_status":"open","ping_status":"open","template":"","meta":{"footnotes":""},"class_list":["post-91","page","type-page","status-publish","hentry"],"_links":{"self":[{"href":"https:\/\/blogs.ua.es\/lasreinashispanicas\/wp-json\/wp\/v2\/pages\/91","targetHints":{"allow":["GET"]}}],"collection":[{"href":"https:\/\/blogs.ua.es\/lasreinashispanicas\/wp-json\/wp\/v2\/pages"}],"about":[{"href":"https:\/\/blogs.ua.es\/lasreinashispanicas\/wp-json\/wp\/v2\/types\/page"}],"author":[{"embeddable":true,"href":"https:\/\/blogs.ua.es\/lasreinashispanicas\/wp-json\/wp\/v2\/users\/1353"}],"replies":[{"embeddable":true,"href":"https:\/\/blogs.ua.es\/lasreinashispanicas\/wp-json\/wp\/v2\/comments?post=91"}],"version-history":[{"count":11,"href":"https:\/\/blogs.ua.es\/lasreinashispanicas\/wp-json\/wp\/v2\/pages\/91\/revisions"}],"predecessor-version":[{"id":154,"href":"https:\/\/blogs.ua.es\/lasreinashispanicas\/wp-json\/wp\/v2\/pages\/91\/revisions\/154"}],"wp:attachment":[{"href":"https:\/\/blogs.ua.es\/lasreinashispanicas\/wp-json\/wp\/v2\/media?parent=91"}],"curies":[{"name":"wp","href":"https:\/\/api.w.org\/{rel}","templated":true}]}}