{"id":96,"date":"2009-12-10T15:18:25","date_gmt":"2009-12-10T13:18:25","guid":{"rendered":"https:\/\/blogs.ua.es\/lasreinashispanicas\/?page_id=96"},"modified":"2010-01-07T12:07:55","modified_gmt":"2010-01-07T10:07:55","slug":"isabel-de-valois","status":"publish","type":"page","link":"https:\/\/blogs.ua.es\/lasreinashispanicas\/isabel-de-valois\/","title":{"rendered":"Isabel de Valois"},"content":{"rendered":"<p>Isabel de Valois (2 April 1544 \u2013 3 October 1568) fue la mayor hija de Enrique II de Franc\u00eda y Catherine de&#8217;Medici. Fue tercera esposa de Felipe II as\u00ed la reina consorte de Espa\u00f1a. Tambi\u00e9n se llama Isabel de la Paz porque su matrimonio establec\u00eda la paz entre Espa\u00f1a y Franc\u00eda con el Tratado de Cateau Cambresis en 1559.<\/p>\n<p><img loading=\"lazy\" decoding=\"async\" class=\"alignright size-medium wp-image-97\" title=\"valis\" src=\"https:\/\/blogs.ua.es\/lasreinashispanicas\/files\/2009\/12\/valis-179x300.jpg\" alt=\"valis\" width=\"179\" height=\"300\" srcset=\"https:\/\/blogs.ua.es\/lasreinashispanicas\/files\/2009\/12\/valis-179x300.jpg 179w, https:\/\/blogs.ua.es\/lasreinashispanicas\/files\/2009\/12\/valis.jpg 479w\" sizes=\"auto, (max-width: 179px) 100vw, 179px\" \/><\/p>\n<p>En 1559 en Paris, Isabel se cas\u00f3 con Felipe II de Espa\u00f1a como su esposa tercera (despu\u00e9s del muerto de Mar\u00eda I de Inglaterra). Los dos tuvieren gran diferencia de edad: Isabel ten\u00eda s\u00f3lo 14 a\u00f1os con que Felipe no pod\u00eda acostumbrarse muy r\u00e1pidamente. Aunque luego ambos estaban satisfecho del otro seg\u00fan las cartas de Isabel a su madre.<\/p>\n<p>Por otra parte, originalmente Carlos, el hijo de Felipe iba a casar con ella pero por casos politicales Felipe &#8220;ten\u00eda que casarse&#8221; a pesar de Carlos. \u00c9l y Isabel siempre tuvieron una relaci\u00f3n amistosa y ella tambi\u00e9n lloraba por d\u00edas cuando Felipe le encarcel\u00f3.<\/p>\n<p>Sin embargo, Isabel y Felipe tuvieron una relaci\u00f3n tambi\u00e9n muy estrecha. A\u00fan se qued\u00f3 cerca de ella cuando estaba enferma de viruela y m\u00e1s tarde, su muerto tambi\u00e9n le agot\u00f3 mucho.<\/p>\n<p>Isabel no ten\u00eda \u00e9xito con sus embarazos. En 1564 abort\u00f3 sus gemelos y al 3 de octubre de 1568 se murieron juntos con su infante.<\/p>\n<p>Tuvo 2 hijas sobrevividas: Isabel Clara Eugenia (1566) qui\u00e9n se convirti\u00f3 en soberana y gobernadora de los Pa\u00edses Bajos y Catalina Micaela (1567) qui\u00e9n se convirti\u00f3 en duquesa de Saboya.<\/p>\n<p>Fuentes:<\/p>\n<p>Gran enciclopedia Larousse. Ed.: Editorial Planeta, Barcelona 1990.<\/p>\n<p>http:\/\/en.wikipedia.org\/wiki\/Elisabeth_of_Valois<\/p>\n","protected":false},"excerpt":{"rendered":"<p>Isabel de Valois (2 April 1544 \u2013 3 October 1568) fue la mayor hija de Enrique II de Franc\u00eda y Catherine de&#8217;Medici. Fue tercera esposa de Felipe II as\u00ed la reina consorte de Espa\u00f1a. Tambi\u00e9n se llama Isabel de la Paz porque su matrimonio establec\u00eda la paz entre Espa\u00f1a y Franc\u00eda con el Tratado de [&hellip;]<\/p>\n","protected":false},"author":1353,"featured_media":0,"parent":0,"menu_order":6,"comment_status":"open","ping_status":"open","template":"","meta":{"footnotes":""},"class_list":["post-96","page","type-page","status-publish","hentry"],"_links":{"self":[{"href":"https:\/\/blogs.ua.es\/lasreinashispanicas\/wp-json\/wp\/v2\/pages\/96","targetHints":{"allow":["GET"]}}],"collection":[{"href":"https:\/\/blogs.ua.es\/lasreinashispanicas\/wp-json\/wp\/v2\/pages"}],"about":[{"href":"https:\/\/blogs.ua.es\/lasreinashispanicas\/wp-json\/wp\/v2\/types\/page"}],"author":[{"embeddable":true,"href":"https:\/\/blogs.ua.es\/lasreinashispanicas\/wp-json\/wp\/v2\/users\/1353"}],"replies":[{"embeddable":true,"href":"https:\/\/blogs.ua.es\/lasreinashispanicas\/wp-json\/wp\/v2\/comments?post=96"}],"version-history":[{"count":7,"href":"https:\/\/blogs.ua.es\/lasreinashispanicas\/wp-json\/wp\/v2\/pages\/96\/revisions"}],"predecessor-version":[{"id":139,"href":"https:\/\/blogs.ua.es\/lasreinashispanicas\/wp-json\/wp\/v2\/pages\/96\/revisions\/139"}],"wp:attachment":[{"href":"https:\/\/blogs.ua.es\/lasreinashispanicas\/wp-json\/wp\/v2\/media?parent=96"}],"curies":[{"name":"wp","href":"https:\/\/api.w.org\/{rel}","templated":true}]}}