{"id":99,"date":"2009-12-10T15:19:17","date_gmt":"2009-12-10T13:19:17","guid":{"rendered":"https:\/\/blogs.ua.es\/lasreinashispanicas\/?page_id=99"},"modified":"2010-01-07T12:07:44","modified_gmt":"2010-01-07T10:07:44","slug":"ana-de-austria","status":"publish","type":"page","link":"https:\/\/blogs.ua.es\/lasreinashispanicas\/ana-de-austria\/","title":{"rendered":"Ana de Austria"},"content":{"rendered":"<p><img loading=\"lazy\" decoding=\"async\" class=\"alignright size-medium wp-image-100\" title=\"SAA11030\" src=\"https:\/\/blogs.ua.es\/lasreinashispanicas\/files\/2009\/12\/SAA11030-241x300.jpg\" alt=\"SAA11030\" width=\"241\" height=\"300\" srcset=\"https:\/\/blogs.ua.es\/lasreinashispanicas\/files\/2009\/12\/SAA11030-241x300.jpg 241w, https:\/\/blogs.ua.es\/lasreinashispanicas\/files\/2009\/12\/SAA11030.jpg 322w\" sizes=\"auto, (max-width: 241px) 100vw, 241px\" \/><\/p>\n<p>Ana de Austria (2 de noviembre de 1549 &#8211; 26 de octubre de 1580) fue reina consorte de Espa\u00f1a y de Portugal. Fue la hija de Maximiliano II y de Mar\u00eda de Austria, la cuarta esposa de Felipe II. Naci\u00f3 en Espa\u00f1a pero vivi\u00f3 en Viena desde hace ten\u00eda cuatro a\u00f1os.<\/p>\n<p>Como Ana fue la hija mayor del Emperador del Sacro Imperio Romano, fue una persona muy deseable para el matrimonio en los tribunales europeos. Sus padres tambi\u00e9n tuvieron la idea de un matrimonio <span><span style=\"background-color: #ffffff\" title=\"Her parents thought of a Spanish marriage for it's links between the Austrian and Spanish Habsburg families.\">espa\u00f1ol como el broche entre<\/span><\/span><span><span style=\"background-color: #ffffff\" title=\"Her parents thought of a Spanish marriage for it's links between the Austrian and Spanish Habsburg families.\"> las familias austrianas y habsburgo-espa<\/span><\/span><span><span style=\"background-color: #ffffff\" title=\"Her parents thought of a Spanish marriage for it's links between the Austrian and Spanish Habsburg families.\">\u00f1oles. As\u00ed<\/span><\/span> originalmente fue la novia de Carlos, hijo de Felipe II pero \u00e9l muri\u00f3 el 24 de julio de 1568 y el mismo a\u00f1o, el 3 de octubre Isabel de Valois, la esposa de Felipe tambi\u00e9n muri\u00f3. Por eso Ana se cas\u00f3 con Felipe en Segovia el 12 de septiembre de 1570 qui\u00e9n fue su t\u00edo. Tuvieron cinco hijos pero s\u00f3lo Felipe III sobrevivi\u00f3.<\/p>\n<p><span><span title=\"As her father's favorite child, she was also Philip's most beloved wife.\">Como la favorita de su padre qui\u00e9n<\/span><\/span> le gust\u00f3 mucho jugar con ella y pasaban mucho tiempo juntos<span><span title=\"As her father's favorite child, she was also Philip's most beloved wife.\">, Ana tambi\u00e9n fue la esposa m\u00e1s querida de Felipe. <\/span><span style=\"background-color: #ffffff\" title=\"But the marriage was at first opposed by many, including Pope Pius V[1].\">Pero mucha gente se oponi\u00f3 el matrimonio, incluyendo Pope Pius V. <\/span><span style=\"background-color: #ffffff\" title=\"According to diplomats, the king was in love with his young bride.\">Seg\u00fan los diplom\u00e1ticos, el rey estaba enamorado de su joven esposa.<\/span><span style=\"background-color: #ffffff\" title=\"Philip was a conscientious monarch and maintained his relationship with Anna twice a week to write notes.\"> <\/span><span style=\"background-color: #ffffff\" title=\"It was Philip's fourth marriage, but the king still had no male heir.\">Fue el cuarto matrimonio de Felipe, pero el rey todav\u00eda no ten\u00eda heredero. <\/span><span title=\"Anna completed her duties flawlessly in that regard.\">A pesar de este, Ana complet\u00f3 sus tareas sin problemas<\/span><span style=\"background-color: #ffffff\" title=\"Not only was she a good stepmother to Philip's daughters Isabella Clara Eugenia and Catalina Micaela' [2], she also gave birth to five children:\">: no s\u00f3lo era una buena madrastra a las hijas de Felipe, Isabel Clara Eugenia y Catalina Micaela, sino tambi\u00e9n dio a luz a cinco hijos.<\/span><\/span><\/p>\n<p><span><span style=\"background-color: #ffffff\" title=\"The couple travelled to Portugal, after the death of the childless Henry of Portugal, the royal couple became seriously ill.\">Ana viaj\u00f3 a Portugal con Felipe en 1580 por la muerte de los hijos de Enrique de Portugal para validar sus derechos al trono. Pero la pareja enferm\u00f3 gravemente. <\/span><span title=\"At the time, Anna was pregnant with her daughter, Maria.\">En el mismo tiempo, Ana estaba embarazada pero los m\u00e9dicos la dej\u00f3 de sangrar y muri\u00f3 el 26 de octubre de 1580 en Madrid.<\/span><\/span><\/p>\n<p><span><span title=\"At the time, Anna was pregnant with her daughter, Maria.\"><br \/>\n<\/span><\/span><\/p>\n<p>Fuentes:<\/p>\n<p>Gran enciclopedia Larousse. Ed.: Editorial Planeta, Barcelona 1990.<\/p>\n<p>http:\/\/en.wikipedia.org\/wiki\/Anna_of_Austria_%281549%E2%80%931580%29<\/p>\n","protected":false},"excerpt":{"rendered":"<p>Ana de Austria (2 de noviembre de 1549 &#8211; 26 de octubre de 1580) fue reina consorte de Espa\u00f1a y de Portugal. Fue la hija de Maximiliano II y de Mar\u00eda de Austria, la cuarta esposa de Felipe II. Naci\u00f3 en Espa\u00f1a pero vivi\u00f3 en Viena desde hace ten\u00eda cuatro a\u00f1os. Como Ana fue la [&hellip;]<\/p>\n","protected":false},"author":1353,"featured_media":0,"parent":0,"menu_order":7,"comment_status":"open","ping_status":"open","template":"","meta":{"footnotes":""},"class_list":["post-99","page","type-page","status-publish","hentry"],"_links":{"self":[{"href":"https:\/\/blogs.ua.es\/lasreinashispanicas\/wp-json\/wp\/v2\/pages\/99","targetHints":{"allow":["GET"]}}],"collection":[{"href":"https:\/\/blogs.ua.es\/lasreinashispanicas\/wp-json\/wp\/v2\/pages"}],"about":[{"href":"https:\/\/blogs.ua.es\/lasreinashispanicas\/wp-json\/wp\/v2\/types\/page"}],"author":[{"embeddable":true,"href":"https:\/\/blogs.ua.es\/lasreinashispanicas\/wp-json\/wp\/v2\/users\/1353"}],"replies":[{"embeddable":true,"href":"https:\/\/blogs.ua.es\/lasreinashispanicas\/wp-json\/wp\/v2\/comments?post=99"}],"version-history":[{"count":7,"href":"https:\/\/blogs.ua.es\/lasreinashispanicas\/wp-json\/wp\/v2\/pages\/99\/revisions"}],"predecessor-version":[{"id":150,"href":"https:\/\/blogs.ua.es\/lasreinashispanicas\/wp-json\/wp\/v2\/pages\/99\/revisions\/150"}],"wp:attachment":[{"href":"https:\/\/blogs.ua.es\/lasreinashispanicas\/wp-json\/wp\/v2\/media?parent=99"}],"curies":[{"name":"wp","href":"https:\/\/api.w.org\/{rel}","templated":true}]}}