{"id":15,"date":"2010-11-13T08:49:21","date_gmt":"2010-11-13T08:49:21","guid":{"rendered":"https:\/\/blogs.ua.es\/latortura\/"},"modified":"2010-12-28T19:28:54","modified_gmt":"2010-12-28T18:28:54","slug":"bibliografia-y-enlaces","status":"publish","type":"page","link":"https:\/\/blogs.ua.es\/latortura\/bibliografia-y-enlaces\/","title":{"rendered":"Bibliograf\u00eda y enlaces"},"content":{"rendered":"<p style=\"text-align: justify\"><span style=\"color: #000000\">&#8211; Camps i Clemente, Manuel:\u00a0<em>El turment a Lleida (segles XIV a XVII).; 122p, Lleida , 1998.<\/em><\/span><\/p>\n<p style=\"text-align: justify\"><span style=\"color: #000000\">&#8211; Cavallero, Ricardo Juan:\u00a0<em>Justicia Inquisitorial: el sistema de justicia criminal de la Inquisici\u00f3n espa\u00f1ola. <\/em>; 222p, Buenos Aires, 2003.<\/span><\/p>\n<p style=\"text-align: justify\"><span style=\"color: #000000\">-La tortura en Espa\u00f1a. Tom\u00e1s i Valiente, F.<\/span><\/p>\n<p><span style=\"color: #000000\"><span style=\"font-weight: bold;font-family: Garamond;font-size: small\"> <\/span><\/span><\/p>\n<p><span style=\"color: #000000\">-http:\/\/www.amnistiacatalunya.org\/edu\/3\/pm2\/index.html<\/span><\/p>\n<p><strong> <\/strong><\/p>\n<p><strong> <\/strong><\/p>\n<p><strong> <\/strong><\/p>\n","protected":false},"excerpt":{"rendered":"<p>&#8211; Camps i Clemente, Manuel:\u00a0El turment a Lleida (segles XIV a XVII).; 122p, Lleida , 1998. &#8211; Cavallero, Ricardo Juan:\u00a0Justicia Inquisitorial: el sistema de justicia criminal de la Inquisici\u00f3n espa\u00f1ola. ; 222p, Buenos Aires, 2003. -La tortura en Espa\u00f1a. Tom\u00e1s i Valiente, F. -http:\/\/www.amnistiacatalunya.org\/edu\/3\/pm2\/index.html<\/p>\n","protected":false},"author":1900,"featured_media":0,"parent":0,"menu_order":0,"comment_status":"open","ping_status":"open","template":"","meta":{"footnotes":""},"class_list":["post-15","page","type-page","status-publish","hentry"],"_links":{"self":[{"href":"https:\/\/blogs.ua.es\/latortura\/wp-json\/wp\/v2\/pages\/15","targetHints":{"allow":["GET"]}}],"collection":[{"href":"https:\/\/blogs.ua.es\/latortura\/wp-json\/wp\/v2\/pages"}],"about":[{"href":"https:\/\/blogs.ua.es\/latortura\/wp-json\/wp\/v2\/types\/page"}],"author":[{"embeddable":true,"href":"https:\/\/blogs.ua.es\/latortura\/wp-json\/wp\/v2\/users\/1900"}],"replies":[{"embeddable":true,"href":"https:\/\/blogs.ua.es\/latortura\/wp-json\/wp\/v2\/comments?post=15"}],"version-history":[{"count":9,"href":"https:\/\/blogs.ua.es\/latortura\/wp-json\/wp\/v2\/pages\/15\/revisions"}],"predecessor-version":[{"id":43,"href":"https:\/\/blogs.ua.es\/latortura\/wp-json\/wp\/v2\/pages\/15\/revisions\/43"}],"wp:attachment":[{"href":"https:\/\/blogs.ua.es\/latortura\/wp-json\/wp\/v2\/media?parent=15"}],"curies":[{"name":"wp","href":"https:\/\/api.w.org\/{rel}","templated":true}]}}