{"id":12,"date":"2010-03-11T14:51:21","date_gmt":"2010-03-11T14:51:21","guid":{"rendered":"https:\/\/blogs.ua.es\/lautopiadetomasmoro\/?page_id=12"},"modified":"2010-05-11T19:29:34","modified_gmt":"2010-05-11T19:29:34","slug":"biografia","status":"publish","type":"page","link":"https:\/\/blogs.ua.es\/lautopiadetomasmoro\/biografia\/","title":{"rendered":"Biograf\u00eda"},"content":{"rendered":"<p><a href=\"..\/files\/2010\/03\/httpwww.biografica.infobiografia-de-tomas-moro-santo-sir-thomas-more-175521.png\"><img loading=\"lazy\" decoding=\"async\" class=\"alignleft\" title=\"httpwww.biografica.infobiografia-de-tomas-moro-santo-sir-thomas-more-17552\" src=\"..\/files\/2010\/03\/httpwww.biografica.infobiografia-de-tomas-moro-santo-sir-thomas-more-175521-233x300.png\" alt=\"\" width=\"233\" height=\"300\" \/><\/a>Tom\u00e1s Moro naci\u00f3 en Cheapside, Inglaterra en 1478. A los 13 a\u00f1os se fue a trabajar de mensajero en la casa del Arzobispo de Canterbury, y \u00e9ste al darse cuenta de la gran inteligencia del joven, lo envi\u00f3 a estudiar al colegio de la Universidad de Oxford<\/p>\n<p>En torno a 1497, comienza a escribir poesias, con una iron\u00eda que le vali\u00f3 cierta fama y reconocimiento. En esta \u00e9poca tiene sus primeros encuentros con los precursores del Renacimiento, conociendo a Erasmo de Rotterdam, con quien entablar\u00eda amistad, y a John Skelton.<\/p>\n<p>Hacia 1501 ingres\u00f3 en la Tercera orden de San Francisco, viviendo como laico en un convento cartujo hasta 1504. All\u00ed se dedicar\u00eda al estudio religioso y alrededor de 1501 traducir\u00eda epigramas griegos al lat\u00edn y comentar\u00eda <em>De civitate Dei<\/em>, de San Agust\u00edn. A trav\u00e9s de los humanistas ingleses tiene contacto con Italia. Tras realizar una traducci\u00f3n (publicada en 1510) de una biograf\u00eda de Giovanni Pico della Mirandola escrita por su sobrino Gianfrancesco, qued\u00f3 prendado del sentimiento de la obra que adopt\u00f3 para s\u00ed, y que marcar\u00eda definitivamente el curso de su vida.<\/p>\n<p>Al abandonar la Orden de los Cartujos, en 1505, contrae matrimonio con Jane Colt y ese mismo a\u00f1o nace su hija Margaret, quien ser\u00eda su disc\u00edpulo. Habiendo abandonado la Orden de los Cartujos, recibido en leyes, ejerce como abogado con \u00e9xito, en parte gracias a su preocupaci\u00f3n por la justicia y la equidad; m\u00e1s tarde ser\u00eda juez de pleitos civiles y profesor de Derecho.<\/p>\n<p>En 1506 nace su segunda hija, Elizabeth. Ese a\u00f1o traduce al lat\u00edn <em>Luciano<\/em> en compa\u00f1\u00eda de Erasmo. Un a\u00f1o m\u00e1s tarde nace Cecily, su tercera hija. Tom\u00e1s Moro es pensionado y mayordomo en el Lincoln&#8217;s Inn, donde realiza conferencias entre 1511 y 1516. En 1509 nace su hijo John. Moro participa en gestiones entre grandes compa\u00f1\u00edas de Londres y Amberes. Ese mismo a\u00f1o escribe poemas para la coronaci\u00f3n de Enrique VIII. En 1510 es nombrado miembro del parlamento y <em>vicesheriff<\/em> de Londres. Un a\u00f1o m\u00e1s tarde muere su esposa Jane y se casa con Alice Middleton, viuda siete a\u00f1os mayor que Moro y con una hija, Alice.<\/p>\n<p><a href=\"https:\/\/blogs.ua.es\/lautopiadetomasmoro\/files\/2010\/03\/tomas-moro1.jpg\"><img loading=\"lazy\" decoding=\"async\" class=\"aligncenter size-medium wp-image-74\" title=\"_tomas-moro\" src=\"https:\/\/blogs.ua.es\/lautopiadetomasmoro\/files\/2010\/03\/tomas-moro1-248x300.jpg\" alt=\"\" width=\"248\" height=\"300\" srcset=\"https:\/\/blogs.ua.es\/lautopiadetomasmoro\/files\/2010\/03\/tomas-moro1-248x300.jpg 248w, https:\/\/blogs.ua.es\/lautopiadetomasmoro\/files\/2010\/03\/tomas-moro1.jpg 249w\" sizes=\"auto, (max-width: 248px) 100vw, 248px\" \/><\/a><\/p>\n<p>En 1513 escribe <em>History of King Richard III<\/em>, libro que inspirar\u00e1 al personaje de William Shakespeare.<\/p>\n<p>En 1515 es env\u00edado a una embajada comercial en Flandes. Ese a\u00f1o escribe el libro segundo de Utop\u00eda. Un a\u00f1o m\u00e1s tarde escribe el libro primero de Utop\u00eda y la obra completa es publicada en Lovaina. En 1517 es enviado a Calais para resolver problemas mercantiles. Es nombrado <em>master of requests<\/em> y <em>miembro del Consejo Real<\/em>. En 1520 ayuda a Enrique VIII a escribir <em>Asertio septem sacramentorum<\/em>. Moro es hecho caballero y vicetesorero. Ese mismo a\u00f1o su hija Margaret se casa con William Roper, quien ser\u00eda el primer bi\u00f3grafo de Tom\u00e1s Moro.<\/p>\n<p><a href=\"https:\/\/blogs.ua.es\/lautopiadetomasmoro\/files\/2010\/03\/utopia-tomas-moro.jpg\"><img loading=\"lazy\" decoding=\"async\" class=\"aligncenter size-medium wp-image-75\" title=\"utopia-tomas-moro\" src=\"https:\/\/blogs.ua.es\/lautopiadetomasmoro\/files\/2010\/03\/utopia-tomas-moro-221x300.jpg\" alt=\"\" width=\"221\" height=\"300\" srcset=\"https:\/\/blogs.ua.es\/lautopiadetomasmoro\/files\/2010\/03\/utopia-tomas-moro-221x300.jpg 221w, https:\/\/blogs.ua.es\/lautopiadetomasmoro\/files\/2010\/03\/utopia-tomas-moro.jpg 295w\" sizes=\"auto, (max-width: 221px) 100vw, 221px\" \/><\/a><\/p>\n<p>En 1524 es nombrado <em>Administrador de la Universidad de Oxford<\/em>, en 1525 <em>Administrador de la  Universidad de Cambridge<\/em> y Canciller de Lancaster. Traslada su residencia a Chelsea y escribe carta a Iohannis Bugenhagen defendiendo la supremac\u00eda papal. En 1528 el obispo de Londres le permite leer libros her\u00e9ticos para refutarlos.<\/p>\n<p><a href=\"https:\/\/blogs.ua.es\/lautopiadetomasmoro\/files\/2010\/03\/20070418klplylliu_76.Ies_.SCO_1.jpg\"><img loading=\"lazy\" decoding=\"async\" class=\"aligncenter size-medium wp-image-76\" title=\"20070418klplylliu_76.Ies.SCO\" src=\"https:\/\/blogs.ua.es\/lautopiadetomasmoro\/files\/2010\/03\/20070418klplylliu_76.Ies_.SCO_1-300x294.jpg\" alt=\"\" width=\"300\" height=\"294\" srcset=\"https:\/\/blogs.ua.es\/lautopiadetomasmoro\/files\/2010\/03\/20070418klplylliu_76.Ies_.SCO_1-300x294.jpg 300w, https:\/\/blogs.ua.es\/lautopiadetomasmoro\/files\/2010\/03\/20070418klplylliu_76.Ies_.SCO_1.jpg 555w\" sizes=\"auto, (max-width: 300px) 100vw, 300px\" \/><\/a><\/p>\n<p>En 1530 no firma la carta de nobles y prelados que solicita del papa la anulaci\u00f3n del matrimonio real. En 1532 renuncia a su cargo de canciller. En 1534 se niega a firmar el Acta de Supremac\u00eda que representa repudio a la supremac\u00eda papal. El Acta establece condena a quienes no la acepten y el 17 de abril del mismo a\u00f1o es encarcelado. Un a\u00f1o m\u00e1s tarde es decapitado, el 6 de julio de 1535.<\/p>\n","protected":false},"excerpt":{"rendered":"<p>Tom\u00e1s Moro naci\u00f3 en Cheapside, Inglaterra en 1478. A los 13 a\u00f1os se fue a trabajar de mensajero en la casa del Arzobispo de Canterbury, y \u00e9ste al darse cuenta de la gran inteligencia del joven, lo envi\u00f3 a estudiar al colegio de la Universidad de Oxford En torno a 1497, comienza a escribir poesias, [&hellip;]<\/p>\n","protected":false},"author":1680,"featured_media":0,"parent":0,"menu_order":0,"comment_status":"open","ping_status":"open","template":"","meta":{"footnotes":""},"class_list":["post-12","page","type-page","status-publish","hentry"],"_links":{"self":[{"href":"https:\/\/blogs.ua.es\/lautopiadetomasmoro\/wp-json\/wp\/v2\/pages\/12","targetHints":{"allow":["GET"]}}],"collection":[{"href":"https:\/\/blogs.ua.es\/lautopiadetomasmoro\/wp-json\/wp\/v2\/pages"}],"about":[{"href":"https:\/\/blogs.ua.es\/lautopiadetomasmoro\/wp-json\/wp\/v2\/types\/page"}],"author":[{"embeddable":true,"href":"https:\/\/blogs.ua.es\/lautopiadetomasmoro\/wp-json\/wp\/v2\/users\/1680"}],"replies":[{"embeddable":true,"href":"https:\/\/blogs.ua.es\/lautopiadetomasmoro\/wp-json\/wp\/v2\/comments?post=12"}],"version-history":[{"count":4,"href":"https:\/\/blogs.ua.es\/lautopiadetomasmoro\/wp-json\/wp\/v2\/pages\/12\/revisions"}],"predecessor-version":[{"id":16,"href":"https:\/\/blogs.ua.es\/lautopiadetomasmoro\/wp-json\/wp\/v2\/pages\/12\/revisions\/16"}],"wp:attachment":[{"href":"https:\/\/blogs.ua.es\/lautopiadetomasmoro\/wp-json\/wp\/v2\/media?parent=12"}],"curies":[{"name":"wp","href":"https:\/\/api.w.org\/{rel}","templated":true}]}}