{"id":26,"date":"2010-04-22T12:52:01","date_gmt":"2010-04-22T12:52:01","guid":{"rendered":"https:\/\/blogs.ua.es\/lautopiadetomasmoro\/?page_id=26"},"modified":"2010-05-11T20:09:38","modified_gmt":"2010-05-11T20:09:38","slug":"galeria-de-imagenes","status":"publish","type":"page","link":"https:\/\/blogs.ua.es\/lautopiadetomasmoro\/galeria-de-imagenes\/","title":{"rendered":"Galeria de Im\u00e1genes"},"content":{"rendered":"<p><a href=\"https:\/\/blogs.ua.es\/lautopiadetomasmoro\/files\/2010\/04\/thomas-more_family.jpg\"><\/a><a href=\"https:\/\/blogs.ua.es\/lautopiadetomasmoro\/files\/2010\/04\/utopiathomas-more.jpg\"><img loading=\"lazy\" decoding=\"async\" class=\"aligncenter size-medium wp-image-27\" title=\"utopiathomas-more\" src=\"https:\/\/blogs.ua.es\/lautopiadetomasmoro\/files\/2010\/04\/utopiathomas-more-193x300.jpg\" alt=\"\" width=\"193\" height=\"300\" srcset=\"https:\/\/blogs.ua.es\/lautopiadetomasmoro\/files\/2010\/04\/utopiathomas-more-193x300.jpg 193w, https:\/\/blogs.ua.es\/lautopiadetomasmoro\/files\/2010\/04\/utopiathomas-more.jpg 322w\" sizes=\"auto, (max-width: 193px) 100vw, 193px\" \/><\/a><\/p>\n<p>Imagen de la portada de la obra de Utop\u00eda de Tom\u00e1s Moro<\/p>\n<p><a href=\"https:\/\/blogs.ua.es\/lautopiadetomasmoro\/files\/2010\/04\/TOM2.png\"><img loading=\"lazy\" decoding=\"async\" class=\"aligncenter size-medium wp-image-28\" title=\"TOM2\" src=\"https:\/\/blogs.ua.es\/lautopiadetomasmoro\/files\/2010\/04\/TOM2-233x300.png\" alt=\"\" width=\"233\" height=\"300\" srcset=\"https:\/\/blogs.ua.es\/lautopiadetomasmoro\/files\/2010\/04\/TOM2-233x300.png 233w, https:\/\/blogs.ua.es\/lautopiadetomasmoro\/files\/2010\/04\/TOM2.png 274w\" sizes=\"auto, (max-width: 233px) 100vw, 233px\" \/><\/a><\/p>\n<p>Imagen de Tom\u00e1s Moro, joven<\/p>\n<p><a href=\"https:\/\/blogs.ua.es\/lautopiadetomasmoro\/files\/2010\/04\/moro3.jpg\"><img loading=\"lazy\" decoding=\"async\" class=\"aligncenter size-full wp-image-30\" title=\"moro3\" src=\"https:\/\/blogs.ua.es\/lautopiadetomasmoro\/files\/2010\/04\/moro3.jpg\" alt=\"\" width=\"243\" height=\"300\" \/><\/a><\/p>\n<p>Imagen de Tom\u00e1s Moro, adulto<\/p>\n<p><img loading=\"lazy\" decoding=\"async\" title=\"thomas-more_family\" src=\"https:\/\/blogs.ua.es\/lautopiadetomasmoro\/files\/2010\/04\/thomas-more_family-300x217.jpg\" alt=\"\" width=\"300\" height=\"217\" \/><\/p>\n<p>Imagen de Tom\u00e1s Moro con su familia.<\/p>\n<p><a href=\"https:\/\/blogs.ua.es\/lautopiadetomasmoro\/files\/2010\/04\/utop\u00eda-tom\u00e1s-moro.jpg\"><img loading=\"lazy\" decoding=\"async\" class=\"aligncenter size-medium wp-image-32\" title=\"utop\u00eda, tom\u00e1s moro\" src=\"https:\/\/blogs.ua.es\/lautopiadetomasmoro\/files\/2010\/04\/utop\u00eda-tom\u00e1s-moro-300x209.jpg\" alt=\"\" width=\"300\" height=\"209\" srcset=\"https:\/\/blogs.ua.es\/lautopiadetomasmoro\/files\/2010\/04\/utop\u00eda-tom\u00e1s-moro-300x209.jpg 300w, https:\/\/blogs.ua.es\/lautopiadetomasmoro\/files\/2010\/04\/utop\u00eda-tom\u00e1s-moro.jpg 400w\" sizes=\"auto, (max-width: 300px) 100vw, 300px\" \/><\/a><\/p>\n<p>La obra de Utop\u00eda.<\/p>\n<p><a href=\"https:\/\/blogs.ua.es\/lautopiadetomasmoro\/files\/2010\/04\/utopia.jpg\"><img loading=\"lazy\" decoding=\"async\" class=\"aligncenter size-medium wp-image-34\" title=\"utopia\" src=\"https:\/\/blogs.ua.es\/lautopiadetomasmoro\/files\/2010\/04\/utopia-300x202.jpg\" alt=\"\" width=\"300\" height=\"202\" srcset=\"https:\/\/blogs.ua.es\/lautopiadetomasmoro\/files\/2010\/04\/utopia-300x202.jpg 300w, https:\/\/blogs.ua.es\/lautopiadetomasmoro\/files\/2010\/04\/utopia.jpg 435w\" sizes=\"auto, (max-width: 300px) 100vw, 300px\" \/><\/a><\/p>\n<p>Imagen de como seria Utop\u00eda.<\/p>\n<p><a href=\"https:\/\/blogs.ua.es\/lautopiadetomasmoro\/files\/2010\/04\/88-tlatipac.jpg\"><img loading=\"lazy\" decoding=\"async\" class=\"aligncenter size-full wp-image-35\" title=\"88-tlatipac\" src=\"https:\/\/blogs.ua.es\/lautopiadetomasmoro\/files\/2010\/04\/88-tlatipac.jpg\" alt=\"\" width=\"300\" height=\"245\" \/><\/a><\/p>\n<p>Mapa de Utop\u00eda.<\/p>\n<p><a href=\"https:\/\/blogs.ua.es\/lautopiadetomasmoro\/files\/2010\/04\/Erasmo.jpg\"><img loading=\"lazy\" decoding=\"async\" class=\"aligncenter size-medium wp-image-37\" title=\"Erasmo\" src=\"https:\/\/blogs.ua.es\/lautopiadetomasmoro\/files\/2010\/04\/Erasmo-222x300.jpg\" alt=\"\" width=\"222\" height=\"300\" srcset=\"https:\/\/blogs.ua.es\/lautopiadetomasmoro\/files\/2010\/04\/Erasmo-222x300.jpg 222w, https:\/\/blogs.ua.es\/lautopiadetomasmoro\/files\/2010\/04\/Erasmo.jpg 339w\" sizes=\"auto, (max-width: 222px) 100vw, 222px\" \/><\/a><\/p>\n<p>Imagen de su amigo Erasmo.<\/p>\n<p><a href=\"https:\/\/blogs.ua.es\/lautopiadetomasmoro\/files\/2010\/04\/enrique_viii.jpg\"><img loading=\"lazy\" decoding=\"async\" class=\"aligncenter size-medium wp-image-38\" title=\"enrique_viii\" src=\"https:\/\/blogs.ua.es\/lautopiadetomasmoro\/files\/2010\/04\/enrique_viii-164x300.jpg\" alt=\"\" width=\"164\" height=\"300\" srcset=\"https:\/\/blogs.ua.es\/lautopiadetomasmoro\/files\/2010\/04\/enrique_viii-164x300.jpg 164w, https:\/\/blogs.ua.es\/lautopiadetomasmoro\/files\/2010\/04\/enrique_viii.jpg 329w\" sizes=\"auto, (max-width: 164px) 100vw, 164px\" \/><\/a><\/p>\n<p>Imagen de Enrique VIII.<\/p>\n<p><a href=\"https:\/\/blogs.ua.es\/lautopiadetomasmoro\/files\/2010\/04\/tomas-moro.jpg\"><img loading=\"lazy\" decoding=\"async\" class=\"aligncenter size-medium wp-image-78\" title=\"_tomas-moro\" src=\"https:\/\/blogs.ua.es\/lautopiadetomasmoro\/files\/2010\/04\/tomas-moro-248x300.jpg\" alt=\"\" width=\"248\" height=\"300\" srcset=\"https:\/\/blogs.ua.es\/lautopiadetomasmoro\/files\/2010\/04\/tomas-moro-248x300.jpg 248w, https:\/\/blogs.ua.es\/lautopiadetomasmoro\/files\/2010\/04\/tomas-moro.jpg 249w\" sizes=\"auto, (max-width: 248px) 100vw, 248px\" \/><\/a><\/p>\n<p>Imagen de Tom\u00e1s Moro con su amada esposa Alice.<\/p>\n<p><a href=\"https:\/\/blogs.ua.es\/lautopiadetomasmoro\/files\/2010\/04\/20070418klplylliu_76.Ies_.SCO_.jpg\"><img loading=\"lazy\" decoding=\"async\" class=\"aligncenter size-medium wp-image-79\" title=\"20070418klplylliu_76.Ies.SCO\" src=\"https:\/\/blogs.ua.es\/lautopiadetomasmoro\/files\/2010\/04\/20070418klplylliu_76.Ies_.SCO_-300x294.jpg\" alt=\"\" width=\"300\" height=\"294\" srcset=\"https:\/\/blogs.ua.es\/lautopiadetomasmoro\/files\/2010\/04\/20070418klplylliu_76.Ies_.SCO_-300x294.jpg 300w, https:\/\/blogs.ua.es\/lautopiadetomasmoro\/files\/2010\/04\/20070418klplylliu_76.Ies_.SCO_.jpg 555w\" sizes=\"auto, (max-width: 300px) 100vw, 300px\" \/><\/a><\/p>\n<p>Retrato de Tom\u00e1s Moro.<\/p>\n<p><a href=\"https:\/\/blogs.ua.es\/lautopiadetomasmoro\/files\/2010\/04\/premio-tomas-moro-2009.jpg\"><img loading=\"lazy\" decoding=\"async\" class=\"aligncenter size-medium wp-image-80\" title=\"premio-tomas-moro-2009\" src=\"https:\/\/blogs.ua.es\/lautopiadetomasmoro\/files\/2010\/04\/premio-tomas-moro-2009-218x300.jpg\" alt=\"\" width=\"218\" height=\"300\" srcset=\"https:\/\/blogs.ua.es\/lautopiadetomasmoro\/files\/2010\/04\/premio-tomas-moro-2009-218x300.jpg 218w, https:\/\/blogs.ua.es\/lautopiadetomasmoro\/files\/2010\/04\/premio-tomas-moro-2009.jpg 582w\" sizes=\"auto, (max-width: 218px) 100vw, 218px\" \/><\/a><\/p>\n<p>Imagen de un premio con el nombre de Tom\u00e1s Moro.<\/p>\n<p><a href=\"https:\/\/blogs.ua.es\/lautopiadetomasmoro\/files\/2010\/04\/utopia-tomas-moro.jpg\"><img loading=\"lazy\" decoding=\"async\" class=\"aligncenter size-medium wp-image-81\" title=\"utopia-tomas-moro\" src=\"https:\/\/blogs.ua.es\/lautopiadetomasmoro\/files\/2010\/04\/utopia-tomas-moro-221x300.jpg\" alt=\"\" width=\"221\" height=\"300\" srcset=\"https:\/\/blogs.ua.es\/lautopiadetomasmoro\/files\/2010\/04\/utopia-tomas-moro-221x300.jpg 221w, https:\/\/blogs.ua.es\/lautopiadetomasmoro\/files\/2010\/04\/utopia-tomas-moro.jpg 295w\" sizes=\"auto, (max-width: 221px) 100vw, 221px\" \/><\/a><\/p>\n<p>Imagen de Utop\u00eda,<\/p>\n<p><a href=\"https:\/\/blogs.ua.es\/lautopiadetomasmoro\/files\/2010\/04\/tomas_moro.jpg\"><img loading=\"lazy\" decoding=\"async\" class=\"aligncenter size-medium wp-image-82\" title=\"tomas_moro\" src=\"https:\/\/blogs.ua.es\/lautopiadetomasmoro\/files\/2010\/04\/tomas_moro-300x225.jpg\" alt=\"\" width=\"300\" height=\"225\" srcset=\"https:\/\/blogs.ua.es\/lautopiadetomasmoro\/files\/2010\/04\/tomas_moro-300x225.jpg 300w, https:\/\/blogs.ua.es\/lautopiadetomasmoro\/files\/2010\/04\/tomas_moro.jpg 500w\" sizes=\"auto, (max-width: 300px) 100vw, 300px\" \/><\/a><\/p>\n<p>Imagen del manuscrito del Testamento espiritual de Tomas Moro.<\/p>\n","protected":false},"excerpt":{"rendered":"<p>Imagen de la portada de la obra de Utop\u00eda de Tom\u00e1s Moro Imagen de Tom\u00e1s Moro, joven Imagen de Tom\u00e1s Moro, adulto Imagen de Tom\u00e1s Moro con su familia. La obra de Utop\u00eda. Imagen de como seria Utop\u00eda. Mapa de Utop\u00eda. Imagen de su amigo Erasmo. Imagen de Enrique VIII. Imagen de Tom\u00e1s Moro con [&hellip;]<\/p>\n","protected":false},"author":1680,"featured_media":0,"parent":0,"menu_order":0,"comment_status":"open","ping_status":"open","template":"","meta":{"footnotes":""},"class_list":["post-26","page","type-page","status-publish","hentry"],"_links":{"self":[{"href":"https:\/\/blogs.ua.es\/lautopiadetomasmoro\/wp-json\/wp\/v2\/pages\/26","targetHints":{"allow":["GET"]}}],"collection":[{"href":"https:\/\/blogs.ua.es\/lautopiadetomasmoro\/wp-json\/wp\/v2\/pages"}],"about":[{"href":"https:\/\/blogs.ua.es\/lautopiadetomasmoro\/wp-json\/wp\/v2\/types\/page"}],"author":[{"embeddable":true,"href":"https:\/\/blogs.ua.es\/lautopiadetomasmoro\/wp-json\/wp\/v2\/users\/1680"}],"replies":[{"embeddable":true,"href":"https:\/\/blogs.ua.es\/lautopiadetomasmoro\/wp-json\/wp\/v2\/comments?post=26"}],"version-history":[{"count":6,"href":"https:\/\/blogs.ua.es\/lautopiadetomasmoro\/wp-json\/wp\/v2\/pages\/26\/revisions"}],"predecessor-version":[{"id":33,"href":"https:\/\/blogs.ua.es\/lautopiadetomasmoro\/wp-json\/wp\/v2\/pages\/26\/revisions\/33"}],"wp:attachment":[{"href":"https:\/\/blogs.ua.es\/lautopiadetomasmoro\/wp-json\/wp\/v2\/media?parent=26"}],"curies":[{"name":"wp","href":"https:\/\/api.w.org\/{rel}","templated":true}]}}