{"id":2,"date":"2007-06-01T09:53:17","date_gmt":"2007-06-01T07:53:17","guid":{"rendered":""},"modified":"2010-10-31T14:28:49","modified_gmt":"2010-10-31T12:28:49","slug":"acerca-de","status":"publish","type":"page","link":"https:\/\/blogs.ua.es\/lbanon\/acerca-de\/","title":{"rendered":"Qui\u00e9n soy"},"content":{"rendered":"<h2><img loading=\"lazy\" decoding=\"async\" class=\"alignnone size-full wp-image-119\" src=\"https:\/\/blogs.ua.es\/lbanon\/files\/2007\/06\/luis-barba.jpg\" alt=\"luis-barba\" width=\"112\" height=\"150\" \/><\/h2>\n<h2>\u00a1Bienvenido a mi blog!<\/h2>\n<p>Me llamo Luis y\u00a0soy profesor en la <a title=\"EPS\" href=\"http:\/\/www.eps.ua.es\" target=\"_blank\">Escuela Polit\u00e9cnica Superior<\/a> de la\u00a0<a href=\"http:\/\/www.ua.es\">Universidad de Alicante<\/a>. En mis ratos libres frente al ordenador escribo cosas que me parecen curiosas o interesantes en este blog. Si has llegado hasta aqu\u00ed, enhorabuena; pocos llegan, y menos vuelven&#8230; espero que t\u00fa sigas visitando este humilde rinc\u00f3n y que aportes tus comentarios si as\u00ed lo deseas&#8230;<\/p>\n<p>Si deseas saber algo m\u00e1s de m\u00ed, puedes visitar mi <a href=\"http:\/\/personal.ua.es\/lbanon\" target=\"_blank\">p\u00e1gina web personal<\/a>.<\/p>\n<hr \/>\n<h2>Welcome to my blog!<\/h2>\n<p>My name is Luis and I&#8217;m a professor at\u00a0<a title=\"EPS\" href=\"http:\/\/www.eps.ua.es\" target=\"_blank\">School of Engineering<\/a> of the\u00a0<a href=\"http:\/\/www.ua.es\">University of Alicante<\/a>. In my spare time in front of my laptop, I write this blog about things that seem curious or interesting to me. If you&#8217;ve arrived here, congratulations; few arrive and less return&#8230; I hope you continue visiting this place and share your comments if you wish&#8230;<\/p>\n<p>If wou want to know more about me, please visit my <a href=\"http:\/\/personal.ua.es\/en\/lbanon\" target=\"_blank\">personal webpage<\/a>.<\/p>\n","protected":false},"excerpt":{"rendered":"<p>\u00a1Bienvenido a mi blog! Me llamo Luis y\u00a0soy profesor en la Escuela Polit\u00e9cnica Superior de la\u00a0Universidad de Alicante. En mis ratos libres frente al ordenador escribo cosas que me parecen curiosas o interesantes en este blog. Si has llegado hasta aqu\u00ed, enhorabuena; pocos llegan, y menos vuelven&#8230; espero que t\u00fa sigas visitando este humilde rinc\u00f3n &hellip; <\/p>\n<p class=\"link-more\"><a href=\"https:\/\/blogs.ua.es\/lbanon\/acerca-de\/\" class=\"more-link\">Continue reading<span class=\"screen-reader-text\"> &#8220;Qui\u00e9n soy&#8221;<\/span><\/a><\/p>\n","protected":false},"author":50,"featured_media":0,"parent":0,"menu_order":1,"comment_status":"closed","ping_status":"closed","template":"","meta":{"footnotes":""},"class_list":["post-2","page","type-page","status-publish","hentry"],"_links":{"self":[{"href":"https:\/\/blogs.ua.es\/lbanon\/wp-json\/wp\/v2\/pages\/2","targetHints":{"allow":["GET"]}}],"collection":[{"href":"https:\/\/blogs.ua.es\/lbanon\/wp-json\/wp\/v2\/pages"}],"about":[{"href":"https:\/\/blogs.ua.es\/lbanon\/wp-json\/wp\/v2\/types\/page"}],"author":[{"embeddable":true,"href":"https:\/\/blogs.ua.es\/lbanon\/wp-json\/wp\/v2\/users\/50"}],"replies":[{"embeddable":true,"href":"https:\/\/blogs.ua.es\/lbanon\/wp-json\/wp\/v2\/comments?post=2"}],"version-history":[{"count":6,"href":"https:\/\/blogs.ua.es\/lbanon\/wp-json\/wp\/v2\/pages\/2\/revisions"}],"predecessor-version":[{"id":118,"href":"https:\/\/blogs.ua.es\/lbanon\/wp-json\/wp\/v2\/pages\/2\/revisions\/118"}],"wp:attachment":[{"href":"https:\/\/blogs.ua.es\/lbanon\/wp-json\/wp\/v2\/media?parent=2"}],"curies":[{"name":"wp","href":"https:\/\/api.w.org\/{rel}","templated":true}]}}