{"id":27,"date":"2011-12-12T20:53:05","date_gmt":"2011-12-12T20:53:05","guid":{"rendered":"https:\/\/blogs.ua.es\/leyendanegradefelipeii\/?page_id=27"},"modified":"2011-12-12T21:02:08","modified_gmt":"2011-12-12T21:02:08","slug":"contexto-historico-general","status":"publish","type":"page","link":"https:\/\/blogs.ua.es\/leyendanegradefelipeii\/contexto-historico-general\/","title":{"rendered":"Contexto hist\u00f3rico general"},"content":{"rendered":"<p>1492: los jud\u00edos expulsados \u2192\u00a0muchos intelectuales jud\u00edos expulsados colaboraron en la extensi\u00f3n de la imagen negativa de Espa\u00f1a<\/p>\n<p>1512 y 1527: Saqueo de Prato y Saqueo de Roma \u2192\u00a0formaci\u00f3n de la opini\u00f3n mala de Italianos a Espa\u00f1oles por la destrucci\u00f3n y muerte de muchos<\/p>\n<p>1547: Inquisici\u00f3n Espa\u00f1ola \u2192\u00a0produjo un mot\u00edn muy violento en N\u00e1poles<\/p>\n<p>1552: <em>Brev\u00edsima relaci\u00f3n de la destrucci\u00f3n de las Indias <\/em>por Bartolom\u00e9 de las Casas \u00e0 descripci\u00f3n de las crueldades y violencias realizadas por los espa\u00f1oles en Am\u00e9rica<\/p>\n<p>1554: <em>El libro de los m\u00e1rtires, <\/em>escrito por John Foxe \u2192\u00a0descripci\u00f3n de las torturas, malos tratos y de la Inquisici\u00f3n Espa\u00f1ola<\/p>\n<p>1556-1598: reino de Felipe II, de Espa\u00f1a<\/p>\n<p>1566: conversaciones de Mart\u00edn Lutero publicado en Alemania, sobre su opini\u00f3n de los espa\u00f1oles como enemistades evidentes<\/p>\n<p>1581: <em>Apolog\u00eda <\/em>escrito por Guillermo de Orange \u2192\u00a0se puede considerar el acta de nacimiento de la <em>Leyenda Negra<\/em><\/p>\n<p>1588: La \u201cGran Armada\u201d \u2192\u00a0Felipe II quer\u00eda invadir las islas brit\u00e1nicos pero fue un gran fracaso; la propaganda a\u00f1adi\u00f3 la cobard\u00eda y la incompetencia al car\u00e1cter espa\u00f1ol<\/p>\n<p>Siglo XIII: la influencia pol\u00edtica de la Corona de Arag\u00f3n en los territorios Italianos \u2192\u00a0enemistad entre ambos<\/p>\n<p>1594: <em>Coppie de l&#8217;Anti-espagnol, faict \u00e0 Paris. Defendu par les rebelles de Sa Majest\u00e9, <\/em>escrito por Antoine Arnaud sobre la gran enemistad entre Francia y Espa\u00f1a<\/p>\n<p>1591: <em>Relaciones, <\/em>escrito por Antonio P\u00e9rez \u2192\u00a0influjo en el gobierno de Inglaterra<\/p>\n<p>1787: <em>Don Karlos, Infant von Spanien, <\/em>y <em>Don Carlos, <\/em>escrito por Schiller y Verdi \u2192\u00a0historias basadas en la historia de Orange sobre Don Carlos que eran falsas<\/p>\n<p>1914: <em>La<\/em> <em>leyenda negra, <\/em>escrito por Juli\u00e1n Juder\u00edas<\/p>\n<p>siglo XIX: mentalidad antiespa\u00f1ola en Hispanoam\u00e9rica<\/p>\n","protected":false},"excerpt":{"rendered":"<p>1492: los jud\u00edos expulsados \u2192\u00a0muchos intelectuales jud\u00edos expulsados colaboraron en la extensi\u00f3n de la imagen negativa de Espa\u00f1a 1512 y 1527: Saqueo de Prato y Saqueo de Roma \u2192\u00a0formaci\u00f3n de la opini\u00f3n mala de Italianos a Espa\u00f1oles por la destrucci\u00f3n y muerte de muchos 1547: Inquisici\u00f3n Espa\u00f1ola \u2192\u00a0produjo un mot\u00edn muy violento en N\u00e1poles 1552: [&hellip;]<\/p>\n","protected":false},"author":2189,"featured_media":0,"parent":0,"menu_order":0,"comment_status":"open","ping_status":"open","template":"","meta":{"footnotes":""},"class_list":["post-27","page","type-page","status-publish","hentry"],"_links":{"self":[{"href":"https:\/\/blogs.ua.es\/leyendanegradefelipeii\/wp-json\/wp\/v2\/pages\/27","targetHints":{"allow":["GET"]}}],"collection":[{"href":"https:\/\/blogs.ua.es\/leyendanegradefelipeii\/wp-json\/wp\/v2\/pages"}],"about":[{"href":"https:\/\/blogs.ua.es\/leyendanegradefelipeii\/wp-json\/wp\/v2\/types\/page"}],"author":[{"embeddable":true,"href":"https:\/\/blogs.ua.es\/leyendanegradefelipeii\/wp-json\/wp\/v2\/users\/2189"}],"replies":[{"embeddable":true,"href":"https:\/\/blogs.ua.es\/leyendanegradefelipeii\/wp-json\/wp\/v2\/comments?post=27"}],"version-history":[{"count":3,"href":"https:\/\/blogs.ua.es\/leyendanegradefelipeii\/wp-json\/wp\/v2\/pages\/27\/revisions"}],"predecessor-version":[{"id":33,"href":"https:\/\/blogs.ua.es\/leyendanegradefelipeii\/wp-json\/wp\/v2\/pages\/27\/revisions\/33"}],"wp:attachment":[{"href":"https:\/\/blogs.ua.es\/leyendanegradefelipeii\/wp-json\/wp\/v2\/media?parent=27"}],"curies":[{"name":"wp","href":"https:\/\/api.w.org\/{rel}","templated":true}]}}