{"id":74,"date":"2013-01-27T12:32:17","date_gmt":"2013-01-27T12:32:17","guid":{"rendered":"https:\/\/blogs.ua.es\/librosprivilegiosalicante\/?page_id=74"},"modified":"2013-01-27T12:32:17","modified_gmt":"2013-01-27T12:32:17","slug":"metodologia","status":"publish","type":"page","link":"https:\/\/blogs.ua.es\/librosprivilegiosalicante\/metodologia\/","title":{"rendered":"Metodolog\u00eda"},"content":{"rendered":"<p>Para crear un blog, en nuestro caso para la UA, tenemos que entrar en la<a href=\"https:\/\/blogs.ua.es\/\" target=\"_blank\"> p\u00e1gina de la universidad<\/a>, donde ya en el link te hemos llevado al apartado de blogsUA.<\/p>\n<p>Llegados\u00a0aqu\u00ed\u00a0creamos el blog , rellenando unas casillas con \u00a0nuestros datos, siguiendo las instrucciones de la p\u00e1gina y clicando a crear sitio tendremos ya nuestro blog listo para desarrollar nuestro tema y personalizarlo conforme queramos y a nuestro gusto.<\/p>\n<p>En este blog hemos utilizado la NORMA ISO 690:2010,esta se ppuede aplicar a todo tipo de documentos, incluso a recursos en linea. Es un m\u00e9todo para regular las referenvias bibliograficas y las citas que se escriben. Esto seg\u00fan la\u00a0NORMA ISO 690:2010.<\/p>\n<p><strong>Documentos impresos:<\/strong><\/p>\n<p>&#8211;<span style=\"text-decoration: underline\">Monograf\u00edas:<\/span><\/p>\n<p>APELLIDOS, Nombre1. T\u00edtulo. (Otros colaboradores: traductor, editor, etc. se podr\u00edan hacer constar<br \/>\ncon la forma directa de nombre APELLIDOS). Edici\u00f3n. Lugar: Editor, a\u00f1o. Extensi\u00f3n (opcional).<br \/>\n(Serie; n\u00ba). ISBN.<br \/>\nSi el autor principal es corporativo, se hace constar el nombre directo en MAY\u00daSCULAS.<\/p>\n<p><span style=\"text-decoration: underline\">-Parte de una monograf\u00eda:<\/span><\/p>\n<p>(Autor\/res de la parte) APELLIDOS, Nombre. T\u00edtulo de la parte. En: T\u00edtulo de la obra completa.<br \/>\nEdici\u00f3n. Lugar de edici\u00f3n: editor, a\u00f1o, pp. (p\u00e1ginas). ISBN.<\/p>\n<p><span style=\"text-decoration: underline\">-Publicaciones en serie (revista completa):<\/span><\/p>\n<p>T\u00edtulo de la revista. Responsabilidad (si fuera necesario para identificarla por tratarse de un t\u00edtulo<br \/>\nmuy gen\u00e9rico. Ejem: Bolet\u00edn informativo). A\u00f1o de inicio-A\u00f1o de cierre2 (este \u00faltimo dato s\u00f3lo se<br \/>\nusa en el caso de revistas que han dejado de publicarse). ISSN.<\/p>\n<p><span style=\"text-decoration: underline\">-Art\u00edculos de revistas:<\/span><\/p>\n<p>(Autor\/es de la contribuci\u00f3n) APELLIDOS, Nombre. T\u00edtulo del art\u00edculo. T\u00edtulo de la revista.<br \/>\n(Localizaci\u00f3n de la parte en el n\u00famero de la revista) A\u00f1o, volumen (n\u00ba), pp. ISSN.<\/p>\n<p><strong>Documentos electr\u00f3nicos:<\/strong><\/p>\n<p><span style=\"text-decoration: underline\">-Libros electr\u00f3nicos y monografias en linea:<\/span><\/p>\n<p>APELLIDOS, Nombre. T\u00edtulo [en l\u00ednea]. Lugar de publicaci\u00f3n: editor, fecha de publicaci\u00f3n<br \/>\n[Consulta: fecha de consulta]. Formato (pdf, etc), tama\u00f1o del fichero (MB). Disponible en: http:\/\/<\/p>\n<p>&#8211;<span style=\"text-decoration: underline\">Parte de monograf\u00eda en linea:<\/span><\/p>\n<p>(Autor\/es de la parte) APELLIDOS, Nombre. T\u00edtulo de la parte. En: T\u00edtulo de la obra completa [en<br \/>\nl\u00ednea]. Lugar de publicaci\u00f3n: editor, a\u00f1o, pp. [consulta: fecha de consulta]. Disponible en: http.\/\/<\/p>\n<p>&#8211;<span style=\"text-decoration: underline\">Revistas en linea:<\/span><\/p>\n<p><strong>1.<\/strong>\u00a0Modelo de revista de un paquete de revistas electr\u00f3nicas con una base de datos com\u00fan:<br \/>\nT\u00edtulo [en linea]. Lugar de edici\u00f3n: editor, fecha de publicaci\u00f3n, volumen, n\u00famero [consulta: fecha<br \/>\nde consulta]. Nombre de la base de datos. ISSN. Disponible en: http:\/\/<\/p>\n<p><strong>2.<\/strong>\u00a0Modelo de revista con acceso en l\u00ednea individualizado:<br \/>\nT\u00edtulo [en l\u00ednea]. Lugar de edici\u00f3n: editor, fecha de publicaci\u00f3n, volumen, n\u00famero [consulta: fecha<br \/>\nde consulta]. ISSN. Disponible en: http:\/\/<\/p>\n<p>-A<span style=\"text-decoration: underline\">rt\u00edculo de revista en linea:<\/span><\/p>\n<p>(Autor\/es del art\u00edculo) APELLIDOS, Nombre. T\u00edtulo del art\u00edculo. T\u00edtulo de la revista [en l\u00ednea].<br \/>\nLugar: editor, fecha de publicaci\u00f3n, vol\u00famen, n\u00famero [consulta: fecha de consulta]. ISSN.<br \/>\nDisponible en: http:\/\/<\/p>\n<p>&#8211;<span style=\"text-decoration: underline\">Sitio web:<\/span><\/p>\n<p>T\u00edtulo de la web. Editor, a\u00f1o [consulta: fecha de consulta]. Disponible en: http:\/\/<\/p>\n<p>&#8211;<span style=\"text-decoration: underline\">Parte de un sitio web:<\/span><\/p>\n<p>\u2022 Ejemplo de p\u00e1gina sin autor o autor colectivo (ejem.: art\u00edculo de wikipedia):<br \/>\nT\u00edtulo de la p\u00e1gina. T\u00edtulo del sitio web [en l\u00ednea]. Fecha y hora de edici\u00f3n o actualizaci\u00f3n<br \/>\n[consulta: fecha de cosulta]. Disponible en: http:\/\/<\/p>\n<p>\u2022 Ejemplo de p\u00e1gina o parte de un sitio web con autor:<br \/>\nAPELLIDOS, Nombre. T\u00edtulo de la p\u00e1gina o la parte. En: T\u00edtulo del sitio web [en l\u00ednea]. Fecha y<br \/>\nhora de edici\u00f3n [consulta: fecha y hora de consulta]. Disponible en: http:\/\/<\/p>\n","protected":false},"excerpt":{"rendered":"<p>Para crear un blog, en nuestro caso para la UA, tenemos que entrar en la p\u00e1gina de la universidad, donde ya en el link te hemos llevado al apartado de blogsUA. Llegados\u00a0aqu\u00ed\u00a0creamos el blog , rellenando unas casillas con \u00a0nuestros datos, siguiendo las instrucciones de la p\u00e1gina y clicando a crear sitio tendremos ya nuestro [&hellip;]<\/p>\n","protected":false},"author":2988,"featured_media":0,"parent":0,"menu_order":0,"comment_status":"open","ping_status":"open","template":"","meta":{"footnotes":""},"class_list":["post-74","page","type-page","status-publish","hentry"],"_links":{"self":[{"href":"https:\/\/blogs.ua.es\/librosprivilegiosalicante\/wp-json\/wp\/v2\/pages\/74","targetHints":{"allow":["GET"]}}],"collection":[{"href":"https:\/\/blogs.ua.es\/librosprivilegiosalicante\/wp-json\/wp\/v2\/pages"}],"about":[{"href":"https:\/\/blogs.ua.es\/librosprivilegiosalicante\/wp-json\/wp\/v2\/types\/page"}],"author":[{"embeddable":true,"href":"https:\/\/blogs.ua.es\/librosprivilegiosalicante\/wp-json\/wp\/v2\/users\/2988"}],"replies":[{"embeddable":true,"href":"https:\/\/blogs.ua.es\/librosprivilegiosalicante\/wp-json\/wp\/v2\/comments?post=74"}],"version-history":[{"count":1,"href":"https:\/\/blogs.ua.es\/librosprivilegiosalicante\/wp-json\/wp\/v2\/pages\/74\/revisions"}],"predecessor-version":[{"id":75,"href":"https:\/\/blogs.ua.es\/librosprivilegiosalicante\/wp-json\/wp\/v2\/pages\/74\/revisions\/75"}],"wp:attachment":[{"href":"https:\/\/blogs.ua.es\/librosprivilegiosalicante\/wp-json\/wp\/v2\/media?parent=74"}],"curies":[{"name":"wp","href":"https:\/\/api.w.org\/{rel}","templated":true}]}}