{"id":76,"date":"2013-01-27T12:39:50","date_gmt":"2013-01-27T12:39:50","guid":{"rendered":"https:\/\/blogs.ua.es\/librosprivilegiosalicante\/?page_id=76"},"modified":"2013-01-27T12:39:50","modified_gmt":"2013-01-27T12:39:50","slug":"recursos-de-informacion","status":"publish","type":"page","link":"https:\/\/blogs.ua.es\/librosprivilegiosalicante\/recursos-de-informacion\/","title":{"rendered":"Recursos de informaci\u00f3n"},"content":{"rendered":"<p>Para poder cumplimentar toda la informaci\u00f3n de este blog, hemos recurrido a sitios web como: Wikipedia. Pero mayoritariamente hemos sacado toda la informaci\u00f3n necesaria de un libro donado por parte de Maria Luisa Cabanes Catal\u00e0. Se trata de un trabajo propio de la donante donde estudia y explica cada uno de las caracter\u00edsticas de un libro de privilegios como es el de Alicante, Orihuela, Muria u otros municipios.<\/p>\n<p>El libro exactamente se denomina: &#8220;Libros de privilegios y provisiones de la ciudad de Alicante&#8221;. En este nos explica parte por parte como estaba constituido dicho documento y la manera que se recopil\u00f3, como la manera que se formaron las encuadernaciones, incluso la manera que se imprimi\u00f3 y escribi\u00f3. Todo lo referente \u00a0a este documento se encuentra en esta obra.<\/p>\n<p>Gracias a la donaci\u00f3n de Maria Luisa Cabanes Catal\u00e0, hemos podido realizar este blog. Se encuentra disponible\u00a0\u00fanicamente\u00a0para consulta en la Biblioteca de\u00a0Filosof\u00eda\u00a0y Letras de la Universidad de Alicante, con el\u00a0c\u00f3digo\u00a0 Fl mlcc\/160. Dando esta referencia en la biblioteca os dar\u00e1n para unicamente su consulta dicha donaci\u00f3n.<\/p>\n","protected":false},"excerpt":{"rendered":"<p>Para poder cumplimentar toda la informaci\u00f3n de este blog, hemos recurrido a sitios web como: Wikipedia. Pero mayoritariamente hemos sacado toda la informaci\u00f3n necesaria de un libro donado por parte de Maria Luisa Cabanes Catal\u00e0. Se trata de un trabajo propio de la donante donde estudia y explica cada uno de las caracter\u00edsticas de un [&hellip;]<\/p>\n","protected":false},"author":2988,"featured_media":0,"parent":0,"menu_order":0,"comment_status":"open","ping_status":"open","template":"","meta":{"footnotes":""},"class_list":["post-76","page","type-page","status-publish","hentry"],"_links":{"self":[{"href":"https:\/\/blogs.ua.es\/librosprivilegiosalicante\/wp-json\/wp\/v2\/pages\/76","targetHints":{"allow":["GET"]}}],"collection":[{"href":"https:\/\/blogs.ua.es\/librosprivilegiosalicante\/wp-json\/wp\/v2\/pages"}],"about":[{"href":"https:\/\/blogs.ua.es\/librosprivilegiosalicante\/wp-json\/wp\/v2\/types\/page"}],"author":[{"embeddable":true,"href":"https:\/\/blogs.ua.es\/librosprivilegiosalicante\/wp-json\/wp\/v2\/users\/2988"}],"replies":[{"embeddable":true,"href":"https:\/\/blogs.ua.es\/librosprivilegiosalicante\/wp-json\/wp\/v2\/comments?post=76"}],"version-history":[{"count":2,"href":"https:\/\/blogs.ua.es\/librosprivilegiosalicante\/wp-json\/wp\/v2\/pages\/76\/revisions"}],"predecessor-version":[{"id":78,"href":"https:\/\/blogs.ua.es\/librosprivilegiosalicante\/wp-json\/wp\/v2\/pages\/76\/revisions\/78"}],"wp:attachment":[{"href":"https:\/\/blogs.ua.es\/librosprivilegiosalicante\/wp-json\/wp\/v2\/media?parent=76"}],"curies":[{"name":"wp","href":"https:\/\/api.w.org\/{rel}","templated":true}]}}