{"id":2,"date":"2011-12-23T16:27:58","date_gmt":"2011-12-23T16:27:58","guid":{"rendered":"https:\/\/blogs.ua.es\/lifethesport\/?page_id=2"},"modified":"2012-01-18T12:51:48","modified_gmt":"2012-01-18T12:51:48","slug":"pagina-ejemplo","status":"publish","type":"page","link":"https:\/\/blogs.ua.es\/lifethesport\/pagina-ejemplo\/","title":{"rendered":"\u00bfQuienes somos?"},"content":{"rendered":"<p><strong>\u201cLife the sport<\/strong>\u201d se trata del proyecto llevado a cabo por tres estudiantes de \u00faltimo curso de la Licenciatura en ciencias de la A.F y el deporte. Trabajando juntos desde primer curso de magisterio de E.F les une una relaci\u00f3n que va m\u00e1s all\u00e1 de lo profesional. Aprovechando la asignatura de Tecnolog\u00edas de\u00a0 informaci\u00f3n aplicadas a la A.F y el deporte ponen en marcha este nuevo blog con el que esperan acercaros el deporte a vuestras vidas.<\/p>\n<p><strong><span style=\"text-decoration: underline\">Sergio Sell\u00e9s P\u00e9rez <\/span><\/strong><\/p>\n<p>Fecha de nacimiento: 03\/10\/1989<\/p>\n<p>Lugar de residencia: Gran Alacant (santa pola)<\/p>\n<p>Deportes practicados: Running, Triatl\u00f3n y Raid de aventura.<\/p>\n<p>Otros Datos: Instructor en fitness personalizado por la UA.<\/p>\n<p><a href=\"https:\/\/blogs.ua.es\/lifethesport\/files\/2011\/12\/Foto-Sergio.jpg\"><img loading=\"lazy\" decoding=\"async\" class=\"aligncenter size-full wp-image-49\" src=\"https:\/\/blogs.ua.es\/lifethesport\/files\/2011\/12\/Foto-Sergio.jpg\" alt=\"\" width=\"140\" height=\"194\" \/><\/a><\/p>\n<p><strong><span style=\"text-decoration: underline\">Jes\u00fas Aix Eg\u00edo<\/span><\/strong><\/p>\n<p>Fecha de nacimiento: 28\/05\/1989<\/p>\n<p>Lugar de residencia: San vicente (natural de Orihuela)<\/p>\n<p>Deportes practicados: F\u00fatbol<\/p>\n<p>Otros Datos: Instructor en fitness personalizado por la UA.<\/p>\n<p><a href=\"https:\/\/blogs.ua.es\/lifethesport\/files\/2011\/12\/SCAN02533.jpg\"><img loading=\"lazy\" decoding=\"async\" class=\"aligncenter size-thumbnail wp-image-24\" src=\"https:\/\/blogs.ua.es\/lifethesport\/files\/2011\/12\/SCAN02533-150x150.jpg\" alt=\"\" width=\"150\" height=\"150\" \/><\/a><\/p>\n<p><strong><span style=\"text-decoration: underline\">Fernando Miquel Mozos<\/span><\/strong><\/p>\n<p>Fecha de nacimiento: 04\/04\/1986<\/p>\n<p>Lugar de residencia: Alicante<\/p>\n<p>Deportes practicados: Baloncesto y \u201cVelocidad\u201d.<\/p>\n<p>Otros Datos:\u00a0\u00a0TAFAD, Curso salvamento y socorrismo<a href=\"https:\/\/blogs.ua.es\/lifethesport\/files\/2011\/12\/foto-carnett1.jpg\"><img loading=\"lazy\" decoding=\"async\" class=\"aligncenter size-medium wp-image-98\" src=\"https:\/\/blogs.ua.es\/lifethesport\/files\/2011\/12\/foto-carnett1-230x300.jpg\" alt=\"\" width=\"150\" height=\"200\" \/><\/a><\/p>\n","protected":false},"excerpt":{"rendered":"<p>\u201cLife the sport\u201d se trata del proyecto llevado a cabo por tres estudiantes de \u00faltimo curso de la Licenciatura en ciencias de la A.F y el deporte. Trabajando juntos desde primer curso de magisterio de E.F les une una relaci\u00f3n que va m\u00e1s all\u00e1 de lo profesional. Aprovechando la asignatura de Tecnolog\u00edas de\u00a0 informaci\u00f3n aplicadas [&hellip;]<\/p>\n","protected":false},"author":2568,"featured_media":0,"parent":0,"menu_order":0,"comment_status":"open","ping_status":"open","template":"","meta":{"footnotes":""},"class_list":["post-2","page","type-page","status-publish","hentry"],"_links":{"self":[{"href":"https:\/\/blogs.ua.es\/lifethesport\/wp-json\/wp\/v2\/pages\/2","targetHints":{"allow":["GET"]}}],"collection":[{"href":"https:\/\/blogs.ua.es\/lifethesport\/wp-json\/wp\/v2\/pages"}],"about":[{"href":"https:\/\/blogs.ua.es\/lifethesport\/wp-json\/wp\/v2\/types\/page"}],"author":[{"embeddable":true,"href":"https:\/\/blogs.ua.es\/lifethesport\/wp-json\/wp\/v2\/users\/2568"}],"replies":[{"embeddable":true,"href":"https:\/\/blogs.ua.es\/lifethesport\/wp-json\/wp\/v2\/comments?post=2"}],"version-history":[{"count":6,"href":"https:\/\/blogs.ua.es\/lifethesport\/wp-json\/wp\/v2\/pages\/2\/revisions"}],"predecessor-version":[{"id":16,"href":"https:\/\/blogs.ua.es\/lifethesport\/wp-json\/wp\/v2\/pages\/2\/revisions\/16"}],"wp:attachment":[{"href":"https:\/\/blogs.ua.es\/lifethesport\/wp-json\/wp\/v2\/media?parent=2"}],"curies":[{"name":"wp","href":"https:\/\/api.w.org\/{rel}","templated":true}]}}