{"id":26,"date":"2011-12-25T10:36:00","date_gmt":"2011-12-25T10:36:00","guid":{"rendered":"https:\/\/blogs.ua.es\/lifethesport\/?page_id=26"},"modified":"2011-12-25T10:36:00","modified_gmt":"2011-12-25T10:36:00","slug":"life-the-sport","status":"publish","type":"page","link":"https:\/\/blogs.ua.es\/lifethesport\/life-the-sport\/","title":{"rendered":"Life The Sport"},"content":{"rendered":"<p><strong><\/strong><\/p>\n<p><strong>Life the Sport<\/strong> se trata de un blog dise\u00f1ado por los alumnos de la <strong>universidad de Alicante<\/strong> Sergio Sell\u00e9s P\u00e9rez, Jes\u00fas Aix Eg\u00edo y Fernando Miquel Mozos con el objetivo principal de acercar el mundo del deporte a la comunidad universitaria.<\/p>\n<p>En \u00e9l podr\u00e9is encontrar actualizaciones de tipo m\u00e1s cient\u00edfico por medio de diferentes trabajos e investigaciones que hemos realizado estos a\u00f1os y tambi\u00e9n de tipo m\u00e1s divulgativo como videos o enlaces que a nuestro parecer son interesantes y enriquecedores.<\/p>\n<p>El proyecto surge como trabajo final para la asignatura de <strong>Tecnolog\u00edas de la informaci\u00f3n aplicadas a la A.F y el deporte,<\/strong> aunque esperamos llevarlo m\u00e1s lejos de la propia asignatura y que este espacio se convierta en una herramienta de utilidad e inter\u00e9s para diferentes colectivos, que como a nosotros, les apasiona todo lo relacionado con el deporte.<\/p>\n<p>&nbsp;<\/p>\n<p><a href=\"https:\/\/blogs.ua.es\/lifethesport\/files\/2011\/12\/nike-running-2011-holiday-cold-collection-1-620x41311.jpg\"><img loading=\"lazy\" decoding=\"async\" class=\"aligncenter size-medium wp-image-27\" src=\"https:\/\/blogs.ua.es\/lifethesport\/files\/2011\/12\/nike-running-2011-holiday-cold-collection-1-620x41311-300x199.jpg\" alt=\"\" width=\"389\" height=\"269\" \/><\/a><\/p>\n","protected":false},"excerpt":{"rendered":"<p>Life the Sport se trata de un blog dise\u00f1ado por los alumnos de la universidad de Alicante Sergio Sell\u00e9s P\u00e9rez, Jes\u00fas Aix Eg\u00edo y Fernando Miquel Mozos con el objetivo principal de acercar el mundo del deporte a la comunidad universitaria. En \u00e9l podr\u00e9is encontrar actualizaciones de tipo m\u00e1s cient\u00edfico por medio de diferentes trabajos [&hellip;]<\/p>\n","protected":false},"author":2568,"featured_media":0,"parent":0,"menu_order":0,"comment_status":"open","ping_status":"open","template":"","meta":{"footnotes":""},"class_list":["post-26","page","type-page","status-publish","hentry"],"_links":{"self":[{"href":"https:\/\/blogs.ua.es\/lifethesport\/wp-json\/wp\/v2\/pages\/26","targetHints":{"allow":["GET"]}}],"collection":[{"href":"https:\/\/blogs.ua.es\/lifethesport\/wp-json\/wp\/v2\/pages"}],"about":[{"href":"https:\/\/blogs.ua.es\/lifethesport\/wp-json\/wp\/v2\/types\/page"}],"author":[{"embeddable":true,"href":"https:\/\/blogs.ua.es\/lifethesport\/wp-json\/wp\/v2\/users\/2568"}],"replies":[{"embeddable":true,"href":"https:\/\/blogs.ua.es\/lifethesport\/wp-json\/wp\/v2\/comments?post=26"}],"version-history":[{"count":1,"href":"https:\/\/blogs.ua.es\/lifethesport\/wp-json\/wp\/v2\/pages\/26\/revisions"}],"predecessor-version":[{"id":28,"href":"https:\/\/blogs.ua.es\/lifethesport\/wp-json\/wp\/v2\/pages\/26\/revisions\/28"}],"wp:attachment":[{"href":"https:\/\/blogs.ua.es\/lifethesport\/wp-json\/wp\/v2\/media?parent=26"}],"curies":[{"name":"wp","href":"https:\/\/api.w.org\/{rel}","templated":true}]}}