{"id":33,"date":"2011-12-25T15:16:54","date_gmt":"2011-12-25T15:16:54","guid":{"rendered":"https:\/\/blogs.ua.es\/lifethesport\/?page_id=33"},"modified":"2011-12-25T15:16:54","modified_gmt":"2011-12-25T15:16:54","slug":"contacta-con-nosotros","status":"publish","type":"page","link":"https:\/\/blogs.ua.es\/lifethesport\/contacta-con-nosotros\/","title":{"rendered":"Contacta con nosotros"},"content":{"rendered":"<p>Para cualquier consulta\u00a0que querais hacernos en referencia al blog o al deporte en general estaremos encantados\u00a0de atenderos y contestaros lo antes posible.<\/p>\n<p>Sergio Sell\u00e9s P\u00e9rez &#8211; <a href=\"mailto:selles1989@gmail.com\">selles1989@gmail.com<\/a><\/p>\n<p>Jesus A\u00edx Eg\u00edo &#8211; <a href=\"mailto:jesusaix@hotmail.com\">jesusaix@hotmail.com<\/a><\/p>\n<p>Fernando Miquel Mozos &#8211; <a href=\"mailto:Gasol16nba@hotmail.com\">Gasol16nba@hotmail.com<\/a><\/p>\n","protected":false},"excerpt":{"rendered":"<p>Para cualquier consulta\u00a0que querais hacernos en referencia al blog o al deporte en general estaremos encantados\u00a0de atenderos y contestaros lo antes posible. Sergio Sell\u00e9s P\u00e9rez &#8211; selles1989@gmail.com Jesus A\u00edx Eg\u00edo &#8211; jesusaix@hotmail.com Fernando Miquel Mozos &#8211; Gasol16nba@hotmail.com<\/p>\n","protected":false},"author":2568,"featured_media":0,"parent":0,"menu_order":0,"comment_status":"open","ping_status":"open","template":"","meta":{"footnotes":""},"class_list":["post-33","page","type-page","status-publish","hentry"],"_links":{"self":[{"href":"https:\/\/blogs.ua.es\/lifethesport\/wp-json\/wp\/v2\/pages\/33","targetHints":{"allow":["GET"]}}],"collection":[{"href":"https:\/\/blogs.ua.es\/lifethesport\/wp-json\/wp\/v2\/pages"}],"about":[{"href":"https:\/\/blogs.ua.es\/lifethesport\/wp-json\/wp\/v2\/types\/page"}],"author":[{"embeddable":true,"href":"https:\/\/blogs.ua.es\/lifethesport\/wp-json\/wp\/v2\/users\/2568"}],"replies":[{"embeddable":true,"href":"https:\/\/blogs.ua.es\/lifethesport\/wp-json\/wp\/v2\/comments?post=33"}],"version-history":[{"count":1,"href":"https:\/\/blogs.ua.es\/lifethesport\/wp-json\/wp\/v2\/pages\/33\/revisions"}],"predecessor-version":[{"id":34,"href":"https:\/\/blogs.ua.es\/lifethesport\/wp-json\/wp\/v2\/pages\/33\/revisions\/34"}],"wp:attachment":[{"href":"https:\/\/blogs.ua.es\/lifethesport\/wp-json\/wp\/v2\/media?parent=33"}],"curies":[{"name":"wp","href":"https:\/\/api.w.org\/{rel}","templated":true}]}}