{"id":35,"date":"2011-12-25T15:17:37","date_gmt":"2011-12-25T15:17:37","guid":{"rendered":"https:\/\/blogs.ua.es\/lifethesport\/?page_id=35"},"modified":"2012-01-06T16:06:20","modified_gmt":"2012-01-06T16:06:20","slug":"trabajos-e-investigacion","status":"publish","type":"page","link":"https:\/\/blogs.ua.es\/lifethesport\/trabajos-e-investigacion\/","title":{"rendered":"Trabajos e Investigaci\u00f3n"},"content":{"rendered":"<p>En este apartado podreis encontrar diferentes trabajos que hemos realizado estos \u00faltimos a\u00f1os en la carrera, as\u00ed como art\u00edculos relacionados con el deporte que consideramos que os pueden interesar.<\/p>\n<p><strong>An\u00e1lisis comparativo mediante GPSport<\/strong><\/p>\n<p><a href=\"https:\/\/blogs.ua.es\/lifethesport\/files\/2012\/01\/An\u00e1lisis-comparativo-mediante-GPSport.pdf\">An\u00e1lisis comparativo mediante GPSport<\/a><\/p>\n<p><strong>Nataci\u00f3n en Triatl\u00f3n<\/strong><\/p>\n<p><a href=\"https:\/\/blogs.ua.es\/lifethesport\/files\/2011\/12\/Segmento-de-nataci\u00f3n-en-Triatl\u00f3n1.pdf\">Segmento de nataci\u00f3n en Triatl\u00f3n<\/a><\/p>\n<p><strong>Software\u00a0&#8220;Dartfish&#8221;<\/strong><\/p>\n<p><a href=\"https:\/\/blogs.ua.es\/lifethesport\/files\/2011\/12\/pr\u00e1ctica-Dart-Fish1.pdf\">pr\u00e1ctica Dart-Fish<\/a><\/p>\n<p><strong>Art\u00edculo de investigaci\u00f3n sobre la relaci\u00f3n entre m\u00fasica y rendimiento deportivo<\/strong><\/p>\n<p><a href=\"http:\/\/eprints.usq.edu.au\/4364\/1\/Terry-Karageorghis.pdf\">http:\/\/eprints.usq.edu.au\/4364\/1\/Terry-Karageorghis.pdf<\/a><\/p>\n<p><strong>Plan Aut\u00f3nomo de E.F<\/strong><\/p>\n<p><a href=\"https:\/\/blogs.ua.es\/lifethesport\/files\/2011\/12\/Tema-10.-Plan-Aut\u00f3nomo-de-Actividad-F\u00edsica-y-Deporte.pdf\">Tema 10. Plan Aut\u00f3nomo de Actividad F\u00edsica y Deporte<\/a><\/p>\n<p>&nbsp;<\/p>\n<p>&nbsp;<\/p>\n<p>&nbsp;<\/p>\n","protected":false},"excerpt":{"rendered":"<p>En este apartado podreis encontrar diferentes trabajos que hemos realizado estos \u00faltimos a\u00f1os en la carrera, as\u00ed como art\u00edculos relacionados con el deporte que consideramos que os pueden interesar. An\u00e1lisis comparativo mediante GPSport An\u00e1lisis comparativo mediante GPSport Nataci\u00f3n en Triatl\u00f3n Segmento de nataci\u00f3n en Triatl\u00f3n Software\u00a0&#8220;Dartfish&#8221; pr\u00e1ctica Dart-Fish Art\u00edculo de investigaci\u00f3n sobre la relaci\u00f3n entre [&hellip;]<\/p>\n","protected":false},"author":2568,"featured_media":0,"parent":0,"menu_order":0,"comment_status":"open","ping_status":"open","template":"","meta":{"footnotes":""},"class_list":["post-35","page","type-page","status-publish","hentry"],"_links":{"self":[{"href":"https:\/\/blogs.ua.es\/lifethesport\/wp-json\/wp\/v2\/pages\/35","targetHints":{"allow":["GET"]}}],"collection":[{"href":"https:\/\/blogs.ua.es\/lifethesport\/wp-json\/wp\/v2\/pages"}],"about":[{"href":"https:\/\/blogs.ua.es\/lifethesport\/wp-json\/wp\/v2\/types\/page"}],"author":[{"embeddable":true,"href":"https:\/\/blogs.ua.es\/lifethesport\/wp-json\/wp\/v2\/users\/2568"}],"replies":[{"embeddable":true,"href":"https:\/\/blogs.ua.es\/lifethesport\/wp-json\/wp\/v2\/comments?post=35"}],"version-history":[{"count":7,"href":"https:\/\/blogs.ua.es\/lifethesport\/wp-json\/wp\/v2\/pages\/35\/revisions"}],"predecessor-version":[{"id":37,"href":"https:\/\/blogs.ua.es\/lifethesport\/wp-json\/wp\/v2\/pages\/35\/revisions\/37"}],"wp:attachment":[{"href":"https:\/\/blogs.ua.es\/lifethesport\/wp-json\/wp\/v2\/media?parent=35"}],"curies":[{"name":"wp","href":"https:\/\/api.w.org\/{rel}","templated":true}]}}