{"id":18,"date":"2012-07-26T15:48:00","date_gmt":"2012-07-26T15:48:00","guid":{"rendered":"https:\/\/blogs.ua.es\/lips\/?page_id=18"},"modified":"2012-07-26T15:48:40","modified_gmt":"2012-07-26T15:48:40","slug":"instruccion-cnc","status":"publish","type":"page","link":"https:\/\/blogs.ua.es\/lips\/instruccion-cnc\/","title":{"rendered":"Instrucci\u00f3n CNC"},"content":{"rendered":"<p>Para poder hacer uso de la m\u00e1quina de corte CNC es necesario realizar la Instrucci\u00f3n.<\/p>\n<p>La instrucci\u00f3n consiste en una formaci\u00f3n de 2h, que realiza Santiago Vilella todos los primeros y terceros lunes de mes de 16:00 a 18:00h.<\/p>\n<p>En esta instrucci\u00f3n consiste en:<\/p>\n<ul>\n<li>Preparaci\u00f3n de archivo para corte<\/li>\n<li>Instalaci\u00f3n y manejo de <a href=\"http:\/\/www.deskproto.com\/download\/trialversion.htm\" target=\"_blank\">DeskProto<\/a><\/li>\n<li>C\u00f3mo funciona la m\u00e1quina de corte<\/li>\n<li>Materiales, fresas y velocidades de uso<\/li>\n<\/ul>\n<p>Se realizar\u00e1 una instrucci\u00f3n para cada 15 personas inscritas en el formulario. La instrucci\u00f3n es gratuita (para hacer uso de las fresas del {LAC}, es necesario  realizar un dep\u00f3sito perdido de 10\u20ac por curso acad\u00e9mico). Se confirmar\u00e1 v\u00eda e.mail la fecha de instrucci\u00f3n en la que est\u00e1s convocado. Se mantendr\u00e1 riguroso orden de inscripci\u00f3n.<\/p>\n<p>Es aconsejable haber le\u00eddo antes las siguientes p\u00e1ginas:<\/p>\n<ul>\n<li><a href=\"https:\/\/blogs.ua.es\/glac\/usar-maquina-cnc\/\" target=\"_blank\"><strong>Usar M\u00e1quina CNC<\/strong><\/a><\/li>\n<li><strong><a href=\"https:\/\/blogs.ua.es\/glac\/protocolo-uso-cnc\/\" target=\"_blank\">Protocolo uso CNC<\/a><\/strong><\/li>\n<\/ul>\n<p style=\"text-align: center\">Formulario inscripci\u00f3n <strong><a href=\"https:\/\/spreadsheets.google.com\/viewform?formkey=dEZxSGtOcDhPSjBxTU8yMnVFX3ZnN1E6MA&amp;theme=0AX42CRMsmRFbUy00NzEwOTUyYy00NmI5LTRlZWEtOGMxOC1kNGRkNTNmMzEzMmM&amp;ifq\" target=\"_blank\">AQU\u00cd<\/a><\/strong><\/p>\n","protected":false},"excerpt":{"rendered":"<p>Para poder hacer uso de la m\u00e1quina de corte CNC es necesario realizar la Instrucci\u00f3n. La instrucci\u00f3n consiste en una formaci\u00f3n de 2h, que realiza Santiago Vilella todos los primeros y terceros lunes de mes de 16:00 a 18:00h. En esta instrucci\u00f3n consiste en: Preparaci\u00f3n de archivo para corte Instalaci\u00f3n y manejo de DeskProto C\u00f3mo [&hellip;]<\/p>\n","protected":false},"author":1035,"featured_media":0,"parent":0,"menu_order":0,"comment_status":"open","ping_status":"open","template":"","meta":{"footnotes":""},"class_list":["post-18","page","type-page","status-publish","hentry"],"_links":{"self":[{"href":"https:\/\/blogs.ua.es\/lips\/wp-json\/wp\/v2\/pages\/18","targetHints":{"allow":["GET"]}}],"collection":[{"href":"https:\/\/blogs.ua.es\/lips\/wp-json\/wp\/v2\/pages"}],"about":[{"href":"https:\/\/blogs.ua.es\/lips\/wp-json\/wp\/v2\/types\/page"}],"author":[{"embeddable":true,"href":"https:\/\/blogs.ua.es\/lips\/wp-json\/wp\/v2\/users\/1035"}],"replies":[{"embeddable":true,"href":"https:\/\/blogs.ua.es\/lips\/wp-json\/wp\/v2\/comments?post=18"}],"version-history":[{"count":2,"href":"https:\/\/blogs.ua.es\/lips\/wp-json\/wp\/v2\/pages\/18\/revisions"}],"predecessor-version":[{"id":486,"href":"https:\/\/blogs.ua.es\/lips\/wp-json\/wp\/v2\/pages\/18\/revisions\/486"}],"wp:attachment":[{"href":"https:\/\/blogs.ua.es\/lips\/wp-json\/wp\/v2\/media?parent=18"}],"curies":[{"name":"wp","href":"https:\/\/api.w.org\/{rel}","templated":true}]}}