{"id":10,"date":"2014-12-04T18:47:02","date_gmt":"2014-12-04T18:47:02","guid":{"rendered":"https:\/\/blogs.ua.es\/literaturaenelbarroco\/?page_id=10"},"modified":"2014-12-06T12:14:45","modified_gmt":"2014-12-06T12:14:45","slug":"0-presentacion","status":"publish","type":"page","link":"https:\/\/blogs.ua.es\/literaturaenelbarroco\/0-presentacion\/","title":{"rendered":"0. Presentaci\u00f3n"},"content":{"rendered":"<p>\u00a1Hola a todos! Somos David, Clara, Alex, y H\u00e9ctor, cuatro alumnos de Grado en Historia en la <a href=\"http:\/\/www.ua.es\/\" target=\"_blank\">Universidad de Alicante<\/a>, y os presentamos nuestro trabajo para la asignatura De los Estados Modernos a la Paz de Westfalia, que trata sobre la Literatura en el Barroco. Para ellos hemos dividido el trabajo por pa\u00edses, para as\u00ed conocer mejor la evoluci\u00f3n literaria en los diferentes pa\u00edses europeos durante dicha etapa barroca. As\u00ed pues, os invitamos a que conozc\u00e1is (de manera introductoria) un poco mejor, c\u00f3mo se desarrollaron las diversas corrientes culturales, qu\u00e9 g\u00e9neros sobresalieron, cu\u00e1les fueron algunos de los personajes m\u00e1s influyentes de esta etapa,&#8230;<\/p>\n<p>Esperamos que os guste.<\/p>\n","protected":false},"excerpt":{"rendered":"<p>\u00a1Hola a todos! Somos David, Clara, Alex, y H\u00e9ctor, cuatro alumnos de Grado en Historia en la Universidad de Alicante, y os presentamos nuestro trabajo para la asignatura De los Estados Modernos a la Paz de Westfalia, que trata sobre la Literatura en el Barroco. Para ellos hemos dividido el trabajo por pa\u00edses, para as\u00ed &hellip; <a href=\"https:\/\/blogs.ua.es\/literaturaenelbarroco\/0-presentacion\/\" class=\"more-link\">Continue reading <span class=\"screen-reader-text\">0. Presentaci\u00f3n<\/span> <span class=\"meta-nav\">&rarr;<\/span><\/a><\/p>\n","protected":false},"author":2511,"featured_media":0,"parent":0,"menu_order":0,"comment_status":"open","ping_status":"open","template":"","meta":{"footnotes":""},"class_list":["post-10","page","type-page","status-publish","hentry"],"_links":{"self":[{"href":"https:\/\/blogs.ua.es\/literaturaenelbarroco\/wp-json\/wp\/v2\/pages\/10","targetHints":{"allow":["GET"]}}],"collection":[{"href":"https:\/\/blogs.ua.es\/literaturaenelbarroco\/wp-json\/wp\/v2\/pages"}],"about":[{"href":"https:\/\/blogs.ua.es\/literaturaenelbarroco\/wp-json\/wp\/v2\/types\/page"}],"author":[{"embeddable":true,"href":"https:\/\/blogs.ua.es\/literaturaenelbarroco\/wp-json\/wp\/v2\/users\/2511"}],"replies":[{"embeddable":true,"href":"https:\/\/blogs.ua.es\/literaturaenelbarroco\/wp-json\/wp\/v2\/comments?post=10"}],"version-history":[{"count":5,"href":"https:\/\/blogs.ua.es\/literaturaenelbarroco\/wp-json\/wp\/v2\/pages\/10\/revisions"}],"predecessor-version":[{"id":144,"href":"https:\/\/blogs.ua.es\/literaturaenelbarroco\/wp-json\/wp\/v2\/pages\/10\/revisions\/144"}],"wp:attachment":[{"href":"https:\/\/blogs.ua.es\/literaturaenelbarroco\/wp-json\/wp\/v2\/media?parent=10"}],"curies":[{"name":"wp","href":"https:\/\/api.w.org\/{rel}","templated":true}]}}