{"id":100,"date":"2014-12-06T09:56:10","date_gmt":"2014-12-06T09:56:10","guid":{"rendered":"https:\/\/blogs.ua.es\/literaturaenelbarroco\/?page_id=100"},"modified":"2014-12-07T12:27:23","modified_gmt":"2014-12-07T12:27:23","slug":"narrativa","status":"publish","type":"page","link":"https:\/\/blogs.ua.es\/literaturaenelbarroco\/5-espana\/narrativa\/","title":{"rendered":"Contexto"},"content":{"rendered":"<p>Los siglos XVII y XVIII, en los que se engloba el Barroco, fueron para Espa\u00f1a un periodo de fuerte crisis econ\u00f3mica, pol\u00edtica, militar y social, en el que el Imperio espa\u00f1ol pas\u00f3 a ser una potencia de segundo rango en Europa. En este per\u00edodo Espa\u00f1a fue gobernada por los conocidos como \u201cAustrias menores\u201d, Felipe III, Felipe IV y Carlos II, que dejaron el gobierno en manos de consejeros de confianza como el duque de Lerma o el conde-duque de Olivares. \u00a0Con su participaci\u00f3n en la Guerra de los Treinta A\u00f1os, por orden del conde-duque de Olivares, Espa\u00f1a sufri\u00f3 fuertes derrotas militares, una situaci\u00f3n que fue aprovechada por Francia durante la segunda mitad del siglo XVII, que sigui\u00f3 una pol\u00edtica expansionista sobre los territorios europeos regidos por Carlos II, de manera que, a principios del siglo XVIII, la Corona Espa\u00f1ola perdi\u00f3 gran parte de sus posesiones en Europa.<\/p>\n<p>Por otra parte, en lo referente a la pol\u00edtica interior del pa\u00eds, Espa\u00f1a se vio sumergida en una crisis social y econ\u00f3mica, en la que destacan acontecimientos como la expulsi\u00f3n de los moriscos en 1609 por orden del duque de Lerma, con la que se arruinaron las tierras de regad\u00edo del litoral levantino, lo que permiti\u00f3 la generalizaci\u00f3n de la corrupci\u00f3n administrativa. Posteriormente, con la pol\u00edtica centralista llevada a cabo por el conde-duque de Olivares, se produjeron numerosas sublevaciones en Andaluc\u00eda, N\u00e1poles, Sicilia, Catalu\u00f1a, dond \u00a0la rebeli\u00f3n fue sofocada en 1652, y Portugal, rebeli\u00f3n que deriv\u00f3 en la independencia de este pa\u00eds en 1668.<\/p>\n<p>Durante el siglo XVII, se produjo tambi\u00e9n una crisis demogr\u00e1fica, marcada por la expulsi\u00f3n de casi 30.000 moriscos y la alta mortalidad, provocada por las continuas guerras, el hambre y la peste. En esta \u00e9poca la sociedad estaba profundamente divida respecto a al fuerte conservadurismo de los estamentos, donde la nobleza y el clero mantuvieron sus privilegios, mientras que los campesinos sufrieron en todo su rigor la crisis econ\u00f3mica, lo que derivo en un \u00e9xodo rural hacia las ciudades buscando una mejor calida de vida, aunque la saturaci\u00f3n de estas provoc\u00f3 el aumento de la mendicidad. Adem\u00e1s la fuerte jerarquizaci\u00f3n y conservadurismo social dificultaban el paso de un estamento a otro por lo que solo algunos burgueses consiguieron acceder a la nobleza.\u00a0 La \u00fanica manera de acceder a privilegios desde el pueblo llano era pasar a formar parte de las filas del clero, por lo que el n\u00famero de eclesi\u00e1sticos en esta \u00e9poca aumento considerablemente.<\/p>\n","protected":false},"excerpt":{"rendered":"<p>Los siglos XVII y XVIII, en los que se engloba el Barroco, fueron para Espa\u00f1a un periodo de fuerte crisis econ\u00f3mica, pol\u00edtica, militar y social, en el que el Imperio espa\u00f1ol pas\u00f3 a ser una potencia de segundo rango en Europa. En este per\u00edodo Espa\u00f1a fue gobernada por los conocidos como \u201cAustrias menores\u201d, Felipe III, &hellip; <a href=\"https:\/\/blogs.ua.es\/literaturaenelbarroco\/5-espana\/narrativa\/\" class=\"more-link\">Continue reading <span class=\"screen-reader-text\">Contexto<\/span> <span class=\"meta-nav\">&rarr;<\/span><\/a><\/p>\n","protected":false},"author":2338,"featured_media":0,"parent":92,"menu_order":0,"comment_status":"open","ping_status":"open","template":"","meta":{"footnotes":""},"class_list":["post-100","page","type-page","status-publish","hentry"],"_links":{"self":[{"href":"https:\/\/blogs.ua.es\/literaturaenelbarroco\/wp-json\/wp\/v2\/pages\/100","targetHints":{"allow":["GET"]}}],"collection":[{"href":"https:\/\/blogs.ua.es\/literaturaenelbarroco\/wp-json\/wp\/v2\/pages"}],"about":[{"href":"https:\/\/blogs.ua.es\/literaturaenelbarroco\/wp-json\/wp\/v2\/types\/page"}],"author":[{"embeddable":true,"href":"https:\/\/blogs.ua.es\/literaturaenelbarroco\/wp-json\/wp\/v2\/users\/2338"}],"replies":[{"embeddable":true,"href":"https:\/\/blogs.ua.es\/literaturaenelbarroco\/wp-json\/wp\/v2\/comments?post=100"}],"version-history":[{"count":4,"href":"https:\/\/blogs.ua.es\/literaturaenelbarroco\/wp-json\/wp\/v2\/pages\/100\/revisions"}],"predecessor-version":[{"id":154,"href":"https:\/\/blogs.ua.es\/literaturaenelbarroco\/wp-json\/wp\/v2\/pages\/100\/revisions\/154"}],"up":[{"embeddable":true,"href":"https:\/\/blogs.ua.es\/literaturaenelbarroco\/wp-json\/wp\/v2\/pages\/92"}],"wp:attachment":[{"href":"https:\/\/blogs.ua.es\/literaturaenelbarroco\/wp-json\/wp\/v2\/media?parent=100"}],"curies":[{"name":"wp","href":"https:\/\/api.w.org\/{rel}","templated":true}]}}