{"id":102,"date":"2014-12-06T09:56:49","date_gmt":"2014-12-06T09:56:49","guid":{"rendered":"https:\/\/blogs.ua.es\/literaturaenelbarroco\/?page_id=102"},"modified":"2014-12-07T13:31:11","modified_gmt":"2014-12-07T13:31:11","slug":"novela-picaresca","status":"publish","type":"page","link":"https:\/\/blogs.ua.es\/literaturaenelbarroco\/5-espana\/novela-picaresca\/","title":{"rendered":"Narrativa"},"content":{"rendered":"<p>En la literatura narrativa del Barroco espa\u00f1ol apreciamos claramente otra de las principales caracter\u00edsticas de esta corriente art\u00edstica, la contraposici\u00f3n entre realismo e idealismo. Este aspecto alcanz\u00f3 su m\u00e1xima expresi\u00f3n en la obra de Miguel de Cervantes Saavedra, <i>El ingenioso hidalgo don Quijote de la Mancha<\/i>, publicada en 1605 y 1615. En esta obra Cervantes cre\u00f3 un prototipo de escritura, del cual nacer\u00e1 la novela moderna, al principio concebido como una manera de satirizar las novelas de caballer\u00eda, aunque sus protagonistas, don Quijote y Sancho, se han convertido en s\u00edmbolos de idealismo y realismo, como una contraposici\u00f3n de dos visiones muy diferentes de la realidad. A pesar de la gran importancia del Quijote, Cervantes tambi\u00e9n public\u00f3 otras novelas de gran importancia como <i>Los trabajos de Persiles y Segismunda en 1617<\/i> y <i>Novelas ejemplares 1613<\/i>, y tambi\u00e9n fue autor de diferentes poemas y comedias.<\/p>\n<p>Por otro lado, la escritura narrativa tambi\u00e9n se emple\u00f3 como un medio de cr\u00edtica a la pobreza y a la gran injusticia social del imperio espa\u00f1ol, apareciendo la <i>Novela Picaresca.<\/i> Este tipo de escritura se caracteriza por la presencia de un p\u00edcaro, o personaje principal que se presenta como un antih\u00e9roe, del cual se narra una falsa autobiograf\u00eda cargada de mensajes moralizantes, a menudo utilizando la s\u00e1tira, que busca denunciar principalmente la gran decadencia de la sociedad espa\u00f1ola, empleando un fuerte realismo a la hora de describir los aspectos mas desagradables de la sociedad espa\u00f1ola de la \u00e9poca. El propulsor de este tipo de novela es la obra <i>El Lazarillo de Tormes,<\/i> una obra an\u00f3nima, aunque presenta tambi\u00e9n gran importancia <i>El Guzm\u00e1n de Alfarache<\/i>, publicada entre 1599 y 1604, de Mateo Alem\u00e1n, que se caracteriz\u00f3 por su amarga s\u00e1tira de la sociedad espa\u00f1ol y por un profundo pesimismo, aunque a la vez ofrec\u00eda reflexiones moralizantes paralelas, un elemento que no encontramos en las dem\u00e1s novelas picarescas. Adem\u00e1s, tambi\u00e9n destacaron obras como <i>Busc\u00f3n<\/i>, de Francisco de Quevedo; la\u00a0<i>Vida del escudero Marcos de Obreg\u00f3n<\/i>, de Vicente Espinel; y\u00a0<i>El libro de entretenimiento de la p\u00edcara Justina<\/i>, de Francisco L\u00f3pez de \u00dabeda, publicada en 1605.<\/p>\n","protected":false},"excerpt":{"rendered":"<p>En la literatura narrativa del Barroco espa\u00f1ol apreciamos claramente otra de las principales caracter\u00edsticas de esta corriente art\u00edstica, la contraposici\u00f3n entre realismo e idealismo. Este aspecto alcanz\u00f3 su m\u00e1xima expresi\u00f3n en la obra de Miguel de Cervantes Saavedra, El ingenioso hidalgo don Quijote de la Mancha, publicada en 1605 y 1615. En esta obra Cervantes &hellip; <a href=\"https:\/\/blogs.ua.es\/literaturaenelbarroco\/5-espana\/novela-picaresca\/\" class=\"more-link\">Continue reading <span class=\"screen-reader-text\">Narrativa<\/span> <span class=\"meta-nav\">&rarr;<\/span><\/a><\/p>\n","protected":false},"author":2338,"featured_media":0,"parent":92,"menu_order":0,"comment_status":"open","ping_status":"open","template":"","meta":{"footnotes":""},"class_list":["post-102","page","type-page","status-publish","hentry"],"_links":{"self":[{"href":"https:\/\/blogs.ua.es\/literaturaenelbarroco\/wp-json\/wp\/v2\/pages\/102","targetHints":{"allow":["GET"]}}],"collection":[{"href":"https:\/\/blogs.ua.es\/literaturaenelbarroco\/wp-json\/wp\/v2\/pages"}],"about":[{"href":"https:\/\/blogs.ua.es\/literaturaenelbarroco\/wp-json\/wp\/v2\/types\/page"}],"author":[{"embeddable":true,"href":"https:\/\/blogs.ua.es\/literaturaenelbarroco\/wp-json\/wp\/v2\/users\/2338"}],"replies":[{"embeddable":true,"href":"https:\/\/blogs.ua.es\/literaturaenelbarroco\/wp-json\/wp\/v2\/comments?post=102"}],"version-history":[{"count":3,"href":"https:\/\/blogs.ua.es\/literaturaenelbarroco\/wp-json\/wp\/v2\/pages\/102\/revisions"}],"predecessor-version":[{"id":156,"href":"https:\/\/blogs.ua.es\/literaturaenelbarroco\/wp-json\/wp\/v2\/pages\/102\/revisions\/156"}],"up":[{"embeddable":true,"href":"https:\/\/blogs.ua.es\/literaturaenelbarroco\/wp-json\/wp\/v2\/pages\/92"}],"wp:attachment":[{"href":"https:\/\/blogs.ua.es\/literaturaenelbarroco\/wp-json\/wp\/v2\/media?parent=102"}],"curies":[{"name":"wp","href":"https:\/\/api.w.org\/{rel}","templated":true}]}}