{"id":158,"date":"2014-12-07T15:08:44","date_gmt":"2014-12-07T15:08:44","guid":{"rendered":"https:\/\/blogs.ua.es\/literaturaenelbarroco\/?page_id=158"},"modified":"2014-12-07T21:33:20","modified_gmt":"2014-12-07T21:33:20","slug":"narrativa-2","status":"publish","type":"page","link":"https:\/\/blogs.ua.es\/literaturaenelbarroco\/2-francia\/narrativa-2\/","title":{"rendered":"Narrativa"},"content":{"rendered":"<p style=\"text-align: justify\">A trav\u00e9s de los programas pol\u00edticos y art\u00edsticos del Antiguo R\u00e9gimen, la literatura francesa se convirti\u00f3 en dominante en las letras europeas del siglo XVII. Los reyes estimularon y protegieron la creaci\u00f3n art\u00edstica. La monarqu\u00eda absoluta\u00a0impuso reglas precisas en literatura, siendo trascendental la creaci\u00f3n de la Academia Francesa\u00a0para la Lengua y la Gram\u00e1tica, por Richelieu en 1635.<\/p>\n<p style=\"text-align: center\"><a href=\"https:\/\/blogs.ua.es\/literaturaenelbarroco\/files\/2014\/12\/275px-Institut_de_France_-_Acad\u00e9mie_fran\u00e7aise_et_pont_des_Arts.jpg\"><img loading=\"lazy\" decoding=\"async\" class=\"aligncenter size-full wp-image-53\" alt=\"275px-Institut_de_France_-_Acad\u00e9mie_fran\u00e7aise_et_pont_des_Arts\" src=\"https:\/\/blogs.ua.es\/literaturaenelbarroco\/files\/2014\/12\/275px-Institut_de_France_-_Acad\u00e9mie_fran\u00e7aise_et_pont_des_Arts.jpg\" width=\"275\" height=\"187\" \/><\/a><\/p>\n<p style=\"text-align: justify\">Destacaron 2 autores, por encima de los dem\u00e1s. El primero fue \u00a0Cyrano de Bergerac<strong>\u00a0<\/strong>(1619-55)\u00a0, con su obra m\u00e1s famosa, &#8220;<i>Historia c\u00f3mica de los estados e imperios de la Luna&#8221;<\/i>\u00a0(1657)\u00a0, una curiosa obra entre sat\u00edrica y de ciencia-ficci\u00f3n, innovadora de la \u00e9poca. La segunda autora destacada fue la Condesa de La Fayette, tambi\u00e9n conocido como Madame La Fayette (1634-1693),\u00a0novelista psicol\u00f3gica y realista.\u00a0Tras la publicaci\u00f3n de las novelas La princesa de Montpensier (1662) y Za\u00efde (1670), ambas de corte tradicional, \u00a0La Fayette se interes\u00f3 por la novela hist\u00f3rica y emprendi\u00f3 la redacci\u00f3n de Historia de Enriqueta de Inglaterra, in\u00e9dita hasta 1720. En 1678 apareci\u00f3 su obra cumbre, La princesa de Cl\u00e8ves; ambientada en la corte de Francisco II, el penetrante an\u00e1lisis psicol\u00f3gico de los personajes la convierte quiz\u00e1s en la primera novela moderna en lengua francesa.<\/p>\n<p style=\"text-align: center\"><a href=\"https:\/\/blogs.ua.es\/literaturaenelbarroco\/files\/2014\/12\/331px-Cyrano_Mond-copy.jpg\"><img loading=\"lazy\" decoding=\"async\" class=\"aligncenter size-medium wp-image-59\" alt=\"331px-Cyrano_Mond copy\" src=\"https:\/\/blogs.ua.es\/literaturaenelbarroco\/files\/2014\/12\/331px-Cyrano_Mond-copy-300x158.jpg\" width=\"300\" height=\"158\" srcset=\"https:\/\/blogs.ua.es\/literaturaenelbarroco\/files\/2014\/12\/331px-Cyrano_Mond-copy-300x158.jpg 300w, https:\/\/blogs.ua.es\/literaturaenelbarroco\/files\/2014\/12\/331px-Cyrano_Mond-copy-1024x542.jpg 1024w, https:\/\/blogs.ua.es\/literaturaenelbarroco\/files\/2014\/12\/331px-Cyrano_Mond-copy-500x264.jpg 500w, https:\/\/blogs.ua.es\/literaturaenelbarroco\/files\/2014\/12\/331px-Cyrano_Mond-copy.jpg 1118w\" sizes=\"auto, (max-width: 300px) 100vw, 300px\" \/><\/a><\/p>\n<p style=\"text-align: justify\">Tambi\u00e9n destacaron en prosa las &#8220;<em>M\u00e1ximas&#8221;<\/em>, reflexiones breves de Fran\u00e7ois, duque de La Rochefoucauld\u00a0(1613-1680), \u00a0una\u00a0colecci\u00f3n de setecientos epigramas que constituyen un hito del clasicismo franc\u00e9s.ompuesta por setecientas sentencias morales breves y sutiles, las\u00a0<i>M\u00e1ximas<\/i>\u00a0(que conocieron cinco ediciones entre 1665 y 1678) presentan una fuerte unidad por su pensamiento dominante y sin cesar repetido: el amor propio y el inter\u00e9s se dibujan en el fondo de todas nuestras acciones, de los sentimientos y de la denominada virtud.<\/p>\n","protected":false},"excerpt":{"rendered":"<p>A trav\u00e9s de los programas pol\u00edticos y art\u00edsticos del Antiguo R\u00e9gimen, la literatura francesa se convirti\u00f3 en dominante en las letras europeas del siglo XVII. Los reyes estimularon y protegieron la creaci\u00f3n art\u00edstica. La monarqu\u00eda absoluta\u00a0impuso reglas precisas en literatura, siendo trascendental la creaci\u00f3n de la Academia Francesa\u00a0para la Lengua y la Gram\u00e1tica, por Richelieu &hellip; <a href=\"https:\/\/blogs.ua.es\/literaturaenelbarroco\/2-francia\/narrativa-2\/\" class=\"more-link\">Continue reading <span class=\"screen-reader-text\">Narrativa<\/span> <span class=\"meta-nav\">&rarr;<\/span><\/a><\/p>\n","protected":false},"author":2511,"featured_media":0,"parent":14,"menu_order":0,"comment_status":"open","ping_status":"open","template":"","meta":{"footnotes":""},"class_list":["post-158","page","type-page","status-publish","hentry"],"_links":{"self":[{"href":"https:\/\/blogs.ua.es\/literaturaenelbarroco\/wp-json\/wp\/v2\/pages\/158","targetHints":{"allow":["GET"]}}],"collection":[{"href":"https:\/\/blogs.ua.es\/literaturaenelbarroco\/wp-json\/wp\/v2\/pages"}],"about":[{"href":"https:\/\/blogs.ua.es\/literaturaenelbarroco\/wp-json\/wp\/v2\/types\/page"}],"author":[{"embeddable":true,"href":"https:\/\/blogs.ua.es\/literaturaenelbarroco\/wp-json\/wp\/v2\/users\/2511"}],"replies":[{"embeddable":true,"href":"https:\/\/blogs.ua.es\/literaturaenelbarroco\/wp-json\/wp\/v2\/comments?post=158"}],"version-history":[{"count":9,"href":"https:\/\/blogs.ua.es\/literaturaenelbarroco\/wp-json\/wp\/v2\/pages\/158\/revisions"}],"predecessor-version":[{"id":258,"href":"https:\/\/blogs.ua.es\/literaturaenelbarroco\/wp-json\/wp\/v2\/pages\/158\/revisions\/258"}],"up":[{"embeddable":true,"href":"https:\/\/blogs.ua.es\/literaturaenelbarroco\/wp-json\/wp\/v2\/pages\/14"}],"wp:attachment":[{"href":"https:\/\/blogs.ua.es\/literaturaenelbarroco\/wp-json\/wp\/v2\/media?parent=158"}],"curies":[{"name":"wp","href":"https:\/\/api.w.org\/{rel}","templated":true}]}}