{"id":161,"date":"2014-12-07T15:12:29","date_gmt":"2014-12-07T15:12:29","guid":{"rendered":"https:\/\/blogs.ua.es\/literaturaenelbarroco\/?page_id=161"},"modified":"2014-12-07T21:34:14","modified_gmt":"2014-12-07T21:34:14","slug":"teatro","status":"publish","type":"page","link":"https:\/\/blogs.ua.es\/literaturaenelbarroco\/2-francia\/teatro\/","title":{"rendered":"Teatro"},"content":{"rendered":"<p style=\"text-align: justify\">Pero si hubo un g\u00e9nero que destac\u00f3 durante el reinado de Luis XIV fue el teatro, que estuvo bajo la protecci\u00f3n tanto del rey como de la nobleza. Destaco aqu\u00ed, a 3 de los personajes m\u00e1s importantes que ayudaron a potenciar el teatro en el pa\u00eds, como fueron: Pierre Corneille, Jean Racine, y Moli\u00e8re.<\/p>\n<p style=\"text-align: center\"><a href=\"https:\/\/blogs.ua.es\/literaturaenelbarroco\/files\/2014\/12\/220px-La_F\u00eate_donn\u00e9e_par_Louis_XIV_pour_c\u00e9l\u00e9brer_la_reconqu\u00eate_de_la_Franche-Comt\u00e9_en_1674.jpg\"><img loading=\"lazy\" decoding=\"async\" class=\"aligncenter size-full wp-image-60\" alt=\"220px-La_F\u00eate_donn\u00e9e_par_Louis_XIV_pour_c\u00e9l\u00e9brer_la_reconqu\u00eate_de_la_Franche-Comt\u00e9_en_1674\" src=\"https:\/\/blogs.ua.es\/literaturaenelbarroco\/files\/2014\/12\/220px-La_F\u00eate_donn\u00e9e_par_Louis_XIV_pour_c\u00e9l\u00e9brer_la_reconqu\u00eate_de_la_Franche-Comt\u00e9_en_1674.jpg\" width=\"220\" height=\"151\" \/><\/a><\/p>\n<p style=\"text-align: justify\">El primero de estos tres personajes,Corneille (1606-1684)\u00a0fue el padre de la tragedia francesa.\u00a0Su primera gran obra, &#8220;<em>El Cid&#8221;<\/em>\u00a0(1636), inspirada en el teatro cl\u00e1sico espa\u00f1ol, fue criticada por no respetar las reglas.\u00a0Sus sucesivas tragedias se adentran al estilo clasicista: &#8220;<em>Horacio&#8221;<\/em>\u00a0(1640) y &#8220;<em>Cinna&#8221;<\/em>\u00a0(1640) son de ambientaci\u00f3n romana y tema pol\u00edtico; &#8220;<em>Polieucto&#8221;<\/em>\u00a0(1642), de tema religioso.Tambi\u00e9n destac\u00f3 como comedi\u00f3grafo, con &#8220;<em>El mentiroso&#8221;<\/em>, basada en Ruiz de Alarc\u00f3n.<\/p>\n<p style=\"text-align: justify\">Jean Racine\u00a0\u00a0(1639-99) triunf\u00f3 plenamente en la tragedia cl\u00e1sica. Sus piezas, de gran belleza formal, tienen una escasa complicaci\u00f3n argumental pero una enorme fuerza en la representaci\u00f3n de las pasiones humanas. La mayor\u00eda son de tema cl\u00e1sico, como &#8220;<em>Andr\u00f3maca&#8221;<\/em>, &#8220;<em>Brit\u00e1nico&#8221;<\/em>\u00a0o &#8220;<em>Mitr\u00edades&#8221;<\/em>, o b\u00edblico, como &#8220;<em>Ester y Atal\u00eda&#8221;<\/em>.\u00a0Su obra maestra es &#8220;Fedra&#8221; (1677), sobrecogedor an\u00e1lisis de la pasi\u00f3n y la culpa. Inspirada en Eur\u00edpides, escenifica la imposible pasi\u00f3n de la protagonista por su hijastro, el bello Hip\u00f3lito.<\/p>\n<p style=\"text-align: justify\">En cuanto a Moli\u00e8re,\u00a0fue durante muchos a\u00f1os actor ambulante y adquiri\u00f3 un profundo conocimiento de la vida, que plasma en sus comedias. En ellas ridiculiza las debilidades humanas: la pedanter\u00eda en &#8220;<em>Las preciosas rid\u00edculas&#8221;<\/em>, la avidez en &#8220;<em>El avaro&#8221;<\/em>, la estupidez de los nuevos ricos en &#8220;<em>El burgu\u00e9s gentilhombre&#8221;<\/em>, etc\u00e9tera.\u00a0En 1664 compuso tres grandes obras maestras, de mayor seriedad: &#8220;<em>Tartufo&#8221;<\/em>, severo ataque contra la hipocres\u00eda religiosa; &#8220;<em>Don Juan&#8221;<\/em>, recreaci\u00f3n del famoso mito como librepensador, y &#8220;<em>El mis\u00e1ntropo&#8221;<\/em>, de notable pesimismo.<\/p>\n","protected":false},"excerpt":{"rendered":"<p>Pero si hubo un g\u00e9nero que destac\u00f3 durante el reinado de Luis XIV fue el teatro, que estuvo bajo la protecci\u00f3n tanto del rey como de la nobleza. Destaco aqu\u00ed, a 3 de los personajes m\u00e1s importantes que ayudaron a potenciar el teatro en el pa\u00eds, como fueron: Pierre Corneille, Jean Racine, y Moli\u00e8re. El &hellip; <a href=\"https:\/\/blogs.ua.es\/literaturaenelbarroco\/2-francia\/teatro\/\" class=\"more-link\">Continue reading <span class=\"screen-reader-text\">Teatro<\/span> <span class=\"meta-nav\">&rarr;<\/span><\/a><\/p>\n","protected":false},"author":2511,"featured_media":0,"parent":14,"menu_order":0,"comment_status":"open","ping_status":"open","template":"","meta":{"footnotes":""},"class_list":["post-161","page","type-page","status-publish","hentry"],"_links":{"self":[{"href":"https:\/\/blogs.ua.es\/literaturaenelbarroco\/wp-json\/wp\/v2\/pages\/161","targetHints":{"allow":["GET"]}}],"collection":[{"href":"https:\/\/blogs.ua.es\/literaturaenelbarroco\/wp-json\/wp\/v2\/pages"}],"about":[{"href":"https:\/\/blogs.ua.es\/literaturaenelbarroco\/wp-json\/wp\/v2\/types\/page"}],"author":[{"embeddable":true,"href":"https:\/\/blogs.ua.es\/literaturaenelbarroco\/wp-json\/wp\/v2\/users\/2511"}],"replies":[{"embeddable":true,"href":"https:\/\/blogs.ua.es\/literaturaenelbarroco\/wp-json\/wp\/v2\/comments?post=161"}],"version-history":[{"count":7,"href":"https:\/\/blogs.ua.es\/literaturaenelbarroco\/wp-json\/wp\/v2\/pages\/161\/revisions"}],"predecessor-version":[{"id":259,"href":"https:\/\/blogs.ua.es\/literaturaenelbarroco\/wp-json\/wp\/v2\/pages\/161\/revisions\/259"}],"up":[{"embeddable":true,"href":"https:\/\/blogs.ua.es\/literaturaenelbarroco\/wp-json\/wp\/v2\/pages\/14"}],"wp:attachment":[{"href":"https:\/\/blogs.ua.es\/literaturaenelbarroco\/wp-json\/wp\/v2\/media?parent=161"}],"curies":[{"name":"wp","href":"https:\/\/api.w.org\/{rel}","templated":true}]}}