{"id":2,"date":"2014-12-04T17:36:21","date_gmt":"2014-12-04T17:36:21","guid":{"rendered":"https:\/\/blogs.ua.es\/literaturaenelbarroco\/?page_id=2"},"modified":"2014-12-04T18:45:47","modified_gmt":"2014-12-04T18:45:47","slug":"pagina-ejemplo","status":"publish","type":"page","link":"https:\/\/blogs.ua.es\/literaturaenelbarroco\/pagina-ejemplo\/","title":{"rendered":"1. Introducci\u00f3n"},"content":{"rendered":"<p style=\"text-align: left\">El Barroco es el t\u00e9rmino que da nombre a una corriente art\u00edstica que se desarrolla tras el Renacimiento, durante el siglo XVII y principios de XVIII. Nace en Italia y se extiende a otros muchos pa\u00edses europeos. El Barroco no se considera como una fase decadente del Renacimiento, sino como una creaci\u00f3n importante, representativa de una \u00e9poca.<\/p>\n<p style=\"text-align: left\">Existe un conjunto de aspectos pol\u00edticos, religiosos y culturales que permiten entender mejor este fen\u00f3meno:<\/p>\n<p style=\"text-align: left\">La contrarreforma, ya que durante el siglo XVI irrumpe en la escena religiosa la figura de Lutero, quien inicia la reforma protestante. Numerosas causas contribuyeron a la misma: la p\u00e9rdida de autoridad y prestigio moral de los Papas, la falta de disciplina en el seno de la Iglesia, la relajaci\u00f3n y debilitamiento dela fe y el esp\u00edritu cr\u00edtico y racionalista del Renacimiento. La iglesia no se hizo esperar y convoc\u00f3 el Concilio de Trento en el que se clarificaron muchos aspectos de su doctrina, tratando de devolver al Papa el poder perdido por las afirmaciones de Lutero. En segundo lugar, existe una serie de pa\u00edses como Espa\u00f1a o Francia en los que el monarca asume un poder total\u00a0 y la voluntad del pueblo queda anulada por el rey.<\/p>\n<p style=\"text-align: left\">En torno a las grandes cortes europeas se aglomeran los m\u00e1s importantes artistas y para ellas se ejecutan las m\u00e1s importantes obras de arte.<\/p>\n<p style=\"text-align: left\">En arquitectura, destacan artistas como Bernini con la <i>Columnata<\/i> que rodea la Plaza de San Pedro de Roma o Mansart con la <i>Iglesia de los inv\u00e1lidos de Par\u00eds<\/i>.<\/p>\n<p style=\"text-align: left\">En escultura, destaca tambi\u00e9n Bernini con obras como <i>Apolo y Dafne<\/i> y el <i>\u00c9xtasis de Santa Teresa<\/i> y el Salcillo con obras como <i>La oraci\u00f3n en el Huerto de los Olivos<\/i>.<\/p>\n<p style=\"text-align: left\">En pintura, Caravaggio con La vocaci\u00f3n de San Mateo, Rubens con <i>Las tres Gracias y Ninfas perseguidas por faunos<\/i>, Rembrandt con <i>La ronda de noche<\/i>, Zurbar\u00e1n con <i>San Hugo en el refectorio <\/i>y Vel\u00e1zquez con <i>Las Meninas<\/i> y <i>Las Hilanderas<\/i>.<\/p>\n<p style=\"text-align: left\">En cuanto a la literatura, tema que vamos a tratar en este blog, cabe destacar \u00a0que al principio el t\u00e9rmino barroco solo se utiliz\u00f3 para las artes pl\u00e1sticas, pero en el a\u00f1o 1820 se empez\u00f3 a hablar de barroco literario, aunque su periodo de influencia se ubica entre los siglos XVI y XVII. Los temas de esta \u00e9poca, proceden del Renacimiento pero son tratados con nuevos enfoques. Ahora no se busca la armon\u00eda y naturalidad si no el efectismo y la exageraci\u00f3n, el estilo se hacer artificioso. Son frecuentes en el siglo XVII el desenga\u00f1o y el pesimismo y destacan temas como el paso del tiempo, la presencia de la muerte, la decadencia y el contraste entre apariencia y realidad\u2026 A continuaci\u00f3n y a lo largo de este blog, vamos a analizar m\u00e1s detenidamente la literatura barroca, centr\u00e1ndonos en cuatro pa\u00edses europeos.<\/p>\n<table class=\"alignleft\" border=\"1\" cellspacing=\"0\" cellpadding=\"0\">\n<tbody>\n<tr>\n<td valign=\"top\" width=\"288\"><b>Renacimiento. Siglo XVI<\/b><\/td>\n<td valign=\"top\" width=\"288\"><b>Barroco. Siglo XVII<\/b><\/td>\n<\/tr>\n<tr>\n<td valign=\"top\" width=\"288\">Optimismo, fe en el hombre.<\/td>\n<td valign=\"top\" width=\"288\">Pesimismo, desenga\u00f1o.<\/td>\n<\/tr>\n<tr>\n<td valign=\"top\" width=\"288\">Equilibrio, armon\u00eda, naturalidad.<\/td>\n<td valign=\"top\" width=\"288\">Desequilibrio, efectismo.<\/td>\n<\/tr>\n<tr>\n<td valign=\"top\" width=\"288\">Idealizaci\u00f3n, retrato.<\/td>\n<td valign=\"top\" width=\"288\">Exageraci\u00f3n, caricatura.<\/td>\n<\/tr>\n<tr>\n<td valign=\"top\" width=\"288\">Estatismo, quietud.<\/td>\n<td valign=\"top\" width=\"288\">Dinamismo, movimiento<\/td>\n<\/tr>\n<tr>\n<td valign=\"top\" width=\"288\">L\u00ednea recta.<\/td>\n<td valign=\"top\" width=\"288\">L\u00ednea curva.<\/td>\n<\/tr>\n<tr>\n<td valign=\"top\" width=\"288\">Estilo sencillo, elegante.<\/td>\n<td valign=\"top\" width=\"288\">Estilo recargado, artificioso.<\/td>\n<\/tr>\n<tr>\n<td valign=\"top\" width=\"288\">Crecimiento econ\u00f3mico.<\/td>\n<td valign=\"top\" width=\"288\">Crisis econ\u00f3mica.<\/td>\n<\/tr>\n<\/tbody>\n<\/table>\n<p style=\"text-align: left\">\n<p>&nbsp;<\/p>\n","protected":false},"excerpt":{"rendered":"<p>El Barroco es el t\u00e9rmino que da nombre a una corriente art\u00edstica que se desarrolla tras el Renacimiento, durante el siglo XVII y principios de XVIII. Nace en Italia y se extiende a otros muchos pa\u00edses europeos. El Barroco no se considera como una fase decadente del Renacimiento, sino como una creaci\u00f3n importante, representativa de &hellip; <a href=\"https:\/\/blogs.ua.es\/literaturaenelbarroco\/pagina-ejemplo\/\" class=\"more-link\">Continue reading <span class=\"screen-reader-text\">1. Introducci\u00f3n<\/span> <span class=\"meta-nav\">&rarr;<\/span><\/a><\/p>\n","protected":false},"author":2511,"featured_media":0,"parent":0,"menu_order":0,"comment_status":"open","ping_status":"open","template":"","meta":{"footnotes":""},"class_list":["post-2","page","type-page","status-publish","hentry"],"_links":{"self":[{"href":"https:\/\/blogs.ua.es\/literaturaenelbarroco\/wp-json\/wp\/v2\/pages\/2","targetHints":{"allow":["GET"]}}],"collection":[{"href":"https:\/\/blogs.ua.es\/literaturaenelbarroco\/wp-json\/wp\/v2\/pages"}],"about":[{"href":"https:\/\/blogs.ua.es\/literaturaenelbarroco\/wp-json\/wp\/v2\/types\/page"}],"author":[{"embeddable":true,"href":"https:\/\/blogs.ua.es\/literaturaenelbarroco\/wp-json\/wp\/v2\/users\/2511"}],"replies":[{"embeddable":true,"href":"https:\/\/blogs.ua.es\/literaturaenelbarroco\/wp-json\/wp\/v2\/comments?post=2"}],"version-history":[{"count":4,"href":"https:\/\/blogs.ua.es\/literaturaenelbarroco\/wp-json\/wp\/v2\/pages\/2\/revisions"}],"predecessor-version":[{"id":9,"href":"https:\/\/blogs.ua.es\/literaturaenelbarroco\/wp-json\/wp\/v2\/pages\/2\/revisions\/9"}],"wp:attachment":[{"href":"https:\/\/blogs.ua.es\/literaturaenelbarroco\/wp-json\/wp\/v2\/media?parent=2"}],"curies":[{"name":"wp","href":"https:\/\/api.w.org\/{rel}","templated":true}]}}