{"id":64,"date":"2014-12-05T18:19:43","date_gmt":"2014-12-05T18:19:43","guid":{"rendered":"https:\/\/blogs.ua.es\/literaturaenelbarroco\/?page_id=64"},"modified":"2014-12-07T22:25:32","modified_gmt":"2014-12-07T22:25:32","slug":"contexto","status":"publish","type":"page","link":"https:\/\/blogs.ua.es\/literaturaenelbarroco\/2-francia\/contexto\/","title":{"rendered":"Contexto"},"content":{"rendered":"<p style=\"text-align: justify\">Durante el siglo XVII y, b\u00e1sicamente, durante el reinado(1643-1715) de Luis XIV (1638-1715), el Rey Sol,la literatura francesa experiment\u00f3 un importante per\u00edodo de esplendor. El teatro fue el g\u00e9nero que mejor y durante m\u00e1s tiempo absorbi\u00f3 las caracter\u00edsticas expresivas del barroco, mientras que la poes\u00eda y la prosa evolucionaron con mayor rapidez hacia un incipiente neoclasicismo.<\/p>\n<p><a href=\"https:\/\/blogs.ua.es\/literaturaenelbarroco\/files\/2014\/12\/luis.jpg\"><img loading=\"lazy\" decoding=\"async\" class=\"aligncenter\" alt=\"luis\" src=\"https:\/\/blogs.ua.es\/literaturaenelbarroco\/files\/2014\/12\/luis-229x300.jpg\" width=\"229\" height=\"300\" \/><\/a><\/p>\n<p style=\"text-align: justify\">A finales del siglo XV el Renacimiento ya se hab\u00eda introducido en Francia, ya que a causa de las guerras que el pa\u00eds galo mantuvo con Espa\u00f1a para arrebatar la hegemon\u00eda que ostentaba el emperador Carlos V, los escritores franceses establecen relaciones con los escritores italianos del Renacimiento.<br \/>\nAunque el Renacimiento franc\u00e9s<strong>\u00a0<\/strong>sea posterior no se manifest\u00f3 con menor intensidad. Se extendi\u00f3 a lo largo de todo el siglo XVI y asent\u00f3 los cimientos de lo que verdaderamente fue el siglo de oro franc\u00e9s, la literatura del siglo XVII.<\/p>\n<p style=\"text-align: justify\">La literatura francesa del siglo XVI se caracteriz\u00f3 por: la inclusi\u00f3n de elementos provenientes de Italia, y la divulgaci\u00f3n del humanismo, influencia de la Reforma. Por otro lado, el siglo XVI es la \u00e9poca en la que Francia construye su nacionalidad y su hegemon\u00eda pol\u00edtica en Europa.<\/p>\n<p style=\"text-align: justify\">De los escritores destacados de esta \u00e9poca son Montaigne, Calvino, Rabelais o Ronsard.<\/p>\n<p style=\"text-align: justify\">Durante el siglo XVII\u00a0varios son los reinados que se suceden en Francia. Enrique IV, primer Borb\u00f3n, es un monarca optimista y emprendedor que buscaba la conciliaci\u00f3n, fue el restaurador del Estado. Su hijo, Luis XIII,\u00a0junto con su ministro el cardenal Richelieu, llevo a la grandeza al pa\u00eds. Luis XIV, bajo la regencia de su madre Ana de Austria, fue el siguiente monarca, pero hasta 1661 quien realmente condujo el pa\u00eds fue el cardenal Mazarino que continu\u00f3 la obra de Richelieu. Muerto este, el rey Luis XIV, llamado el Rey Sol, toma el mando del gobierno y lleva a Francia un momento de esplendor.<\/p>\n<p style=\"text-align: justify\">En el terreno cultural y literario<strong>\u00a0<\/strong>la influencia de Espa\u00f1a e Italia se dej\u00f3 sentir en la primera mitad del siglo, que dio como resultado una literatura sentimental y exagerada. La literatura barroca sufri\u00f3 los efectos del absolutismo\u00a0tanto religioso como pol\u00edtico, que condujo a que el arte sea aquello que se parece a lo verdadero. Adem\u00e1s, la moral de la \u00e9poca hace que lo art\u00edstico tenga que ser justa y razonable. Este fue el caldo de cultivo para el Clasicismo franc\u00e9s, y se suele decir que el reinado del Rey Sol fue el momento en que se marc\u00f3 el cambio del Barroco al Clasicismo. El nacimiento el Neoclasicismo\u00a0puede situarse en el racionalismo\u00a0existente ya en la \u00e9poca renacentista y que con Descartes adquiri\u00f3 ya una forma firme. El reinado de Luis XIV aport\u00f3, adem\u00e1s, la estabilidad necesaria para el desarrollo de la cultura y la literatura.<\/p>\n<p style=\"text-align: justify\">La literatura gala de la segunda mitad del siglo XVII fue una literatura equilibrada,<strong>\u00a0<\/strong>que se adapt\u00f3 a las reglas que un grupo de hombres eruditos implantaron y al ambiente mundano y distinguido del momento. Las obras literarias encontraron su p\u00fablico en los salones de la aristocracia. Pero la muerte del rey tambi\u00e9n supuso, en parte, el ocaso de las letras francesas.<\/p>\n<p style=\"text-align: justify\">Algunos de los nombres que cabe se\u00f1alar del mundo de la cultura de este momento son Malherbe, Moli\u00e8re, Pascal y Descartes.<\/p>\n<p>&nbsp;<\/p>\n","protected":false},"excerpt":{"rendered":"<p>Durante el siglo XVII y, b\u00e1sicamente, durante el reinado(1643-1715) de Luis XIV (1638-1715), el Rey Sol,la literatura francesa experiment\u00f3 un importante per\u00edodo de esplendor. El teatro fue el g\u00e9nero que mejor y durante m\u00e1s tiempo absorbi\u00f3 las caracter\u00edsticas expresivas del barroco, mientras que la poes\u00eda y la prosa evolucionaron con mayor rapidez hacia un incipiente &hellip; <a href=\"https:\/\/blogs.ua.es\/literaturaenelbarroco\/2-francia\/contexto\/\" class=\"more-link\">Continue reading <span class=\"screen-reader-text\">Contexto<\/span> <span class=\"meta-nav\">&rarr;<\/span><\/a><\/p>\n","protected":false},"author":2511,"featured_media":0,"parent":14,"menu_order":0,"comment_status":"open","ping_status":"open","template":"","meta":{"footnotes":""},"class_list":["post-64","page","type-page","status-publish","hentry"],"_links":{"self":[{"href":"https:\/\/blogs.ua.es\/literaturaenelbarroco\/wp-json\/wp\/v2\/pages\/64","targetHints":{"allow":["GET"]}}],"collection":[{"href":"https:\/\/blogs.ua.es\/literaturaenelbarroco\/wp-json\/wp\/v2\/pages"}],"about":[{"href":"https:\/\/blogs.ua.es\/literaturaenelbarroco\/wp-json\/wp\/v2\/types\/page"}],"author":[{"embeddable":true,"href":"https:\/\/blogs.ua.es\/literaturaenelbarroco\/wp-json\/wp\/v2\/users\/2511"}],"replies":[{"embeddable":true,"href":"https:\/\/blogs.ua.es\/literaturaenelbarroco\/wp-json\/wp\/v2\/comments?post=64"}],"version-history":[{"count":10,"href":"https:\/\/blogs.ua.es\/literaturaenelbarroco\/wp-json\/wp\/v2\/pages\/64\/revisions"}],"predecessor-version":[{"id":267,"href":"https:\/\/blogs.ua.es\/literaturaenelbarroco\/wp-json\/wp\/v2\/pages\/64\/revisions\/267"}],"up":[{"embeddable":true,"href":"https:\/\/blogs.ua.es\/literaturaenelbarroco\/wp-json\/wp\/v2\/pages\/14"}],"wp:attachment":[{"href":"https:\/\/blogs.ua.es\/literaturaenelbarroco\/wp-json\/wp\/v2\/media?parent=64"}],"curies":[{"name":"wp","href":"https:\/\/api.w.org\/{rel}","templated":true}]}}