{"id":68,"date":"2014-12-05T18:20:24","date_gmt":"2014-12-05T18:20:24","guid":{"rendered":"https:\/\/blogs.ua.es\/literaturaenelbarroco\/?page_id=68"},"modified":"2014-12-07T21:11:08","modified_gmt":"2014-12-07T21:11:08","slug":"principales-autores","status":"publish","type":"page","link":"https:\/\/blogs.ua.es\/literaturaenelbarroco\/2-francia\/principales-autores\/","title":{"rendered":"Poes\u00eda"},"content":{"rendered":"<p style=\"text-align: justify\">Durante la primera mitad del siglo dominan las tendencias barrocas. Destacaron:<\/p>\n<ul style=\"text-align: justify\">\n<li>Preciosismo: poes\u00eda de expresi\u00f3n culta y refinada y tema galante, cultivada en selectas reuniones literarias en casas de nobles, llamadas \u00absalones\u00bb.\u00a0El m\u00e1ximo exponente de esta tendencia fue Vincent Voiture (1597-1648).<\/li>\n<li>Poes\u00eda sat\u00edrica y burlesca:sobresale Paul Scarron\u00a0(1610-1660).<\/li>\n<\/ul>\n<p style=\"text-align: justify\">La corriente preciosista produjo resultados importantes en la literatura francesa. Se le debe una revisi\u00f3n cuidadosa de los valores ling\u00fc\u00edsticos, con una nueva clasificaci\u00f3n de las palabras,\u00a0seg\u00fan los conceptos de correcci\u00f3n o de dignidad estil\u00edstica.\u00a0Este escrupuloso concepto fue implantado luego en la actividad ling\u00fc\u00edstica depuradora del Se\u00f1or de Vaugelas\u00a0(1585-1650)\u00a0y en el\u00a0<i>Dictionnaire de l&#8217;Acad\u00e9mie Fran\u00e7aise<\/i>\u00a0(1694), que dominar\u00edan la \u00e9poca constituyendo el esfuerzo colectivo m\u00e1s importante en cuanto a la creaci\u00f3n de una lengua literaria pura y refinada del momento.<\/p>\n<p style=\"text-align: justify\">El prestigio del racionalismo filos\u00f3fico de Descartes impulsa un estilo m\u00e1s sobrio y coloquial, de imaginaci\u00f3n contenida y expresi\u00f3n clara, representado por Fran\u00e7ois de Malherbe\u00a0(1555-1628). Al poco tiempo se funda la Academia Francesa\u00a0(1634), que impone la imitaci\u00f3n de los cl\u00e1sicos y el respeto por las reglas en el arte.<\/p>\n<p style=\"text-align: justify\">As\u00ed nace el clasicismo, que dominar\u00e1 la segunda mitad del siglo y enlaza con la Ilustraci\u00f3n. Las figuras po\u00e9ticas m\u00e1s importantes son el fabulista Jean de la Fontaine\u00a0(1621-1695) y Nicol\u00e1s Boileau(1636- 1711), autor de una influyente\u00a0<em>Arte Po\u00e9tica<\/em>\u00a0(1674) en verso.<\/p>\n","protected":false},"excerpt":{"rendered":"<p>Durante la primera mitad del siglo dominan las tendencias barrocas. Destacaron: Preciosismo: poes\u00eda de expresi\u00f3n culta y refinada y tema galante, cultivada en selectas reuniones literarias en casas de nobles, llamadas \u00absalones\u00bb.\u00a0El m\u00e1ximo exponente de esta tendencia fue Vincent Voiture (1597-1648). Poes\u00eda sat\u00edrica y burlesca:sobresale Paul Scarron\u00a0(1610-1660). La corriente preciosista produjo resultados importantes en la &hellip; <a href=\"https:\/\/blogs.ua.es\/literaturaenelbarroco\/2-francia\/principales-autores\/\" class=\"more-link\">Continue reading <span class=\"screen-reader-text\">Poes\u00eda<\/span> <span class=\"meta-nav\">&rarr;<\/span><\/a><\/p>\n","protected":false},"author":2511,"featured_media":0,"parent":14,"menu_order":0,"comment_status":"open","ping_status":"open","template":"","meta":{"footnotes":""},"class_list":["post-68","page","type-page","status-publish","hentry"],"_links":{"self":[{"href":"https:\/\/blogs.ua.es\/literaturaenelbarroco\/wp-json\/wp\/v2\/pages\/68","targetHints":{"allow":["GET"]}}],"collection":[{"href":"https:\/\/blogs.ua.es\/literaturaenelbarroco\/wp-json\/wp\/v2\/pages"}],"about":[{"href":"https:\/\/blogs.ua.es\/literaturaenelbarroco\/wp-json\/wp\/v2\/types\/page"}],"author":[{"embeddable":true,"href":"https:\/\/blogs.ua.es\/literaturaenelbarroco\/wp-json\/wp\/v2\/users\/2511"}],"replies":[{"embeddable":true,"href":"https:\/\/blogs.ua.es\/literaturaenelbarroco\/wp-json\/wp\/v2\/comments?post=68"}],"version-history":[{"count":10,"href":"https:\/\/blogs.ua.es\/literaturaenelbarroco\/wp-json\/wp\/v2\/pages\/68\/revisions"}],"predecessor-version":[{"id":243,"href":"https:\/\/blogs.ua.es\/literaturaenelbarroco\/wp-json\/wp\/v2\/pages\/68\/revisions\/243"}],"up":[{"embeddable":true,"href":"https:\/\/blogs.ua.es\/literaturaenelbarroco\/wp-json\/wp\/v2\/pages\/14"}],"wp:attachment":[{"href":"https:\/\/blogs.ua.es\/literaturaenelbarroco\/wp-json\/wp\/v2\/media?parent=68"}],"curies":[{"name":"wp","href":"https:\/\/api.w.org\/{rel}","templated":true}]}}