{"id":75,"date":"2014-12-05T18:28:10","date_gmt":"2014-12-05T18:28:10","guid":{"rendered":"https:\/\/blogs.ua.es\/literaturaenelbarroco\/?page_id=75"},"modified":"2014-12-06T11:16:55","modified_gmt":"2014-12-06T11:16:55","slug":"poesia-2","status":"publish","type":"page","link":"https:\/\/blogs.ua.es\/literaturaenelbarroco\/4-inglaterra\/poesia-2\/","title":{"rendered":"Poes\u00eda"},"content":{"rendered":"<p style=\"text-align: justify\">Como ya hemos explicado en el contexto,\u00a0 el punto de inflexi\u00f3n en el transcurso entre el renacimiento ingl\u00e9s y el barroco vino marcado por la obra <em>Euphues o la anatom\u00eda del ingenio<\/em> escrita por John Lyly. Esta obra cal\u00f3 de tal forma en sus contempor\u00e1neos que surgi\u00f3 e movimiento eufista en el que diferentes autores aplicaron estas nuevas t\u00e9cnicas a sus nuevas creaciones. Otro g\u00e9nero que destaco tambi\u00e9n en esta \u00e9poca fue el del poema er\u00f3tico-mitol\u00f3gico, muy descargado de met\u00e1foras donde destacan Marlowe con su obra <i>Hero y Leandro <\/i>y Shakespeare con <i>Venus y Adonis. <\/i>Ya en el siglo XVII destaca el grupo de los poetas metaf\u00edsicos caracterizados por una poes\u00eda reflexiva y moral con un denso contenido cultural, aqu\u00ed podemos destacar a George Herbert, Henry Vaughan, John Donne y John Milton.<\/p>\n<p style=\"text-align: justify\">La obra literaria de <strong>George Herbert<\/strong> (1593-1633) ha ido ganando reconocimiento a lo largo de los siglos, sus poemas metaf\u00edsicos tienen un car\u00e1cter religioso, fue cl\u00e9rigo en Benerton y su obra se public\u00f3 bajo el nombre de <i>El templo. <\/i>Este autor sabe adoptar un lenguaje menudo y familiar para las grandes cuestiones del hombre resolviendo los clamores del alma con Dios, esto hace que sea sentido como poeta actual. Herbert es consciente de su creatividad por lo que en ciertos momentos\u00a0 a lo largo de su obra hace m\u00e1s dif\u00edcil su verso para exponer su arte con cosas ins\u00f3litas y curiosas, a\u00f1adiendo un rigor intelectual de conceptos que supera en modernidad y vanguardismo a mucha poes\u00eda actual.<\/p>\n<p style=\"text-align: justify\"><strong>John Donne<\/strong> (1572-1631) es considerado el poeta m\u00e1s importante del grupo de los poetas metaf\u00edsicos en la \u00e9poca durante los reinados de Isabel I, Jacobo I y Carlos I. Tambi\u00e9n es conocido por sus dotes de predicador y por la belleza de sus sermones. En su poes\u00eda desarroll\u00f3 una personalidad estil\u00edstica que lo llev\u00f3 a sobrepasar las normas m\u00e9tricas habituales, rechazando la musicalidad anterior y empleando un tono dram\u00e1tico y coloquial para expresar sus inquietudes y sentimientos m\u00e1s \u00edntimos, tratando el amor, la muerte, la religi\u00f3n, impresionando gravemente a sus contempor\u00e1neos. A Donne se le considera un maestro del concepto, que combina un objeto y una idea formando una met\u00e1fora, estableciendo generalmente una relaci\u00f3n sorprendente por lo extra\u00f1a y a veces peregrina entre ambos elementos. En muchos de sus textos, los conceptos est\u00e1n encadenados unos con otros dando lugar as\u00ed a lo que normalmente se denomina concepto extendido.\u00a0 Su obra tambi\u00e9n incluye traducciones, epigramas, eleg\u00edas\u2026<\/p>\n<p style=\"text-align: justify\">El mejor poeta barroco ingl\u00e9s es <strong>John Milton<\/strong> (1608-1674) el cual, tras una etapa po\u00e9tica juvenil intenta fundir la belleza formal cl\u00e1sica con el pensamiento cristiano en sus obras de vejez. La obra y la vida de Milton coinciden con la dram\u00e1tica etapa de las guerras civiles inglesas entre el rey y el Parlamento. Su obra maestra es el grandioso poema \u00e9pico <i>Para\u00edso perdido <\/i>distribuido en doce libros. El verso libre adquiere un majestuoso ritmo y su lenguaje es solemne y culto.<\/p>\n<p style=\"text-align: justify\"><strong>Henry Vaughan<\/strong> (1622-1695) fue un poeta metaf\u00edsico gal\u00e9s. Estuvo influido por las obras de Herbert, escribe tambi\u00e9n poes\u00eda de tema religioso y filos\u00f3fico pero con mayor presencia de elementos propios de poes\u00eda secular.<\/p>\n<p style=\"text-align: justify\">La figura literaria m\u00e1s destacada del periodo de la restauraci\u00f3n mon\u00e1rquica es <strong>John Dryden<\/strong> (1631-1700) quien en gran medida anticipa el futuro esp\u00edritu ilustrado. Su poes\u00eda, patri\u00f3tica, religiosa y sat\u00edrico-pol\u00edtica, populariz\u00f3 los d\u00edsticos endecas\u00edlabos, metro preferido del siglo siguiente. Como dramaturgo, destaca por sus comedias de costumbres, que reflejan la sociedad de su \u00e9poca.<\/p>\n","protected":false},"excerpt":{"rendered":"<p>Como ya hemos explicado en el contexto,\u00a0 el punto de inflexi\u00f3n en el transcurso entre el renacimiento ingl\u00e9s y el barroco vino marcado por la obra Euphues o la anatom\u00eda del ingenio escrita por John Lyly. Esta obra cal\u00f3 de tal forma en sus contempor\u00e1neos que surgi\u00f3 e movimiento eufista en el que diferentes autores &hellip; <a href=\"https:\/\/blogs.ua.es\/literaturaenelbarroco\/4-inglaterra\/poesia-2\/\" class=\"more-link\">Continue reading <span class=\"screen-reader-text\">Poes\u00eda<\/span> <span class=\"meta-nav\">&rarr;<\/span><\/a><\/p>\n","protected":false},"author":2338,"featured_media":0,"parent":29,"menu_order":0,"comment_status":"open","ping_status":"open","template":"","meta":{"footnotes":""},"class_list":["post-75","page","type-page","status-publish","hentry"],"_links":{"self":[{"href":"https:\/\/blogs.ua.es\/literaturaenelbarroco\/wp-json\/wp\/v2\/pages\/75","targetHints":{"allow":["GET"]}}],"collection":[{"href":"https:\/\/blogs.ua.es\/literaturaenelbarroco\/wp-json\/wp\/v2\/pages"}],"about":[{"href":"https:\/\/blogs.ua.es\/literaturaenelbarroco\/wp-json\/wp\/v2\/types\/page"}],"author":[{"embeddable":true,"href":"https:\/\/blogs.ua.es\/literaturaenelbarroco\/wp-json\/wp\/v2\/users\/2338"}],"replies":[{"embeddable":true,"href":"https:\/\/blogs.ua.es\/literaturaenelbarroco\/wp-json\/wp\/v2\/comments?post=75"}],"version-history":[{"count":3,"href":"https:\/\/blogs.ua.es\/literaturaenelbarroco\/wp-json\/wp\/v2\/pages\/75\/revisions"}],"predecessor-version":[{"id":107,"href":"https:\/\/blogs.ua.es\/literaturaenelbarroco\/wp-json\/wp\/v2\/pages\/75\/revisions\/107"}],"up":[{"embeddable":true,"href":"https:\/\/blogs.ua.es\/literaturaenelbarroco\/wp-json\/wp\/v2\/pages\/29"}],"wp:attachment":[{"href":"https:\/\/blogs.ua.es\/literaturaenelbarroco\/wp-json\/wp\/v2\/media?parent=75"}],"curies":[{"name":"wp","href":"https:\/\/api.w.org\/{rel}","templated":true}]}}