{"id":84,"date":"2014-12-05T18:39:35","date_gmt":"2014-12-05T18:39:35","guid":{"rendered":"https:\/\/blogs.ua.es\/literaturaenelbarroco\/?page_id=84"},"modified":"2014-12-08T12:32:53","modified_gmt":"2014-12-08T12:32:53","slug":"contexto-2","status":"publish","type":"page","link":"https:\/\/blogs.ua.es\/literaturaenelbarroco\/3-alemania\/contexto-2\/","title":{"rendered":"Contexto"},"content":{"rendered":"<p style=\"text-align: justify\">La Edad Moderna comienza con profundos cambios econ\u00f3micos, sociales, pol\u00edticos y cient\u00edficos. La imagen tradicional del mundo se tambalea tras los grandes descubrimientos, sobre todo en astronom\u00eda y medicina (Cop\u00e9rnico, Galilei, Kepler, Newton). En pol\u00edtica se desarrolla el Absolutismo, siguiendo el ejemplo de Luis XIV en Francia. La Guerra de los Treinta A\u00f1os (1618-1648) refuerza la desuni\u00f3n alemana y es responsable de que el absolutismo no se imponga aqu\u00ed a nivel nacional, sino en las diferentes y numerosas cortes.<\/p>\n<p><a href=\"https:\/\/blogs.ua.es\/literaturaenelbarroco\/files\/2014\/12\/guerratreintaanos.jpg\"><img loading=\"lazy\" decoding=\"async\" class=\"alignnone size-medium wp-image-231\" alt=\"guerratreintaanos\" src=\"https:\/\/blogs.ua.es\/literaturaenelbarroco\/files\/2014\/12\/guerratreintaanos-300x127.jpg\" width=\"300\" height=\"127\" srcset=\"https:\/\/blogs.ua.es\/literaturaenelbarroco\/files\/2014\/12\/guerratreintaanos-300x127.jpg 300w, https:\/\/blogs.ua.es\/literaturaenelbarroco\/files\/2014\/12\/guerratreintaanos-500x212.jpg 500w, https:\/\/blogs.ua.es\/literaturaenelbarroco\/files\/2014\/12\/guerratreintaanos.jpg 800w\" sizes=\"auto, (max-width: 300px) 100vw, 300px\" \/><\/a><\/p>\n<p style=\"text-align: justify\">Todos estos cambios generan un sentimiento de inseguridad generalizado. Los hombres buscan, de nuevo, apoyo en la religi\u00f3n. La m\u00edstica renace. Por otro lado, ligado al desarrollo del absolutismo, el concepto de virtud (Tugend) adquiere una importancia vital, y se repite como motivo recurrente en toda la obra literaria de esta \u00e9poca. Virtud que controla las pasiones propias, como sometimiento a un orden mayor.<\/p>\n<p style=\"text-align: justify\">Durante esta \u00e9poca de grandes cambios, surgen sentimientos contrapuestos y conviven actitudes contradictorias: el h\u00e9roe de car\u00e1cter firme e inamovible, situaciones enmarcadas en la m\u00e1s profunda de las miserias, los amores m\u00e1s pasionales, la vida y la muerte. De ah\u00ed que esta \u00e9poca se calificara en periodos posteriores como \u201cexagerada\u201d y se denominara con el t\u00e9rmino peyorativo que da nombre a todo el periodo: Barroco (del port. barocco = perla irregular, oblicua).<\/p>\n<p><a href=\"https:\/\/blogs.ua.es\/literaturaenelbarroco\/files\/2014\/12\/315y4w9.jpg\"><img loading=\"lazy\" decoding=\"async\" class=\"alignnone size-medium wp-image-232\" alt=\"315y4w9\" src=\"https:\/\/blogs.ua.es\/literaturaenelbarroco\/files\/2014\/12\/315y4w9-300x231.jpg\" width=\"300\" height=\"231\" srcset=\"https:\/\/blogs.ua.es\/literaturaenelbarroco\/files\/2014\/12\/315y4w9-300x231.jpg 300w, https:\/\/blogs.ua.es\/literaturaenelbarroco\/files\/2014\/12\/315y4w9-388x300.jpg 388w, https:\/\/blogs.ua.es\/literaturaenelbarroco\/files\/2014\/12\/315y4w9.jpg 622w\" sizes=\"auto, (max-width: 300px) 100vw, 300px\" \/><\/a><\/p>\n<p style=\"text-align: justify\">A\u00fan as\u00ed, en lo contradictorio e inexplicable, el Barroco se esfuerza por buscar un orden superior, encontrando el m\u00e1s profundo de los significados en las actitudes mitol\u00f3gicas, los acontecimientos religiosos y los fen\u00f3menos naturales m\u00e1s dispares.\u00a0La simbolog\u00eda inunda todos los \u00e1mbitos: nada tiene valor en s\u00ed mismo, sino como signo o s\u00edmbolo de algo superior. El hombre es un actor obediente, que interpreta en la tierra el papel que le ha asignado Dios. La literatura alaba al monarca absolutista (F\u00fcrstenlob) como representante del orden de Estado.<\/p>\n<p style=\"text-align: justify\">Mientras que en el cat\u00f3lico Sur el lat\u00edn sigue siendo la lengua utilizada en las creaciones literarias, en el Norte surge un sentimiento nacionalista, que, en lo cultural, eleva la lengua alemana al mismo rango que otras (lat\u00edn y franc\u00e9s). Se habla de reforma ling\u00fc\u00edstica (Sprachreform), que trata, sobre todo, de homogeneizar y ampliar la capacidad comunicativa en lengua alemana.<\/p>\n","protected":false},"excerpt":{"rendered":"<p>La Edad Moderna comienza con profundos cambios econ\u00f3micos, sociales, pol\u00edticos y cient\u00edficos. La imagen tradicional del mundo se tambalea tras los grandes descubrimientos, sobre todo en astronom\u00eda y medicina (Cop\u00e9rnico, Galilei, Kepler, Newton). En pol\u00edtica se desarrolla el Absolutismo, siguiendo el ejemplo de Luis XIV en Francia. La Guerra de los Treinta A\u00f1os (1618-1648) refuerza &hellip; <a href=\"https:\/\/blogs.ua.es\/literaturaenelbarroco\/3-alemania\/contexto-2\/\" class=\"more-link\">Continue reading <span class=\"screen-reader-text\">Contexto<\/span> <span class=\"meta-nav\">&rarr;<\/span><\/a><\/p>\n","protected":false},"author":3539,"featured_media":0,"parent":25,"menu_order":0,"comment_status":"open","ping_status":"open","template":"","meta":{"footnotes":""},"class_list":["post-84","page","type-page","status-publish","hentry"],"_links":{"self":[{"href":"https:\/\/blogs.ua.es\/literaturaenelbarroco\/wp-json\/wp\/v2\/pages\/84","targetHints":{"allow":["GET"]}}],"collection":[{"href":"https:\/\/blogs.ua.es\/literaturaenelbarroco\/wp-json\/wp\/v2\/pages"}],"about":[{"href":"https:\/\/blogs.ua.es\/literaturaenelbarroco\/wp-json\/wp\/v2\/types\/page"}],"author":[{"embeddable":true,"href":"https:\/\/blogs.ua.es\/literaturaenelbarroco\/wp-json\/wp\/v2\/users\/3539"}],"replies":[{"embeddable":true,"href":"https:\/\/blogs.ua.es\/literaturaenelbarroco\/wp-json\/wp\/v2\/comments?post=84"}],"version-history":[{"count":5,"href":"https:\/\/blogs.ua.es\/literaturaenelbarroco\/wp-json\/wp\/v2\/pages\/84\/revisions"}],"predecessor-version":[{"id":287,"href":"https:\/\/blogs.ua.es\/literaturaenelbarroco\/wp-json\/wp\/v2\/pages\/84\/revisions\/287"}],"up":[{"embeddable":true,"href":"https:\/\/blogs.ua.es\/literaturaenelbarroco\/wp-json\/wp\/v2\/pages\/25"}],"wp:attachment":[{"href":"https:\/\/blogs.ua.es\/literaturaenelbarroco\/wp-json\/wp\/v2\/media?parent=84"}],"curies":[{"name":"wp","href":"https:\/\/api.w.org\/{rel}","templated":true}]}}