{"id":86,"date":"2014-12-05T18:40:11","date_gmt":"2014-12-05T18:40:11","guid":{"rendered":"https:\/\/blogs.ua.es\/literaturaenelbarroco\/?page_id=86"},"modified":"2014-12-08T12:33:41","modified_gmt":"2014-12-08T12:33:41","slug":"poesia","status":"publish","type":"page","link":"https:\/\/blogs.ua.es\/literaturaenelbarroco\/3-alemania\/poesia\/","title":{"rendered":"Poes\u00eda"},"content":{"rendered":"<p style=\"text-align: justify\">La poes\u00eda del Barroco tiene un car\u00e1cter moralizante y, adem\u00e1s, tiene como objetivo prioritario \u201cadornar\u201d la vida social. Las figuras creadoras de dicha poes\u00eda son el poeta cortesano (Hofpoet) y el erudito (Gelehrter).<\/p>\n<p style=\"text-align: justify\">Al principio de este periodo Martin Opitz en su libro \u201cBuch von der deutschen Poeterey\u201d (Libro de po\u00e9tica alemana) define las reglas de la po\u00e9tica, repitiendo, en sus propias creaciones, modelos extranjeros. Su llamada al cuidado de la lengua alemana es acogida ampliamente por las nuevas asociaciones ling\u00fc\u00edsticas. Estas asociaciones se fundan para llevar a cabo la reforma ling\u00fc\u00edstica, y sus miembros pertenecen tanto a la nobleza como a la burgues\u00eda.\u00a0Una de las sociedades m\u00e1s destacadas es la denominada \u201cFruchtbringende Gesellschaft\u201d, fundada en 1617 por el monarca Ludwig von Anhalt-K\u00f6then, seg\u00fan un modelo italiano.\u00a0El poeta m\u00e1s significativo de esta \u00e9poca, que desarrolla este esquema con gran creatividad, es el poeta y dramaturgo Andreas Gryphius.<\/p>\n<p style=\"text-align: justify\">El drama del Barroco est\u00e1 muy influenciado por el drama jesu\u00edtico en lengua latina. La l\u00edrica adquiere importancia gracias a la m\u00edstica (Jacob B\u00f6hme). La canci\u00f3n religiosa protestante y cat\u00f3lica se cultiva por autores como Angelus Silesius, Paul Gerhardt y Friedrich von Spee. Representantes de la l\u00edrica no religiosa son, junto a Gryphius, Simon Dach y Paul Fleming, otros autores denominados \u201cvirtuosos\u201d (virtuosen), que se recrean en un estilo recargado, pero incrementan tambi\u00e9n las posibilidades expresivas de la lengua alemana. Cabe mencionar aqu\u00ed a los autores Philipp von Zesen y a Hofmann von Hofmannswaldau.<\/p>\n","protected":false},"excerpt":{"rendered":"<p>La poes\u00eda del Barroco tiene un car\u00e1cter moralizante y, adem\u00e1s, tiene como objetivo prioritario \u201cadornar\u201d la vida social. Las figuras creadoras de dicha poes\u00eda son el poeta cortesano (Hofpoet) y el erudito (Gelehrter). Al principio de este periodo Martin Opitz en su libro \u201cBuch von der deutschen Poeterey\u201d (Libro de po\u00e9tica alemana) define las reglas &hellip; <a href=\"https:\/\/blogs.ua.es\/literaturaenelbarroco\/3-alemania\/poesia\/\" class=\"more-link\">Continue reading <span class=\"screen-reader-text\">Poes\u00eda<\/span> <span class=\"meta-nav\">&rarr;<\/span><\/a><\/p>\n","protected":false},"author":3539,"featured_media":0,"parent":25,"menu_order":0,"comment_status":"open","ping_status":"open","template":"","meta":{"footnotes":""},"class_list":["post-86","page","type-page","status-publish","hentry"],"_links":{"self":[{"href":"https:\/\/blogs.ua.es\/literaturaenelbarroco\/wp-json\/wp\/v2\/pages\/86","targetHints":{"allow":["GET"]}}],"collection":[{"href":"https:\/\/blogs.ua.es\/literaturaenelbarroco\/wp-json\/wp\/v2\/pages"}],"about":[{"href":"https:\/\/blogs.ua.es\/literaturaenelbarroco\/wp-json\/wp\/v2\/types\/page"}],"author":[{"embeddable":true,"href":"https:\/\/blogs.ua.es\/literaturaenelbarroco\/wp-json\/wp\/v2\/users\/3539"}],"replies":[{"embeddable":true,"href":"https:\/\/blogs.ua.es\/literaturaenelbarroco\/wp-json\/wp\/v2\/comments?post=86"}],"version-history":[{"count":4,"href":"https:\/\/blogs.ua.es\/literaturaenelbarroco\/wp-json\/wp\/v2\/pages\/86\/revisions"}],"predecessor-version":[{"id":289,"href":"https:\/\/blogs.ua.es\/literaturaenelbarroco\/wp-json\/wp\/v2\/pages\/86\/revisions\/289"}],"up":[{"embeddable":true,"href":"https:\/\/blogs.ua.es\/literaturaenelbarroco\/wp-json\/wp\/v2\/pages\/25"}],"wp:attachment":[{"href":"https:\/\/blogs.ua.es\/literaturaenelbarroco\/wp-json\/wp\/v2\/media?parent=86"}],"curies":[{"name":"wp","href":"https:\/\/api.w.org\/{rel}","templated":true}]}}