{"id":88,"date":"2014-12-05T18:40:37","date_gmt":"2014-12-05T18:40:37","guid":{"rendered":"https:\/\/blogs.ua.es\/literaturaenelbarroco\/?page_id=88"},"modified":"2014-12-08T12:34:04","modified_gmt":"2014-12-08T12:34:04","slug":"teatro","status":"publish","type":"page","link":"https:\/\/blogs.ua.es\/literaturaenelbarroco\/3-alemania\/teatro\/","title":{"rendered":"Teatro"},"content":{"rendered":"<p style=\"text-align: justify\">El teatro del Barroco se muestra muy variado y con gran cantidad de matices. Por una parte exist\u00eda un\u00a0teatro jesuita, sobre todo en el sur cat\u00f3lico, que sol\u00eda realizarse en lengua latina. Debido a que el p\u00fablico no entend\u00eda la lengua, se intentaban potenciar los efectos visuales. De forma similar ocurr\u00eda con las compa\u00f1\u00edas teatrales ambulantes extranjeras. Para otro p\u00fablico estaban pensadas la\u00a0\u00f3pera\u00a0barroca y el teatro de las cortes. La \u00f3pera del barroco era muy apreciada como obra de arte. El teatro de las cortes estaba dominado por la llamada\u00a0<i>St\u00e4ndeklausel<\/i>, por el que los destinos de reyes y nobles s\u00f3lo se deb\u00edan representar en forma de\u00a0tragedia\u00a0y la forma de vida del pueblo deb\u00eda ser representada en\u00a0comedias. Sus principales autores son\u00a0Daniel Casper von Lohenstein\u00a0(1635\u20131683) (<i>Cleopatra<\/i>,\u00a0<i>Sophonisbe<\/i>) y Gryphius, con tres comedias y cinco tragedias (<i>Chatharina von Armenien<\/i>,<i>Leo Armenius<\/i>,\u00a0<i>Carolus Stuardus<\/i>).<\/p>\n","protected":false},"excerpt":{"rendered":"<p>El teatro del Barroco se muestra muy variado y con gran cantidad de matices. Por una parte exist\u00eda un\u00a0teatro jesuita, sobre todo en el sur cat\u00f3lico, que sol\u00eda realizarse en lengua latina. Debido a que el p\u00fablico no entend\u00eda la lengua, se intentaban potenciar los efectos visuales. De forma similar ocurr\u00eda con las compa\u00f1\u00edas teatrales &hellip; <a href=\"https:\/\/blogs.ua.es\/literaturaenelbarroco\/3-alemania\/teatro\/\" class=\"more-link\">Continue reading <span class=\"screen-reader-text\">Teatro<\/span> <span class=\"meta-nav\">&rarr;<\/span><\/a><\/p>\n","protected":false},"author":3539,"featured_media":0,"parent":25,"menu_order":0,"comment_status":"open","ping_status":"open","template":"","meta":{"footnotes":""},"class_list":["post-88","page","type-page","status-publish","hentry"],"_links":{"self":[{"href":"https:\/\/blogs.ua.es\/literaturaenelbarroco\/wp-json\/wp\/v2\/pages\/88","targetHints":{"allow":["GET"]}}],"collection":[{"href":"https:\/\/blogs.ua.es\/literaturaenelbarroco\/wp-json\/wp\/v2\/pages"}],"about":[{"href":"https:\/\/blogs.ua.es\/literaturaenelbarroco\/wp-json\/wp\/v2\/types\/page"}],"author":[{"embeddable":true,"href":"https:\/\/blogs.ua.es\/literaturaenelbarroco\/wp-json\/wp\/v2\/users\/3539"}],"replies":[{"embeddable":true,"href":"https:\/\/blogs.ua.es\/literaturaenelbarroco\/wp-json\/wp\/v2\/comments?post=88"}],"version-history":[{"count":4,"href":"https:\/\/blogs.ua.es\/literaturaenelbarroco\/wp-json\/wp\/v2\/pages\/88\/revisions"}],"predecessor-version":[{"id":290,"href":"https:\/\/blogs.ua.es\/literaturaenelbarroco\/wp-json\/wp\/v2\/pages\/88\/revisions\/290"}],"up":[{"embeddable":true,"href":"https:\/\/blogs.ua.es\/literaturaenelbarroco\/wp-json\/wp\/v2\/pages\/25"}],"wp:attachment":[{"href":"https:\/\/blogs.ua.es\/literaturaenelbarroco\/wp-json\/wp\/v2\/media?parent=88"}],"curies":[{"name":"wp","href":"https:\/\/api.w.org\/{rel}","templated":true}]}}