{"id":90,"date":"2014-12-05T18:42:15","date_gmt":"2014-12-05T18:42:15","guid":{"rendered":"https:\/\/blogs.ua.es\/literaturaenelbarroco\/?page_id=90"},"modified":"2014-12-08T12:33:17","modified_gmt":"2014-12-08T12:33:17","slug":"novela","status":"publish","type":"page","link":"https:\/\/blogs.ua.es\/literaturaenelbarroco\/3-alemania\/novela\/","title":{"rendered":"Narrativa"},"content":{"rendered":"<p style=\"text-align: justify\">Durante el\u00a0Barroco\u00a0hubo un importante giro hacia la literatura en alem\u00e1n. Pol\u00edticamente, la \u00e9poca estuvo marcada por la de divisi\u00f3n de confesiones y la\u00a0Guerra de los Treinta A\u00f1os\u00a0(1618\u20131648). La gran amplitud de la\u00a0literatura del Barroco\u00a0incluye desde la poes\u00eda cort\u00e9s a la novela popular, de la imitaci\u00f3n de modelos de la Antig\u00fcedad a la l\u00edrica sobre las experiencias personales y de la celebraci\u00f3n de la vida, al motivo de la\u00a0vanidad.<\/p>\n<p style=\"text-align: justify\">La novela barroca est\u00e1 profundamente influenciada por la novela extranjera, consiste principalmente en la novela pastoril, la\u00a0novela de estado, la\u00a0novela cort\u00e9s galante\u00a0y la m\u00e1s influyente: la\u00a0novela picaresca, originaria de\u00a0Espa\u00f1a. En este \u00faltimo g\u00e9nero destaca sobre todo\u00a0Hans Jakob Christoffel von Grimmelshausen\u00a0(hacia 1625\u20131676) con su\u00a0Simplicissimus, adem\u00e1s de las\u00a0Simplicianischen Schriften. Las aventuras de Simplicissimus durante la Guerra de los Treinta A\u00f1os es la novela picaresca m\u00e1s importante fuera de la\u00a0Pen\u00ednsula Ib\u00e9rica. El representante m\u00e1s importante de la novela de estado es el disc\u00edpulo de\u00a0Birken,\u00a0Anton Ulrich von Braunschweig und L\u00fcneburg-Wolfenb\u00fcttel.<\/p>\n","protected":false},"excerpt":{"rendered":"<p>Durante el\u00a0Barroco\u00a0hubo un importante giro hacia la literatura en alem\u00e1n. Pol\u00edticamente, la \u00e9poca estuvo marcada por la de divisi\u00f3n de confesiones y la\u00a0Guerra de los Treinta A\u00f1os\u00a0(1618\u20131648). La gran amplitud de la\u00a0literatura del Barroco\u00a0incluye desde la poes\u00eda cort\u00e9s a la novela popular, de la imitaci\u00f3n de modelos de la Antig\u00fcedad a la l\u00edrica sobre las &hellip; <a href=\"https:\/\/blogs.ua.es\/literaturaenelbarroco\/3-alemania\/novela\/\" class=\"more-link\">Continue reading <span class=\"screen-reader-text\">Narrativa<\/span> <span class=\"meta-nav\">&rarr;<\/span><\/a><\/p>\n","protected":false},"author":3539,"featured_media":0,"parent":25,"menu_order":0,"comment_status":"open","ping_status":"open","template":"","meta":{"footnotes":""},"class_list":["post-90","page","type-page","status-publish","hentry"],"_links":{"self":[{"href":"https:\/\/blogs.ua.es\/literaturaenelbarroco\/wp-json\/wp\/v2\/pages\/90","targetHints":{"allow":["GET"]}}],"collection":[{"href":"https:\/\/blogs.ua.es\/literaturaenelbarroco\/wp-json\/wp\/v2\/pages"}],"about":[{"href":"https:\/\/blogs.ua.es\/literaturaenelbarroco\/wp-json\/wp\/v2\/types\/page"}],"author":[{"embeddable":true,"href":"https:\/\/blogs.ua.es\/literaturaenelbarroco\/wp-json\/wp\/v2\/users\/3539"}],"replies":[{"embeddable":true,"href":"https:\/\/blogs.ua.es\/literaturaenelbarroco\/wp-json\/wp\/v2\/comments?post=90"}],"version-history":[{"count":6,"href":"https:\/\/blogs.ua.es\/literaturaenelbarroco\/wp-json\/wp\/v2\/pages\/90\/revisions"}],"predecessor-version":[{"id":288,"href":"https:\/\/blogs.ua.es\/literaturaenelbarroco\/wp-json\/wp\/v2\/pages\/90\/revisions\/288"}],"up":[{"embeddable":true,"href":"https:\/\/blogs.ua.es\/literaturaenelbarroco\/wp-json\/wp\/v2\/pages\/25"}],"wp:attachment":[{"href":"https:\/\/blogs.ua.es\/literaturaenelbarroco\/wp-json\/wp\/v2\/media?parent=90"}],"curies":[{"name":"wp","href":"https:\/\/api.w.org\/{rel}","templated":true}]}}