{"id":96,"date":"2014-12-06T09:54:59","date_gmt":"2014-12-06T09:54:59","guid":{"rendered":"https:\/\/blogs.ua.es\/literaturaenelbarroco\/?page_id=96"},"modified":"2014-12-07T18:19:47","modified_gmt":"2014-12-07T18:19:47","slug":"poesia","status":"publish","type":"page","link":"https:\/\/blogs.ua.es\/literaturaenelbarroco\/5-espana\/poesia\/","title":{"rendered":"Teatro"},"content":{"rendered":"<p>Hasta el siglo XVI el teatro segu\u00eda firmemente las reglas cl\u00e1sicas, pero en este momento, alrededor de 1590, Lope de Vega rompi\u00f3 con estas normas y se convirti\u00f3 en el creador de la comedia espa\u00f1ola. Su estilo se caracteriz\u00f3 por la ruptura con las normas aristot\u00e9licas del teatro cl\u00e1sico, la divisi\u00f3n de la comedia en tres partes en lugar de cinco y, en general, la liberalizaci\u00f3n de la pieza dram\u00e1tica. Junto a estas reformas, Lope de Vega exalt\u00f3 en sus obras los ideales de monarqu\u00eda y religi\u00f3n, enlazados con los sentimientos de amor y honor, lo que le permiti\u00f3 acercarse al pueblo como ning\u00fan otro dramaturgo. Entre sus obras destacan <i>Fuente Ovejuna, El mejor alcalde, el Rey <\/i>y <i>El perro del hortelano.<\/i><\/p>\n<p>Otra gran figura del drama espa\u00f1ol fue Calder\u00f3n de la Barca, quien en sus principios se inspir\u00f3 en la obra de Lope de Vega, pero que en su madurez, sin modificar su esencia, aport\u00f3 ciertos rasgos personales. En las obras de este autor se puede apreciar un enfoque mas inmediato a asuntos de car\u00e1cter simb\u00f3lico o ideol\u00f3gico y una construcci\u00f3n mas r\u00edgida de las piezas teatrales. Sus obras alcanzaron un virtuosismo notable en su puesta en escena y se dividieron en dos grupos principales, las comedias de enredo y los dramas, que pod\u00edan ser de car\u00e1cter hist\u00f3rico, filos\u00f3fico y religioso, entre los que destacaron <i>La vida es sue\u00f1o, El alcalde de Zalamea <\/i>y <i>El m\u00e1gico prodigioso.<\/i><\/p>\n","protected":false},"excerpt":{"rendered":"<p>Hasta el siglo XVI el teatro segu\u00eda firmemente las reglas cl\u00e1sicas, pero en este momento, alrededor de 1590, Lope de Vega rompi\u00f3 con estas normas y se convirti\u00f3 en el creador de la comedia espa\u00f1ola. Su estilo se caracteriz\u00f3 por la ruptura con las normas aristot\u00e9licas del teatro cl\u00e1sico, la divisi\u00f3n de la comedia en &hellip; <a href=\"https:\/\/blogs.ua.es\/literaturaenelbarroco\/5-espana\/poesia\/\" class=\"more-link\">Continue reading <span class=\"screen-reader-text\">Teatro<\/span> <span class=\"meta-nav\">&rarr;<\/span><\/a><\/p>\n","protected":false},"author":2338,"featured_media":0,"parent":92,"menu_order":0,"comment_status":"open","ping_status":"open","template":"","meta":{"footnotes":""},"class_list":["post-96","page","type-page","status-publish","hentry"],"_links":{"self":[{"href":"https:\/\/blogs.ua.es\/literaturaenelbarroco\/wp-json\/wp\/v2\/pages\/96","targetHints":{"allow":["GET"]}}],"collection":[{"href":"https:\/\/blogs.ua.es\/literaturaenelbarroco\/wp-json\/wp\/v2\/pages"}],"about":[{"href":"https:\/\/blogs.ua.es\/literaturaenelbarroco\/wp-json\/wp\/v2\/types\/page"}],"author":[{"embeddable":true,"href":"https:\/\/blogs.ua.es\/literaturaenelbarroco\/wp-json\/wp\/v2\/users\/2338"}],"replies":[{"embeddable":true,"href":"https:\/\/blogs.ua.es\/literaturaenelbarroco\/wp-json\/wp\/v2\/comments?post=96"}],"version-history":[{"count":5,"href":"https:\/\/blogs.ua.es\/literaturaenelbarroco\/wp-json\/wp\/v2\/pages\/96\/revisions"}],"predecessor-version":[{"id":201,"href":"https:\/\/blogs.ua.es\/literaturaenelbarroco\/wp-json\/wp\/v2\/pages\/96\/revisions\/201"}],"up":[{"embeddable":true,"href":"https:\/\/blogs.ua.es\/literaturaenelbarroco\/wp-json\/wp\/v2\/pages\/92"}],"wp:attachment":[{"href":"https:\/\/blogs.ua.es\/literaturaenelbarroco\/wp-json\/wp\/v2\/media?parent=96"}],"curies":[{"name":"wp","href":"https:\/\/api.w.org\/{rel}","templated":true}]}}