{"id":28,"date":"2011-10-18T14:21:36","date_gmt":"2011-10-18T14:21:36","guid":{"rendered":"https:\/\/blogs.ua.es\/lopedeaguirre\/?page_id=28"},"modified":"2011-12-20T15:20:03","modified_gmt":"2011-12-20T15:20:03","slug":"biografia","status":"publish","type":"page","link":"https:\/\/blogs.ua.es\/lopedeaguirre\/biografia\/","title":{"rendered":"Biograf\u00eda"},"content":{"rendered":"<div><em><strong><a href=\"https:\/\/blogs.ua.es\/lopedeaguirre\/files\/2011\/10\/1.jpg\"><img loading=\"lazy\" decoding=\"async\" class=\"alignleft size-full wp-image-29\" src=\"https:\/\/blogs.ua.es\/lopedeaguirre\/files\/2011\/10\/1.jpg\" alt=\"\" width=\"350\" height=\"442\" srcset=\"https:\/\/blogs.ua.es\/lopedeaguirre\/files\/2011\/10\/1.jpg 350w, https:\/\/blogs.ua.es\/lopedeaguirre\/files\/2011\/10\/1-237x300.jpg 237w\" sizes=\"auto, (max-width: 350px) 100vw, 350px\" \/><\/a><\/strong><\/em><\/div>\n<h1><\/h1>\n<p>&nbsp;<\/p>\n<h1><strong>Conquistador espa\u00f1ol.<\/strong><\/h1>\n<p>&nbsp;<\/p>\n<div>(O\u00f1ate, Espa\u00f1a, 1508-Barquisimeto, actual Venezuela, 1561)<\/div>\n<div>\n<p>Conquistador rebelde espa\u00f1ol (O\u00f1ate, Guip\u00fazcoa, 1511\/15 &#8211; Barquisimeto, Venezuela, 1561). Pas\u00f3 al Per\u00fa poco despu\u00e9s de su descubrimiento, hacia 1536. Particip\u00f3 en la conquista y colonizaci\u00f3n de varios lugares, pero sobre todo se vio involucrado en las luchas entre los colonizadores espa\u00f1oles; primero en las guerras civiles entre <a href=\"http:\/\/www.biografiasyvidas.com\/biografia\/p\/pizarro_francisco.htm\"><strong>Francisco Pizarro<\/strong><\/a> y <a href=\"http:\/\/www.biografiasyvidas.com\/biografia\/a\/almagro.htm\"><strong>Diego de Almagro<\/strong><\/a> (1537-54) y, m\u00e1s tarde, apoyando al virrey Blasco N\u00fa\u00f1ez de Vela en la implantaci\u00f3n de las Leyes Nuevas contra la resistencia de parte de los colonos, encabezados por <a href=\"http:\/\/www.biografiasyvidas.com\/biografia\/p\/pizarro_gonzalo.htm\"><strong>Gonzalo Pizarro<\/strong><\/a> (1544-46).<\/p>\n<p>Condenado por un juez a ser azotado p\u00fablicamente por incumplir las leyes que proteg\u00edan a los indios (1551), persigui\u00f3 a dicho juez hasta matarle; su fuga de la Justicia ces\u00f3 en 1554, al acogerse a la amnist\u00eda concedida por Pedro de Alvarado a los que se alistaran para luchar contra la rebeli\u00f3n de Hern\u00e1ndez Gir\u00f3n.<\/p>\n<p>En 1560 se embarc\u00f3 en la expedici\u00f3n de Pedro de Urs\u00faa en busca de las legendarias riquezas de Eldorado; una flota con centenares de soldados descendi\u00f3 por los r\u00edos Huallaga y Amazonas, sin encontrar rastro de riqueza alguna: el descontento consiguiente fue aprovechado por Lope de Aguirre para organizar un mot\u00edn, asesinar a Urs\u00faa y tomar el mando de la expedici\u00f3n.<\/p>\n<p>En lugar de regresar al punto de partida, como pretend\u00eda Urs\u00faa, Aguirre continu\u00f3 el descenso por el Amazonas, en medio de una sucesi\u00f3n de cr\u00edmenes. En 1561 se rebel\u00f3 contra el rey de Espa\u00f1a (a quien hizo llegar una carta) y proclam\u00f3 a uno de sus colaboradores (Fernando de Guzm\u00e1n, a quien tambi\u00e9n matar\u00eda poco despu\u00e9s) \u00abPr\u00edncipe del Per\u00fa, Tierra Firme y Chile\u00bb; no sin anacronismo, algunos historiadores han querido ver en este gesto alucinado un precedente de la independencia americana.<\/p>\n<p>Naveg\u00f3 hasta el Atl\u00e1ntico y borde\u00f3 la costa hasta Venezuela, con intenci\u00f3n de llegar a Panam\u00e1, apoderarse de la flota y fomentar una sublevaci\u00f3n contra la metr\u00f3poli. Aunque el gobernador de Venezuela y gran parte de la poblaci\u00f3n hab\u00edan huido aterrados por la llegada de Aguirre, \u00e9ste no pudo vencer la resistencia organizada por\u00a0unos cuantos viejos colonos, ya que la mayor parte de sus compa\u00f1eros hab\u00edan desertado. Vi\u00e9ndose perdido, Aguirre asesin\u00f3 a su propia hija Elvira, que le hab\u00eda acompa\u00f1ado durante todo el viaje, para que no cayera en manos de sus enemigos; y \u00e9stos le dieron muerte en el lugar, rechazando su pretensi\u00f3n de que se le hiciera juicio.<\/p>\n<\/div>\n<div>\n<p>Vi\u00e9ndose perdido, Aguirre asesin\u00f3 a su propia hija Elvira, que le hab\u00eda acompa\u00f1ado durante todo el viaje, para que no cayera en manos de sus enemigos; y \u00e9stos le dieron muerte en el lugar, rechazando su pretensi\u00f3n de que se le hiciera juicio.<\/p>\n<p><code>[kml_flashembed movie=\"http:\/\/www.youtube.com\/v\/LYS4SkKzhrc\" width=\"425\" height=\"350\" wmode=\"transparent\" \/]<\/code><\/p>\n<\/div>\n","protected":false},"excerpt":{"rendered":"<p>&nbsp; Conquistador espa\u00f1ol. &nbsp; (O\u00f1ate, Espa\u00f1a, 1508-Barquisimeto, actual Venezuela, 1561) Conquistador rebelde espa\u00f1ol (O\u00f1ate, Guip\u00fazcoa, 1511\/15 &#8211; Barquisimeto, Venezuela, 1561). Pas\u00f3 al Per\u00fa poco despu\u00e9s de su descubrimiento, hacia 1536. Particip\u00f3 en la conquista y colonizaci\u00f3n de varios lugares, pero sobre todo se vio involucrado en las luchas entre los colonizadores espa\u00f1oles; primero en las [&hellip;]<\/p>\n","protected":false},"author":2169,"featured_media":0,"parent":0,"menu_order":0,"comment_status":"open","ping_status":"open","template":"","meta":{"footnotes":""},"class_list":["post-28","page","type-page","status-publish","hentry"],"_links":{"self":[{"href":"https:\/\/blogs.ua.es\/lopedeaguirre\/wp-json\/wp\/v2\/pages\/28","targetHints":{"allow":["GET"]}}],"collection":[{"href":"https:\/\/blogs.ua.es\/lopedeaguirre\/wp-json\/wp\/v2\/pages"}],"about":[{"href":"https:\/\/blogs.ua.es\/lopedeaguirre\/wp-json\/wp\/v2\/types\/page"}],"author":[{"embeddable":true,"href":"https:\/\/blogs.ua.es\/lopedeaguirre\/wp-json\/wp\/v2\/users\/2169"}],"replies":[{"embeddable":true,"href":"https:\/\/blogs.ua.es\/lopedeaguirre\/wp-json\/wp\/v2\/comments?post=28"}],"version-history":[{"count":13,"href":"https:\/\/blogs.ua.es\/lopedeaguirre\/wp-json\/wp\/v2\/pages\/28\/revisions"}],"predecessor-version":[{"id":32,"href":"https:\/\/blogs.ua.es\/lopedeaguirre\/wp-json\/wp\/v2\/pages\/28\/revisions\/32"}],"wp:attachment":[{"href":"https:\/\/blogs.ua.es\/lopedeaguirre\/wp-json\/wp\/v2\/media?parent=28"}],"curies":[{"name":"wp","href":"https:\/\/api.w.org\/{rel}","templated":true}]}}